{"id":1219,"date":"2022-09-29T15:38:32","date_gmt":"2022-09-29T13:38:32","guid":{"rendered":"https:\/\/kendomontpellier.fr\/?page_id=1219"},"modified":"2023-08-19T18:05:01","modified_gmt":"2023-08-19T16:05:01","slug":"stage-regional-occitanie-29-et-30-octobre-2022","status":"publish","type":"page","link":"https:\/\/kendomontpellier.fr\/?page_id=1219","title":{"rendered":"Stage R\u00e9gional Occitanie &#8211; 29 et 30 Octobre 2022"},"content":{"rendered":"<p>[et_pb_section fb_built=\u00a0\u00bb1&Prime; _builder_version=\u00a0\u00bb4.18.0&Prime; _module_preset=\u00a0\u00bbdefault\u00a0\u00bb global_colors_info=\u00a0\u00bb{}\u00a0\u00bb][et_pb_row _builder_version=\u00a0\u00bb4.18.0&Prime; _module_preset=\u00a0\u00bbdefault\u00a0\u00bb global_colors_info=\u00a0\u00bb{}\u00a0\u00bb][et_pb_column type=\u00a0\u00bb4_4&Prime; _builder_version=\u00a0\u00bb4.18.0&Prime; _module_preset=\u00a0\u00bbdefault\u00a0\u00bb global_colors_info=\u00a0\u00bb{}\u00a0\u00bb][et_pb_text _builder_version=\u00a0\u00bb4.18.0&Prime; _module_preset=\u00a0\u00bbdefault\u00a0\u00bb global_colors_info=\u00a0\u00bb{}\u00a0\u00bb]<\/p>\n<h1>Stage R\u00e9gional Occitanie &#8211; 29 et 30 Octobre 2022<\/h1>\n<p>[\/et_pb_text][\/et_pb_column][\/et_pb_row][et_pb_row column_structure=\u00a0\u00bb1_2,1_2&Prime; _builder_version=\u00a0\u00bb4.18.0&Prime; _module_preset=\u00a0\u00bbdefault\u00a0\u00bb global_colors_info=\u00a0\u00bb{}\u00a0\u00bb][et_pb_column type=\u00a0\u00bb1_2&Prime; _builder_version=\u00a0\u00bb4.18.0&Prime; _module_preset=\u00a0\u00bbdefault\u00a0\u00bb global_colors_info=\u00a0\u00bb{}\u00a0\u00bb][et_pb_image src=\u00a0\u00bbhttps:\/\/kendomontpellier.fr\/wp-content\/uploads\/2022\/10\/2022_Affiche_kendo_Sensei-scaled.jpg\u00a0\u00bb alt=\u00a0\u00bbAffiche stage Kendo Octobre 2022&Prime; title_text=\u00a0\u00bb2022_Affiche_kendo_Sensei\u00a0\u00bb _builder_version=\u00a0\u00bb4.18.0&Prime; _module_preset=\u00a0\u00bbdefault\u00a0\u00bb hover_enabled=\u00a0\u00bb0&Prime; global_colors_info=\u00a0\u00bb{}\u00a0\u00bb sticky_enabled=\u00a0\u00bb0&Prime;][\/et_pb_image][\/et_pb_column][et_pb_column type=\u00a0\u00bb1_2&Prime; _builder_version=\u00a0\u00bb4.18.0&Prime; _module_preset=\u00a0\u00bbdefault\u00a0\u00bb global_colors_info=\u00a0\u00bb{}\u00a0\u00bb][et_pb_text _builder_version=\u00a0\u00bb4.18.0&Prime; _module_preset=\u00a0\u00bbdefault\u00a0\u00bb global_colors_info=\u00a0\u00bb{}\u00a0\u00bb]<\/p>\n<h2><span jsslot=\"\">Lieu<\/span><\/h2>\n<p><span jsslot=\"\">Gymnase Olympie (situ\u00e9 sous la piscine Olympique \u00e0 Antigone)<\/span><\/p>\n<p><span jsslot=\"\">Av. Jacques Cartier &#8211; 34000 Montpellier<\/span><\/p>\n<h2><span jsslot=\"\">Programme<\/span><\/h2>\n<ul>\n<li><span jsslot=\"\">Samedi 10h &#8211; 17h<\/span><span jsslot=\"\"><\/span><span jsslot=\"\"><\/span><\/li>\n<li><span jsslot=\"\">Passage de grade 17h30 &#8211; 19h<\/span><\/li>\n<li><span jsslot=\"\">Dimanche 9h30-12h et 13h-14h30<\/span><\/li>\n<\/ul>\n<h2><span jsslot=\"\">Inscription<\/span><\/h2>\n<p><span jsslot=\"\">Pour s&rsquo;inscrire, merci de remplir les formulaires suivants :<\/span><span jsslot=\"\"><\/span><\/p>\n<ul>\n<li><span jsslot=\"\">Pour l&rsquo;inscription au stage : <a href=\"https:\/\/docs.google.com\/forms\/d\/e\/1FAIpQLSeDIONK1UDJuvZfRT1AZ0pSZYNI0csvYTh6Y1CYngpViTb1Fw\/viewform\">ICI<\/a><\/span><\/li>\n<li><span jsslot=\"\">Pour les repas : <a href=\"https:\/\/docs.google.com\/forms\/d\/e\/1FAIpQLScrh0RkhFnsyv1W7gKdPOgNniWlxNXKCTQti15bfYpT3vtTmQ\/viewform?usp=pp_url\">LA<\/a><\/span><\/li>\n<\/ul>\n<p><span jsslot=\"\">Le r\u00e8glement pour les repas du midi et du soir est a effectuer en ligne <a href=\"https:\/\/www.helloasso.com\/associations\/kendo-muc\/paiements\/stage-crkdr-29-et-30-10-2022\">ICI<\/a> comme pr\u00e9cis\u00e9 dans les formulaires.<\/span><\/p>\n<p><span style=\"text-decoration: underline;\"><strong><span jsslot=\"\">Attention !<\/span><\/strong><\/span><\/p>\n<p><span style=\"color: #ff0000;\"><strong><span jsslot=\"\">Date limite d&rsquo;inscription le 20 Octobre. R\u00e8glement en ligne obligatoire. (<span style=\"text-decoration: underline;\">Pas de paiement sur place<\/span>)<\/span><\/strong><\/span><\/p>\n<p>&nbsp;<\/p>\n<p>[\/et_pb_text][\/et_pb_column][\/et_pb_row][\/et_pb_section]<\/p>\n","protected":false},"excerpt":{"rendered":"<p>Stage R\u00e9gional Occitanie &#8211; 29 et 30 Octobre 2022Lieu Gymnase Olympie (situ\u00e9 sous la piscine Olympique \u00e0 Antigone) Av. Jacques Cartier &#8211; 34000 Montpellier Programme Samedi 10h &#8211; 17h Passage de grade 17h30 &#8211; 19h Dimanche 9h30-12h et 13h-14h30 Inscription Pour s&rsquo;inscrire, merci de remplir les formulaires suivants : Pour l&rsquo;inscription au stage : ICI [&hellip;]<\/p>\n","protected":false},"author":3,"featured_media":0,"parent":878,"menu_order":0,"comment_status":"closed","ping_status":"closed","template":"","meta":{"_et_pb_use_builder":"on","_et_pb_old_content":"","_et_gb_content_width":"","footnotes":""},"class_list":["post-1219","page","type-page","status-publish","hentry"],"yoast_head":"<!-- This site is optimized with the Yoast SEO plugin v27.4 - https:\/\/yoast.com\/product\/yoast-seo-wordpress\/ -->\n<title>Stage R\u00e9gional Occitanie - 29 et 30 Octobre 2022 - Kendo Montpellier Universit\u00e9 Club<\/title>\n<meta name=\"robots\" content=\"index, follow, max-snippet:-1, max-image-preview:large, max-video-preview:-1\" \/>\n<link rel=\"canonical\" href=\"https:\/\/kendomontpellier.fr\/?page_id=1219\" \/>\n<meta property=\"og:locale\" content=\"fr_FR\" \/>\n<meta property=\"og:type\" content=\"article\" \/>\n<meta property=\"og:title\" content=\"Stage R\u00e9gional Occitanie - 29 et 30 Octobre 2022 - Kendo Montpellier Universit\u00e9 Club\" \/>\n<meta property=\"og:description\" content=\"Stage R\u00e9gional Occitanie - 29 et 30 Octobre 2022Lieu Gymnase Olympie (situ\u00e9 sous la piscine Olympique \u00e0 Antigone) Av. Jacques Cartier - 34000 Montpellier Programme Samedi 10h - 17h Passage de grade 17h30 - 19h Dimanche 9h30-12h et 13h-14h30 Inscription Pour s&#039;inscrire, merci de remplir les formulaires suivants : Pour l&#039;inscription au stage : ICI [&hellip;]\" \/>\n<meta property=\"og:url\" content=\"https:\/\/kendomontpellier.fr\/?page_id=1219\" \/>\n<meta property=\"og:site_name\" content=\"Kendo Montpellier Universit\u00e9 Club\" \/>\n<meta property=\"article:modified_time\" content=\"2023-08-19T16:05:01+00:00\" \/>\n<meta name=\"twitter:card\" content=\"summary_large_image\" \/>\n<script type=\"application\/ld+json\" class=\"yoast-schema-graph\">{\"@context\":\"https:\\\/\\\/schema.org\",\"@graph\":[{\"@type\":\"WebPage\",\"@id\":\"https:\\\/\\\/kendomontpellier.fr\\\/?page_id=1219\",\"url\":\"https:\\\/\\\/kendomontpellier.fr\\\/?page_id=1219\",\"name\":\"Stage R\u00e9gional Occitanie - 29 et 30 Octobre 2022 - Kendo Montpellier Universit\u00e9 Club\",\"isPartOf\":{\"@id\":\"https:\\\/\\\/kendomontpellier.fr\\\/#website\"},\"datePublished\":\"2022-09-29T13:38:32+00:00\",\"dateModified\":\"2023-08-19T16:05:01+00:00\",\"breadcrumb\":{\"@id\":\"https:\\\/\\\/kendomontpellier.fr\\\/?page_id=1219#breadcrumb\"},\"inLanguage\":\"fr-FR\",\"potentialAction\":[{\"@type\":\"ReadAction\",\"target\":[\"https:\\\/\\\/kendomontpellier.fr\\\/?page_id=1219\"]}]},{\"@type\":\"BreadcrumbList\",\"@id\":\"https:\\\/\\\/kendomontpellier.fr\\\/?page_id=1219#breadcrumb\",\"itemListElement\":[{\"@type\":\"ListItem\",\"position\":1,\"name\":\"Accueil\",\"item\":\"https:\\\/\\\/kendomontpellier.fr\\\/\"},{\"@type\":\"ListItem\",\"position\":2,\"name\":\"Archives : \u00e9v\u00e8nements pass\u00e9s\",\"item\":\"https:\\\/\\\/kendomontpellier.fr\\\/?page_id=878\"},{\"@type\":\"ListItem\",\"position\":3,\"name\":\"Stage R\u00e9gional Occitanie &#8211; 29 et 30 Octobre 2022\"}]},{\"@type\":\"WebSite\",\"@id\":\"https:\\\/\\\/kendomontpellier.fr\\\/#website\",\"url\":\"https:\\\/\\\/kendomontpellier.fr\\\/\",\"name\":\"Kendo Montpellier Universit\u00e9 Club\",\"description\":\"Le club de Kendo de Montpellier, membre du MUC et CNKDR\",\"potentialAction\":[{\"@type\":\"SearchAction\",\"target\":{\"@type\":\"EntryPoint\",\"urlTemplate\":\"https:\\\/\\\/kendomontpellier.fr\\\/?s={search_term_string}\"},\"query-input\":{\"@type\":\"PropertyValueSpecification\",\"valueRequired\":true,\"valueName\":\"search_term_string\"}}],\"inLanguage\":\"fr-FR\"}]}<\/script>\n<!-- \/ Yoast SEO plugin. -->","yoast_head_json":{"title":"Stage R\u00e9gional Occitanie - 29 et 30 Octobre 2022 - Kendo Montpellier Universit\u00e9 Club","robots":{"index":"index","follow":"follow","max-snippet":"max-snippet:-1","max-image-preview":"max-image-preview:large","max-video-preview":"max-video-preview:-1"},"canonical":"https:\/\/kendomontpellier.fr\/?page_id=1219","og_locale":"fr_FR","og_type":"article","og_title":"Stage R\u00e9gional Occitanie - 29 et 30 Octobre 2022 - Kendo Montpellier Universit\u00e9 Club","og_description":"Stage R\u00e9gional Occitanie - 29 et 30 Octobre 2022Lieu Gymnase Olympie (situ\u00e9 sous la piscine Olympique \u00e0 Antigone) Av. Jacques Cartier - 34000 Montpellier Programme Samedi 10h - 17h Passage de grade 17h30 - 19h Dimanche 9h30-12h et 13h-14h30 Inscription Pour s'inscrire, merci de remplir les formulaires suivants : Pour l'inscription au stage : ICI [&hellip;]","og_url":"https:\/\/kendomontpellier.fr\/?page_id=1219","og_site_name":"Kendo Montpellier Universit\u00e9 Club","article_modified_time":"2023-08-19T16:05:01+00:00","twitter_card":"summary_large_image","schema":{"@context":"https:\/\/schema.org","@graph":[{"@type":"WebPage","@id":"https:\/\/kendomontpellier.fr\/?page_id=1219","url":"https:\/\/kendomontpellier.fr\/?page_id=1219","name":"Stage R\u00e9gional Occitanie - 29 et 30 Octobre 2022 - Kendo Montpellier Universit\u00e9 Club","isPartOf":{"@id":"https:\/\/kendomontpellier.fr\/#website"},"datePublished":"2022-09-29T13:38:32+00:00","dateModified":"2023-08-19T16:05:01+00:00","breadcrumb":{"@id":"https:\/\/kendomontpellier.fr\/?page_id=1219#breadcrumb"},"inLanguage":"fr-FR","potentialAction":[{"@type":"ReadAction","target":["https:\/\/kendomontpellier.fr\/?page_id=1219"]}]},{"@type":"BreadcrumbList","@id":"https:\/\/kendomontpellier.fr\/?page_id=1219#breadcrumb","itemListElement":[{"@type":"ListItem","position":1,"name":"Accueil","item":"https:\/\/kendomontpellier.fr\/"},{"@type":"ListItem","position":2,"name":"Archives : \u00e9v\u00e8nements pass\u00e9s","item":"https:\/\/kendomontpellier.fr\/?page_id=878"},{"@type":"ListItem","position":3,"name":"Stage R\u00e9gional Occitanie &#8211; 29 et 30 Octobre 2022"}]},{"@type":"WebSite","@id":"https:\/\/kendomontpellier.fr\/#website","url":"https:\/\/kendomontpellier.fr\/","name":"Kendo Montpellier Universit\u00e9 Club","description":"Le club de Kendo de Montpellier, membre du MUC et CNKDR","potentialAction":[{"@type":"SearchAction","target":{"@type":"EntryPoint","urlTemplate":"https:\/\/kendomontpellier.fr\/?s={search_term_string}"},"query-input":{"@type":"PropertyValueSpecification","valueRequired":true,"valueName":"search_term_string"}}],"inLanguage":"fr-FR"}]}},"_links":{"self":[{"href":"https:\/\/kendomontpellier.fr\/index.php?rest_route=\/wp\/v2\/pages\/1219","targetHints":{"allow":["GET"]}}],"collection":[{"href":"https:\/\/kendomontpellier.fr\/index.php?rest_route=\/wp\/v2\/pages"}],"about":[{"href":"https:\/\/kendomontpellier.fr\/index.php?rest_route=\/wp\/v2\/types\/page"}],"author":[{"embeddable":true,"href":"https:\/\/kendomontpellier.fr\/index.php?rest_route=\/wp\/v2\/users\/3"}],"replies":[{"embeddable":true,"href":"https:\/\/kendomontpellier.fr\/index.php?rest_route=%2Fwp%2Fv2%2Fcomments&post=1219"}],"version-history":[{"count":13,"href":"https:\/\/kendomontpellier.fr\/index.php?rest_route=\/wp\/v2\/pages\/1219\/revisions"}],"predecessor-version":[{"id":1247,"href":"https:\/\/kendomontpellier.fr\/index.php?rest_route=\/wp\/v2\/pages\/1219\/revisions\/1247"}],"up":[{"embeddable":true,"href":"https:\/\/kendomontpellier.fr\/index.php?rest_route=\/wp\/v2\/pages\/878"}],"wp:attachment":[{"href":"https:\/\/kendomontpellier.fr\/index.php?rest_route=%2Fwp%2Fv2%2Fmedia&parent=1219"}],"curies":[{"name":"wp","href":"https:\/\/api.w.org\/{rel}","templated":true}]}}