{"id":1499,"date":"2024-09-22T11:48:38","date_gmt":"2024-09-22T09:48:38","guid":{"rendered":"https:\/\/kendomontpellier.fr\/?page_id=1499"},"modified":"2024-10-19T11:01:10","modified_gmt":"2024-10-19T09:01:10","slug":"stage-regional-occitanie-26-et-27-octobre-2024","status":"publish","type":"page","link":"https:\/\/kendomontpellier.fr\/?page_id=1499","title":{"rendered":"Stage r\u00e9gional Occitanie &#8211; 26 et 27 octobre 2024"},"content":{"rendered":"<p>[et_pb_section fb_built=\u00a0\u00bb1&Prime; _builder_version=\u00a0\u00bb4.18.0&Prime; _module_preset=\u00a0\u00bbdefault\u00a0\u00bb global_colors_info=\u00a0\u00bb{}\u00a0\u00bb][et_pb_row _builder_version=\u00a0\u00bb4.18.0&Prime; _module_preset=\u00a0\u00bbdefault\u00a0\u00bb global_colors_info=\u00a0\u00bb{}\u00a0\u00bb][et_pb_column type=\u00a0\u00bb4_4&Prime; _builder_version=\u00a0\u00bb4.18.0&Prime; _module_preset=\u00a0\u00bbdefault\u00a0\u00bb global_colors_info=\u00a0\u00bb{}\u00a0\u00bb][et_pb_text _builder_version=\u00a0\u00bb4.18.0&Prime; _module_preset=\u00a0\u00bbdefault\u00a0\u00bb global_colors_info=\u00a0\u00bb{}\u00a0\u00bb]<\/p>\n<h1>Stage R\u00e9gional Occitanie &#8211; 26 et 27 Octobre 2024<\/h1>\n<p>[\/et_pb_text][et_pb_text _builder_version=\u00a0\u00bb4.18.0&Prime; _module_preset=\u00a0\u00bbdefault\u00a0\u00bb global_colors_info=\u00a0\u00bb{}\u00a0\u00bb]<\/p>\n<p>Nous aurons grand plaisir \u00e0 vous recevoir \u00e0 Montpellier pour le coutumier stage r\u00e9gional Occitanie avec passage de grade de 1 \u00e0 3 dan.<\/p>\n<p>[\/et_pb_text][\/et_pb_column][\/et_pb_row][et_pb_row column_structure=\u00a0\u00bb1_2,1_2&Prime; _builder_version=\u00a0\u00bb4.18.0&Prime; _module_preset=\u00a0\u00bbdefault\u00a0\u00bb global_colors_info=\u00a0\u00bb{}\u00a0\u00bb][et_pb_column type=\u00a0\u00bb1_2&Prime; _builder_version=\u00a0\u00bb4.18.0&Prime; _module_preset=\u00a0\u00bbdefault\u00a0\u00bb global_colors_info=\u00a0\u00bb{}\u00a0\u00bb][et_pb_image src=\u00a0\u00bbhttps:\/\/kendomontpellier.fr\/wp-content\/uploads\/2024\/09\/affiche_stage.jpg\u00a0\u00bb alt=\u00a0\u00bbAffiche stage Kendo Octobre 2022&Prime; title_text=\u00a0\u00bbaffiche_stage\u00a0\u00bb _builder_version=\u00a0\u00bb4.18.0&Prime; _module_preset=\u00a0\u00bbdefault\u00a0\u00bb global_colors_info=\u00a0\u00bb{}\u00a0\u00bb][\/et_pb_image][\/et_pb_column][et_pb_column type=\u00a0\u00bb1_2&Prime; _builder_version=\u00a0\u00bb4.18.0&Prime; _module_preset=\u00a0\u00bbdefault\u00a0\u00bb global_colors_info=\u00a0\u00bb{}\u00a0\u00bb][et_pb_text _builder_version=\u00a0\u00bb4.18.0&Prime; _module_preset=\u00a0\u00bbdefault\u00a0\u00bb text_font=\u00a0\u00bb||||||||\u00a0\u00bb global_colors_info=\u00a0\u00bb{}\u00a0\u00bb]<\/p>\n<h2><span jsslot=\"\">Lieu<\/span><\/h2>\n<p><span jsslot=\"\">Gymnase Olympie (situ\u00e9 sous la piscine Olympique \u00e0 Antigone)<\/span><\/p>\n<p><span jsslot=\"\">Av. Jacques Cartier &#8211; 34000 Montpellier<\/span><\/p>\n<h2><span jsslot=\"\">Programme<\/span><\/h2>\n<ul>\n<li><span jsslot=\"\"><\/span><strong>Vendredi soir <\/strong>\n<ul>\n<li>Ji-geiko de bienvenu (19h \u00e0 20h30)<\/li>\n<\/ul>\n<\/li>\n<li><strong><span jsslot=\"\">Samedi<\/span><\/strong>\n<ul>\n<li>9h00 : Ouverture des portes<\/li>\n<li>9h00 &#8211; 10h : Acceuil des pratiquants<\/li>\n<li>10h00 &#8211; 12h00 : Kihon + ji-geiko<\/li>\n<li>12h10 &#8211; 13h50 : repas<\/li>\n<li>14h00 &#8211; 17h00 : kendo no kata + kihon + ji-geiko<\/li>\n<\/ul>\n<\/li>\n<li><strong><span jsslot=\"\">Passage de grade le samedi \u00e0 18h<\/span><\/strong><\/li>\n<li><span jsslot=\"\"><strong>Dimanche<\/strong><br \/><\/span>\n<ul>\n<li><span jsslot=\"\">10h00 &#8211; 12h00 : Kihon + ji-geiko<\/span><span jsslot=\"\"><\/span><\/li>\n<li><span jsslot=\"\">12h00 : Fin du stage<br \/><\/span><\/li>\n<\/ul>\n<\/li>\n<\/ul>\n<h2><span jsslot=\"\">Encadrement<\/span><\/h2>\n<ul>\n<li><span jsslot=\"\">LHEUREUX Pierre 7e dan kyoshi<\/span><\/li>\n<li><span jsslot=\"\">LABAYE Philippe 7e dan kyoshi<\/span><\/li>\n<li><span jsslot=\"\"><\/span>HAGOPIAN Alain 7e dan kyoshi<\/li>\n<li>BLANCHARD Aur\u00e9lia 7e dan kyoshi<\/li>\n<li><span jsslot=\"\">HEURTEVIN Jean-Nicolas 7e dan renshi<br \/><\/span><\/li>\n<li>BRUNEL de Bonneville Thibault 7e dan renshi<\/li>\n<li>SOULAS Allan 7e dan renshi<\/li>\n<li>MAURAN Robert 7e dan renshi<\/li>\n<li>PERE Sabine 7e dan renshi<\/li>\n<li><span jsslot=\"\">ROYO Michel 7e dan<\/span><\/li>\n<li><span jsslot=\"\">BLANCHARD Herv\u00e9 7e dan<\/span><\/li>\n<li><span jsslot=\"\">MOHATTA Mohamed 7e dan<\/span><\/li>\n<li><span jsslot=\"\">BRUNEL de Bonneville Lisa 7e dan<\/span><\/li>\n<\/ul>\n<h2><span jsslot=\"\">Inscription<\/span><\/h2>\n<p>Pour vous inscrire, merci de remplir le formulaire suivant :<\/p>\n<ul>\n<li><a href=\"https:\/\/docs.google.com\/forms\/d\/e\/1FAIpQLScDsfNBolZa7ACvTK7YQkDAIkD2Pm36iOF49epblMrpfZiTUg\/viewform?usp=pp_url\">Inscription au stage<\/a><\/li>\n<\/ul>\n<p>La commande des repas du midi et l&rsquo;inscription au restaurant du samedi soir se font <a href=\"https:\/\/www.helloasso.com\/associations\/kendo-muc\/boutiques\/repas-stage-regional-occitanie-2024-2025\">en ligne sur ce formulaire (r\u00e8glement en ligne)<\/a><span jsslot=\"\"><\/span><\/p>\n<p><span style=\"text-decoration: underline;\"><strong><span jsslot=\"\">Attention !<\/span><\/strong><\/span><\/p>\n<p><span style=\"color: #ff0000;\"><strong><span jsslot=\"\">Date limite d&rsquo;inscription le 24 Octobre.<br \/><\/span><\/strong><\/span><\/p>\n<h2><span jsslot=\"\">Hotel \/ H\u00e9bergement<\/span><\/h2>\n<ul>\n<li>H\u00f4tel Kyriad Montpellier-Centre Antigone 3***<br \/>890 Avenue Jean Mermoz<br \/>34000 Montpellier<br \/>Tel : +33 (0)4.67.64.88.50<br \/>@ : <a href=\"mailto:info@kyriad-montpelliercentre.com\">info@kyriad-montpelliercentre.com<\/a><\/li>\n<\/ul>\n<p>[\/et_pb_text][\/et_pb_column][\/et_pb_row][\/et_pb_section]<\/p>\n","protected":false},"excerpt":{"rendered":"<p>Stage R\u00e9gional Occitanie &#8211; 26 et 27 Octobre 2024Nous aurons grand plaisir \u00e0 vous recevoir \u00e0 Montpellier pour le coutumier stage r\u00e9gional Occitanie avec passage de grade de 1 \u00e0 3 dan.Lieu Gymnase Olympie (situ\u00e9 sous la piscine Olympique \u00e0 Antigone) Av. Jacques Cartier &#8211; 34000 Montpellier Programme Vendredi soir Ji-geiko de bienvenu (19h \u00e0 [&hellip;]<\/p>\n","protected":false},"author":3,"featured_media":0,"parent":0,"menu_order":0,"comment_status":"closed","ping_status":"closed","template":"","meta":{"_et_pb_use_builder":"on","_et_pb_old_content":"","_et_gb_content_width":"","footnotes":""},"class_list":["post-1499","page","type-page","status-publish","hentry"],"yoast_head":"<!-- This site is optimized with the Yoast SEO plugin v27.4 - https:\/\/yoast.com\/product\/yoast-seo-wordpress\/ -->\n<title>Stage r\u00e9gional Occitanie - 26 et 27 octobre 2024 - Kendo Montpellier Universit\u00e9 Club<\/title>\n<meta name=\"robots\" content=\"index, follow, max-snippet:-1, max-image-preview:large, max-video-preview:-1\" \/>\n<link rel=\"canonical\" href=\"https:\/\/kendomontpellier.fr\/?page_id=1499\" \/>\n<meta property=\"og:locale\" content=\"fr_FR\" \/>\n<meta property=\"og:type\" content=\"article\" \/>\n<meta property=\"og:title\" content=\"Stage r\u00e9gional Occitanie - 26 et 27 octobre 2024 - Kendo Montpellier Universit\u00e9 Club\" \/>\n<meta property=\"og:description\" content=\"Stage R\u00e9gional Occitanie - 26 et 27 Octobre 2024Nous aurons grand plaisir \u00e0 vous recevoir \u00e0 Montpellier pour le coutumier stage r\u00e9gional Occitanie avec passage de grade de 1 \u00e0 3 dan.Lieu Gymnase Olympie (situ\u00e9 sous la piscine Olympique \u00e0 Antigone) Av. Jacques Cartier - 34000 Montpellier Programme Vendredi soir Ji-geiko de bienvenu (19h \u00e0 [&hellip;]\" \/>\n<meta property=\"og:url\" content=\"https:\/\/kendomontpellier.fr\/?page_id=1499\" \/>\n<meta property=\"og:site_name\" content=\"Kendo Montpellier Universit\u00e9 Club\" \/>\n<meta property=\"article:modified_time\" content=\"2024-10-19T09:01:10+00:00\" \/>\n<meta name=\"twitter:card\" content=\"summary_large_image\" \/>\n<meta name=\"twitter:label1\" content=\"Dur\u00e9e de lecture estim\u00e9e\" \/>\n\t<meta name=\"twitter:data1\" content=\"2 minutes\" \/>\n<script type=\"application\/ld+json\" class=\"yoast-schema-graph\">{\"@context\":\"https:\\\/\\\/schema.org\",\"@graph\":[{\"@type\":\"WebPage\",\"@id\":\"https:\\\/\\\/kendomontpellier.fr\\\/?page_id=1499\",\"url\":\"https:\\\/\\\/kendomontpellier.fr\\\/?page_id=1499\",\"name\":\"Stage r\u00e9gional Occitanie - 26 et 27 octobre 2024 - Kendo Montpellier Universit\u00e9 Club\",\"isPartOf\":{\"@id\":\"https:\\\/\\\/kendomontpellier.fr\\\/#website\"},\"datePublished\":\"2024-09-22T09:48:38+00:00\",\"dateModified\":\"2024-10-19T09:01:10+00:00\",\"breadcrumb\":{\"@id\":\"https:\\\/\\\/kendomontpellier.fr\\\/?page_id=1499#breadcrumb\"},\"inLanguage\":\"fr-FR\",\"potentialAction\":[{\"@type\":\"ReadAction\",\"target\":[\"https:\\\/\\\/kendomontpellier.fr\\\/?page_id=1499\"]}]},{\"@type\":\"BreadcrumbList\",\"@id\":\"https:\\\/\\\/kendomontpellier.fr\\\/?page_id=1499#breadcrumb\",\"itemListElement\":[{\"@type\":\"ListItem\",\"position\":1,\"name\":\"Accueil\",\"item\":\"https:\\\/\\\/kendomontpellier.fr\\\/\"},{\"@type\":\"ListItem\",\"position\":2,\"name\":\"Stage r\u00e9gional Occitanie &#8211; 26 et 27 octobre 2024\"}]},{\"@type\":\"WebSite\",\"@id\":\"https:\\\/\\\/kendomontpellier.fr\\\/#website\",\"url\":\"https:\\\/\\\/kendomontpellier.fr\\\/\",\"name\":\"Kendo Montpellier Universit\u00e9 Club\",\"description\":\"Le club de Kendo de Montpellier, membre du MUC et CNKDR\",\"potentialAction\":[{\"@type\":\"SearchAction\",\"target\":{\"@type\":\"EntryPoint\",\"urlTemplate\":\"https:\\\/\\\/kendomontpellier.fr\\\/?s={search_term_string}\"},\"query-input\":{\"@type\":\"PropertyValueSpecification\",\"valueRequired\":true,\"valueName\":\"search_term_string\"}}],\"inLanguage\":\"fr-FR\"}]}<\/script>\n<!-- \/ Yoast SEO plugin. -->","yoast_head_json":{"title":"Stage r\u00e9gional Occitanie - 26 et 27 octobre 2024 - Kendo Montpellier Universit\u00e9 Club","robots":{"index":"index","follow":"follow","max-snippet":"max-snippet:-1","max-image-preview":"max-image-preview:large","max-video-preview":"max-video-preview:-1"},"canonical":"https:\/\/kendomontpellier.fr\/?page_id=1499","og_locale":"fr_FR","og_type":"article","og_title":"Stage r\u00e9gional Occitanie - 26 et 27 octobre 2024 - Kendo Montpellier Universit\u00e9 Club","og_description":"Stage R\u00e9gional Occitanie - 26 et 27 Octobre 2024Nous aurons grand plaisir \u00e0 vous recevoir \u00e0 Montpellier pour le coutumier stage r\u00e9gional Occitanie avec passage de grade de 1 \u00e0 3 dan.Lieu Gymnase Olympie (situ\u00e9 sous la piscine Olympique \u00e0 Antigone) Av. Jacques Cartier - 34000 Montpellier Programme Vendredi soir Ji-geiko de bienvenu (19h \u00e0 [&hellip;]","og_url":"https:\/\/kendomontpellier.fr\/?page_id=1499","og_site_name":"Kendo Montpellier Universit\u00e9 Club","article_modified_time":"2024-10-19T09:01:10+00:00","twitter_card":"summary_large_image","twitter_misc":{"Dur\u00e9e de lecture estim\u00e9e":"2 minutes"},"schema":{"@context":"https:\/\/schema.org","@graph":[{"@type":"WebPage","@id":"https:\/\/kendomontpellier.fr\/?page_id=1499","url":"https:\/\/kendomontpellier.fr\/?page_id=1499","name":"Stage r\u00e9gional Occitanie - 26 et 27 octobre 2024 - Kendo Montpellier Universit\u00e9 Club","isPartOf":{"@id":"https:\/\/kendomontpellier.fr\/#website"},"datePublished":"2024-09-22T09:48:38+00:00","dateModified":"2024-10-19T09:01:10+00:00","breadcrumb":{"@id":"https:\/\/kendomontpellier.fr\/?page_id=1499#breadcrumb"},"inLanguage":"fr-FR","potentialAction":[{"@type":"ReadAction","target":["https:\/\/kendomontpellier.fr\/?page_id=1499"]}]},{"@type":"BreadcrumbList","@id":"https:\/\/kendomontpellier.fr\/?page_id=1499#breadcrumb","itemListElement":[{"@type":"ListItem","position":1,"name":"Accueil","item":"https:\/\/kendomontpellier.fr\/"},{"@type":"ListItem","position":2,"name":"Stage r\u00e9gional Occitanie &#8211; 26 et 27 octobre 2024"}]},{"@type":"WebSite","@id":"https:\/\/kendomontpellier.fr\/#website","url":"https:\/\/kendomontpellier.fr\/","name":"Kendo Montpellier Universit\u00e9 Club","description":"Le club de Kendo de Montpellier, membre du MUC et CNKDR","potentialAction":[{"@type":"SearchAction","target":{"@type":"EntryPoint","urlTemplate":"https:\/\/kendomontpellier.fr\/?s={search_term_string}"},"query-input":{"@type":"PropertyValueSpecification","valueRequired":true,"valueName":"search_term_string"}}],"inLanguage":"fr-FR"}]}},"_links":{"self":[{"href":"https:\/\/kendomontpellier.fr\/index.php?rest_route=\/wp\/v2\/pages\/1499","targetHints":{"allow":["GET"]}}],"collection":[{"href":"https:\/\/kendomontpellier.fr\/index.php?rest_route=\/wp\/v2\/pages"}],"about":[{"href":"https:\/\/kendomontpellier.fr\/index.php?rest_route=\/wp\/v2\/types\/page"}],"author":[{"embeddable":true,"href":"https:\/\/kendomontpellier.fr\/index.php?rest_route=\/wp\/v2\/users\/3"}],"replies":[{"embeddable":true,"href":"https:\/\/kendomontpellier.fr\/index.php?rest_route=%2Fwp%2Fv2%2Fcomments&post=1499"}],"version-history":[{"count":10,"href":"https:\/\/kendomontpellier.fr\/index.php?rest_route=\/wp\/v2\/pages\/1499\/revisions"}],"predecessor-version":[{"id":1518,"href":"https:\/\/kendomontpellier.fr\/index.php?rest_route=\/wp\/v2\/pages\/1499\/revisions\/1518"}],"wp:attachment":[{"href":"https:\/\/kendomontpellier.fr\/index.php?rest_route=%2Fwp%2Fv2%2Fmedia&parent=1499"}],"curies":[{"name":"wp","href":"https:\/\/api.w.org\/{rel}","templated":true}]}}