{"id":1538,"date":"2024-11-27T14:45:15","date_gmt":"2024-11-27T13:45:15","guid":{"rendered":"https:\/\/kendomontpellier.fr\/?page_id=1538"},"modified":"2024-11-27T14:46:05","modified_gmt":"2024-11-27T13:46:05","slug":"inter-region-2025","status":"publish","type":"page","link":"https:\/\/kendomontpellier.fr\/?page_id=1538","title":{"rendered":"Inter-r\u00e9gion 2025"},"content":{"rendered":"<p>[et_pb_section fb_built=\u00a0\u00bb1&Prime; _builder_version=\u00a0\u00bb4.18.0&Prime; _module_preset=\u00a0\u00bbdefault\u00a0\u00bb global_colors_info=\u00a0\u00bb{}\u00a0\u00bb theme_builder_area=\u00a0\u00bbpost_content\u00a0\u00bb][et_pb_row _builder_version=\u00a0\u00bb4.18.0&Prime; _module_preset=\u00a0\u00bbdefault\u00a0\u00bb global_colors_info=\u00a0\u00bb{}\u00a0\u00bb theme_builder_area=\u00a0\u00bbpost_content\u00a0\u00bb][et_pb_column type=\u00a0\u00bb4_4&Prime; _builder_version=\u00a0\u00bb4.18.0&Prime; _module_preset=\u00a0\u00bbdefault\u00a0\u00bb global_colors_info=\u00a0\u00bb{}\u00a0\u00bb theme_builder_area=\u00a0\u00bbpost_content\u00a0\u00bb][et_pb_text _builder_version=\u00a0\u00bb4.18.0&Prime; _module_preset=\u00a0\u00bbdefault\u00a0\u00bb hover_enabled=\u00a0\u00bb0&Prime; global_colors_info=\u00a0\u00bb{}\u00a0\u00bb theme_builder_area=\u00a0\u00bbpost_content\u00a0\u00bb sticky_enabled=\u00a0\u00bb0&Prime;]<\/p>\n<h1>Championnats Interr\u00e9gionaux de Kendo 2025 Nouvelle Aquitaine \/ Occitanie<\/h1>\n<p>[\/et_pb_text][et_pb_text _builder_version=\u00a0\u00bb4.18.0&Prime; _module_preset=\u00a0\u00bbdefault\u00a0\u00bb hover_enabled=\u00a0\u00bb0&Prime; global_colors_info=\u00a0\u00bb{}\u00a0\u00bb theme_builder_area=\u00a0\u00bbpost_content\u00a0\u00bb sticky_enabled=\u00a0\u00bb0&Prime;]<\/p>\n<p>Les 25 et 26 janvier 2025 \u00e0 la Base de Temple sur Lot<\/p>\n<p>[\/et_pb_text][\/et_pb_column][\/et_pb_row][et_pb_row column_structure=\u00a0\u00bb1_2,1_2&Prime; _builder_version=\u00a0\u00bb4.18.0&Prime; _module_preset=\u00a0\u00bbdefault\u00a0\u00bb hover_enabled=\u00a0\u00bb0&Prime; global_colors_info=\u00a0\u00bb{}\u00a0\u00bb theme_builder_area=\u00a0\u00bbpost_content\u00a0\u00bb sticky_enabled=\u00a0\u00bb0&Prime;][et_pb_column type=\u00a0\u00bb1_2&Prime; _builder_version=\u00a0\u00bb4.18.0&Prime; _module_preset=\u00a0\u00bbdefault\u00a0\u00bb global_colors_info=\u00a0\u00bb{}\u00a0\u00bb theme_builder_area=\u00a0\u00bbpost_content\u00a0\u00bb][et_pb_image src=\u00a0\u00bbdata:image\/svg+xml;base64,PHN2ZyB3aWR0aD0iMTA4MCIgaGVpZ2h0PSI1NDAiIHZpZXdCb3g9IjAgMCAxMDgwIDU0MCIgeG1sbnM9Imh0dHA6Ly93d3cudzMub3JnLzIwMDAvc3ZnIj4KICAgIDxnIGZpbGw9Im5vbmUiIGZpbGwtcnVsZT0iZXZlbm9kZCI+CiAgICAgICAgPHBhdGggZmlsbD0iI0VCRUJFQiIgZD0iTTAgMGgxMDgwdjU0MEgweiIvPgogICAgICAgIDxwYXRoIGQ9Ik00NDUuNjQ5IDU0MGgtOTguOTk1TDE0NC42NDkgMzM3Ljk5NSAwIDQ4Mi42NDR2LTk4Ljk5NWwxMTYuMzY1LTExNi4zNjVjMTUuNjItMTUuNjIgNDAuOTQ3LTE1LjYyIDU2LjU2OCAwTDQ0NS42NSA1NDB6IiBmaWxsLW9wYWNpdHk9Ii4xIiBmaWxsPSIjMDAwIiBmaWxsLXJ1bGU9Im5vbnplcm8iLz4KICAgICAgICA8Y2lyY2xlIGZpbGwtb3BhY2l0eT0iLjA1IiBmaWxsPSIjMDAwIiBjeD0iMzMxIiBjeT0iMTQ4IiByPSI3MCIvPgogICAgICAgIDxwYXRoIGQ9Ik0xMDgwIDM3OXYxMTMuMTM3TDcyOC4xNjIgMTQwLjMgMzI4LjQ2MiA1NDBIMjE1LjMyNEw2OTkuODc4IDU1LjQ0NmMxNS42Mi0xNS42MiA0MC45NDgtMTUuNjIgNTYuNTY4IDBMMTA4MCAzNzl6IiBmaWxsLW9wYWNpdHk9Ii4yIiBmaWxsPSIjMDAwIiBmaWxsLXJ1bGU9Im5vbnplcm8iLz4KICAgIDwvZz4KPC9zdmc+Cg==\u00a0\u00bb _builder_version=\u00a0\u00bb4.18.0&Prime; _module_preset=\u00a0\u00bbdefault\u00a0\u00bb theme_builder_area=\u00a0\u00bbpost_content\u00a0\u00bb hover_enabled=\u00a0\u00bb0&Prime; sticky_enabled=\u00a0\u00bb0&Prime;][\/et_pb_image][\/et_pb_column][et_pb_column type=\u00a0\u00bb1_2&Prime; _builder_version=\u00a0\u00bb4.18.0&Prime; _module_preset=\u00a0\u00bbdefault\u00a0\u00bb global_colors_info=\u00a0\u00bb{}\u00a0\u00bb theme_builder_area=\u00a0\u00bbpost_content\u00a0\u00bb][et_pb_text _builder_version=\u00a0\u00bb4.18.0&Prime; _module_preset=\u00a0\u00bbdefault\u00a0\u00bb text_font=\u00a0\u00bb||||||||\u00a0\u00bb hover_enabled=\u00a0\u00bb0&Prime; global_colors_info=\u00a0\u00bb{}\u00a0\u00bb theme_builder_area=\u00a0\u00bbpost_content\u00a0\u00bb sticky_enabled=\u00a0\u00bb0&Prime;]<\/p>\n<h2><span jsslot=\"\">Lieu<\/span><span jsslot=\"\"><\/span><\/h2>\n<p><span jsslot=\"\"><a href=\"https:\/\/www.la-base.com\/\">La Base de Temple sur Lot<\/a><\/span><\/p>\n<p><span style=\"font-size: 18px;\" class=\"wixui-rich-text__text\"><span style=\"font-family: wfont_3fe808_4762eb23d8c249f1bc299e066f1fac22,wf_4762eb23d8c249f1bc299e066,orig_karla;\" class=\"wixui-rich-text__text\"><\/span><\/span><span style=\"font-size: 18px;\" class=\"wixui-rich-text__text\"><span style=\"font-family: wfont_3fe808_4762eb23d8c249f1bc299e066f1fac22,wf_4762eb23d8c249f1bc299e066,orig_karla;\" class=\"wixui-rich-text__text\">CENTRE OMNISPORTS<\/span><\/span><\/p>\n<p><span style=\"font-family: wfont_3fe808_4762eb23d8c249f1bc299e066f1fac22,wf_4762eb23d8c249f1bc299e066,orig_karla;\" class=\"wixui-rich-text__text\">47110 Le Temple-sur-Lot<\/span><\/p>\n<h1><span style=\"font-family: wfont_3fe808_4762eb23d8c249f1bc299e066f1fac22,wf_4762eb23d8c249f1bc299e066,orig_karla;\" class=\"wixui-rich-text__text\">Inscription<\/span><\/h1>\n<p><span style=\"font-family: wfont_3fe808_4762eb23d8c249f1bc299e066f1fac22,wf_4762eb23d8c249f1bc299e066,orig_karla;\" class=\"wixui-rich-text__text\">Date limite d&rsquo;inscription le 10 janvier<\/span><\/p>\n<ol>\n<li><span style=\"font-family: wfont_3fe808_4762eb23d8c249f1bc299e066f1fac22,wf_4762eb23d8c249f1bc299e066,orig_karla;\" class=\"wixui-rich-text__text\">Formulaire d&rsquo;inscription des comp\u00e9titeurs \u00e0 remplir par le club<\/span><\/li>\n<li><a href=\"https:\/\/www.helloasso.com\/associations\/kendo-iaido-limoges-etudiant-club\/evenements\/interregions-2025-temple-sur-lot-la-base\"><span style=\"font-family: wfont_3fe808_4762eb23d8c249f1bc299e066f1fac22,wf_4762eb23d8c249f1bc299e066,orig_karla;\" class=\"wixui-rich-text__text\">\u00a0Inscription Hello Asso pour r\u00e9servation h\u00e9bergement et\/ou restauration<\/span><\/a><\/li>\n<\/ol>\n<p>[\/et_pb_text][\/et_pb_column][\/et_pb_row][\/et_pb_section]<\/p>\n","protected":false},"excerpt":{"rendered":"<p>Championnats Interr\u00e9gionaux de Kendo 2025 Nouvelle Aquitaine \/ OccitanieLes 25 et 26 janvier 2025 \u00e0 la Base de Temple sur LotLieu La Base de Temple sur Lot CENTRE OMNISPORTS 47110 Le Temple-sur-Lot Inscription Date limite d&rsquo;inscription le 10 janvier Formulaire d&rsquo;inscription des comp\u00e9titeurs \u00e0 remplir par le club \u00a0Inscription Hello Asso pour r\u00e9servation h\u00e9bergement et\/ou [&hellip;]<\/p>\n","protected":false},"author":3,"featured_media":0,"parent":0,"menu_order":0,"comment_status":"closed","ping_status":"closed","template":"","meta":{"_et_pb_use_builder":"on","_et_pb_old_content":"","_et_gb_content_width":"","footnotes":""},"class_list":["post-1538","page","type-page","status-publish","hentry"],"yoast_head":"<!-- This site is optimized with the Yoast SEO plugin v27.4 - https:\/\/yoast.com\/product\/yoast-seo-wordpress\/ -->\n<title>Inter-r\u00e9gion 2025 - Kendo Montpellier Universit\u00e9 Club<\/title>\n<meta name=\"robots\" content=\"index, follow, max-snippet:-1, max-image-preview:large, max-video-preview:-1\" \/>\n<link rel=\"canonical\" href=\"https:\/\/kendomontpellier.fr\/?page_id=1538\" \/>\n<meta property=\"og:locale\" content=\"fr_FR\" \/>\n<meta property=\"og:type\" content=\"article\" \/>\n<meta property=\"og:title\" content=\"Inter-r\u00e9gion 2025 - Kendo Montpellier Universit\u00e9 Club\" \/>\n<meta property=\"og:description\" content=\"Championnats Interr\u00e9gionaux de Kendo 2025 Nouvelle Aquitaine \/ OccitanieLes 25 et 26 janvier 2025 \u00e0 la Base de Temple sur LotLieu La Base de Temple sur Lot CENTRE OMNISPORTS 47110 Le Temple-sur-Lot Inscription Date limite d&#039;inscription le 10 janvier Formulaire d&#039;inscription des comp\u00e9titeurs \u00e0 remplir par le club \u00a0Inscription Hello Asso pour r\u00e9servation h\u00e9bergement et\/ou [&hellip;]\" \/>\n<meta property=\"og:url\" content=\"https:\/\/kendomontpellier.fr\/?page_id=1538\" \/>\n<meta property=\"og:site_name\" content=\"Kendo Montpellier Universit\u00e9 Club\" \/>\n<meta property=\"article:modified_time\" content=\"2024-11-27T13:46:05+00:00\" \/>\n<meta name=\"twitter:card\" content=\"summary_large_image\" \/>\n<script type=\"application\/ld+json\" class=\"yoast-schema-graph\">{\"@context\":\"https:\\\/\\\/schema.org\",\"@graph\":[{\"@type\":\"WebPage\",\"@id\":\"https:\\\/\\\/kendomontpellier.fr\\\/?page_id=1538\",\"url\":\"https:\\\/\\\/kendomontpellier.fr\\\/?page_id=1538\",\"name\":\"Inter-r\u00e9gion 2025 - Kendo Montpellier Universit\u00e9 Club\",\"isPartOf\":{\"@id\":\"https:\\\/\\\/kendomontpellier.fr\\\/#website\"},\"datePublished\":\"2024-11-27T13:45:15+00:00\",\"dateModified\":\"2024-11-27T13:46:05+00:00\",\"breadcrumb\":{\"@id\":\"https:\\\/\\\/kendomontpellier.fr\\\/?page_id=1538#breadcrumb\"},\"inLanguage\":\"fr-FR\",\"potentialAction\":[{\"@type\":\"ReadAction\",\"target\":[\"https:\\\/\\\/kendomontpellier.fr\\\/?page_id=1538\"]}]},{\"@type\":\"BreadcrumbList\",\"@id\":\"https:\\\/\\\/kendomontpellier.fr\\\/?page_id=1538#breadcrumb\",\"itemListElement\":[{\"@type\":\"ListItem\",\"position\":1,\"name\":\"Accueil\",\"item\":\"https:\\\/\\\/kendomontpellier.fr\\\/\"},{\"@type\":\"ListItem\",\"position\":2,\"name\":\"Inter-r\u00e9gion 2025\"}]},{\"@type\":\"WebSite\",\"@id\":\"https:\\\/\\\/kendomontpellier.fr\\\/#website\",\"url\":\"https:\\\/\\\/kendomontpellier.fr\\\/\",\"name\":\"Kendo Montpellier Universit\u00e9 Club\",\"description\":\"Le club de Kendo de Montpellier, membre du MUC et CNKDR\",\"potentialAction\":[{\"@type\":\"SearchAction\",\"target\":{\"@type\":\"EntryPoint\",\"urlTemplate\":\"https:\\\/\\\/kendomontpellier.fr\\\/?s={search_term_string}\"},\"query-input\":{\"@type\":\"PropertyValueSpecification\",\"valueRequired\":true,\"valueName\":\"search_term_string\"}}],\"inLanguage\":\"fr-FR\"}]}<\/script>\n<!-- \/ Yoast SEO plugin. -->","yoast_head_json":{"title":"Inter-r\u00e9gion 2025 - Kendo Montpellier Universit\u00e9 Club","robots":{"index":"index","follow":"follow","max-snippet":"max-snippet:-1","max-image-preview":"max-image-preview:large","max-video-preview":"max-video-preview:-1"},"canonical":"https:\/\/kendomontpellier.fr\/?page_id=1538","og_locale":"fr_FR","og_type":"article","og_title":"Inter-r\u00e9gion 2025 - Kendo Montpellier Universit\u00e9 Club","og_description":"Championnats Interr\u00e9gionaux de Kendo 2025 Nouvelle Aquitaine \/ OccitanieLes 25 et 26 janvier 2025 \u00e0 la Base de Temple sur LotLieu La Base de Temple sur Lot CENTRE OMNISPORTS 47110 Le Temple-sur-Lot Inscription Date limite d'inscription le 10 janvier Formulaire d'inscription des comp\u00e9titeurs \u00e0 remplir par le club \u00a0Inscription Hello Asso pour r\u00e9servation h\u00e9bergement et\/ou [&hellip;]","og_url":"https:\/\/kendomontpellier.fr\/?page_id=1538","og_site_name":"Kendo Montpellier Universit\u00e9 Club","article_modified_time":"2024-11-27T13:46:05+00:00","twitter_card":"summary_large_image","schema":{"@context":"https:\/\/schema.org","@graph":[{"@type":"WebPage","@id":"https:\/\/kendomontpellier.fr\/?page_id=1538","url":"https:\/\/kendomontpellier.fr\/?page_id=1538","name":"Inter-r\u00e9gion 2025 - Kendo Montpellier Universit\u00e9 Club","isPartOf":{"@id":"https:\/\/kendomontpellier.fr\/#website"},"datePublished":"2024-11-27T13:45:15+00:00","dateModified":"2024-11-27T13:46:05+00:00","breadcrumb":{"@id":"https:\/\/kendomontpellier.fr\/?page_id=1538#breadcrumb"},"inLanguage":"fr-FR","potentialAction":[{"@type":"ReadAction","target":["https:\/\/kendomontpellier.fr\/?page_id=1538"]}]},{"@type":"BreadcrumbList","@id":"https:\/\/kendomontpellier.fr\/?page_id=1538#breadcrumb","itemListElement":[{"@type":"ListItem","position":1,"name":"Accueil","item":"https:\/\/kendomontpellier.fr\/"},{"@type":"ListItem","position":2,"name":"Inter-r\u00e9gion 2025"}]},{"@type":"WebSite","@id":"https:\/\/kendomontpellier.fr\/#website","url":"https:\/\/kendomontpellier.fr\/","name":"Kendo Montpellier Universit\u00e9 Club","description":"Le club de Kendo de Montpellier, membre du MUC et CNKDR","potentialAction":[{"@type":"SearchAction","target":{"@type":"EntryPoint","urlTemplate":"https:\/\/kendomontpellier.fr\/?s={search_term_string}"},"query-input":{"@type":"PropertyValueSpecification","valueRequired":true,"valueName":"search_term_string"}}],"inLanguage":"fr-FR"}]}},"_links":{"self":[{"href":"https:\/\/kendomontpellier.fr\/index.php?rest_route=\/wp\/v2\/pages\/1538","targetHints":{"allow":["GET"]}}],"collection":[{"href":"https:\/\/kendomontpellier.fr\/index.php?rest_route=\/wp\/v2\/pages"}],"about":[{"href":"https:\/\/kendomontpellier.fr\/index.php?rest_route=\/wp\/v2\/types\/page"}],"author":[{"embeddable":true,"href":"https:\/\/kendomontpellier.fr\/index.php?rest_route=\/wp\/v2\/users\/3"}],"replies":[{"embeddable":true,"href":"https:\/\/kendomontpellier.fr\/index.php?rest_route=%2Fwp%2Fv2%2Fcomments&post=1538"}],"version-history":[{"count":3,"href":"https:\/\/kendomontpellier.fr\/index.php?rest_route=\/wp\/v2\/pages\/1538\/revisions"}],"predecessor-version":[{"id":1543,"href":"https:\/\/kendomontpellier.fr\/index.php?rest_route=\/wp\/v2\/pages\/1538\/revisions\/1543"}],"wp:attachment":[{"href":"https:\/\/kendomontpellier.fr\/index.php?rest_route=%2Fwp%2Fv2%2Fmedia&parent=1538"}],"curies":[{"name":"wp","href":"https:\/\/api.w.org\/{rel}","templated":true}]}}