{"id":1561,"date":"2024-11-28T17:55:11","date_gmt":"2024-11-28T16:55:11","guid":{"rendered":"https:\/\/kendomontpellier.fr\/?page_id=1561"},"modified":"2024-11-28T17:55:21","modified_gmt":"2024-11-28T16:55:21","slug":"stage-nomura-kosaburo","status":"publish","type":"page","link":"https:\/\/kendomontpellier.fr\/?page_id=1561","title":{"rendered":"Stage Nomura Kosaburo"},"content":{"rendered":"<p>[et_pb_section fb_built=\u00a0\u00bb1&Prime; theme_builder_area=\u00a0\u00bbpost_content\u00a0\u00bb _builder_version=\u00a0\u00bb4.18.0&Prime; _module_preset=\u00a0\u00bbdefault\u00a0\u00bb][et_pb_row _builder_version=\u00a0\u00bb4.18.0&Prime; _module_preset=\u00a0\u00bbdefault\u00a0\u00bb theme_builder_area=\u00a0\u00bbpost_content\u00a0\u00bb][et_pb_column _builder_version=\u00a0\u00bb4.18.0&Prime; _module_preset=\u00a0\u00bbdefault\u00a0\u00bb type=\u00a0\u00bb4_4&Prime; theme_builder_area=\u00a0\u00bbpost_content\u00a0\u00bb][et_pb_text _builder_version=\u00a0\u00bb4.18.0&Prime; _module_preset=\u00a0\u00bbdefault\u00a0\u00bb theme_builder_area=\u00a0\u00bbpost_content\u00a0\u00bb hover_enabled=\u00a0\u00bb0&Prime; sticky_enabled=\u00a0\u00bb0&Prime;]<\/p>\n<h1>Stage de Kendo Nomura Kosaburo &#8211; 29 \/ 30 mars 2025<\/h1>\n<p>Nous avons le plaisir de vous inviter \u00e0 un \u00e9v\u00e9nement unique : le <strong>stage de Kendo Nomura Kosaburo<\/strong>, organis\u00e9 par le <strong>club Shudokan<\/strong> et l<strong>\u2019association Les Amis de Kosaburo.<\/strong><\/p>\n<p>Cet \u00e9v\u00e9nement se d\u00e9roulera dans un cadre magnifique, au <strong>Centre Sportif Canigo<\/strong> (Lieu-dit \u00ab La Baillie \u00bb, 66150 Arles-sur-Tech, Pyr\u00e9n\u00e9es-Orientales).<br \/>\ud83d\udc49 D\u00e9couvrir le centre : <a href=\"https:\/\/www.centresudcanigo.com\/\">Centre Sportif Canigo.<\/a><\/p>\n<p><strong>Dates et horaires :<\/strong><\/p>\n<ul>\n<li>Samedi 29 mars 2025 : 10h-12h et 14h-17h30<\/li>\n<li>Dimanche 30 mars 2025 : 9h30-12h<\/li>\n<\/ul>\n<p><strong>Encadrement :<\/strong><\/p>\n<p>Ce stage sera anim\u00e9 par :<\/p>\n<p><strong><em>Philippe Labaye Sense\u00ef,<\/em><\/strong><br \/><strong><em>Alain Hagopian Sense\u00ef,<\/em><\/strong><br \/><strong><em>Francis Saget Sense\u00ef.<\/em><\/strong><\/p>\n<p><strong>Un hommage \u00e0 Nomura Kosaburo<\/strong><\/p>\n<p>Pour la petite histoire, <strong>Nomura Kosaburo<\/strong>, samoura\u00ef de la fin du 19e si\u00e8cle, repose \u00e0 Am\u00e9lie-les-Bains, pr\u00e8s du lieu du stage.<\/p>\n<p>Ce week-end sera l\u2019occasion d\u2019honorer sa m\u00e9moire \u00e0 travers la pratique du kendo. Un document sur son parcours vous est fourni pour vous donner quelques pr\u00e9cisions sur son parcours.<\/p>\n<p>&nbsp;<\/p>\n<p><strong>Tarifs et inscriptions :<\/strong><\/p>\n<p>Participation au stage : <strong>15 \u20ac<\/strong><br \/>\ud83d\udc49 <strong>Inscrivez-vous ici<\/strong> : <a href=\"https:\/\/docs.google.com\/forms\/d\/e\/1FAIpQLSeP-xS8fm1Hvt6ORe0RNp5L9IvVSFzrihq4uZOHKraC0J5bsw\/viewform?usp=sf_link\">Formulaire d\u2019inscription.<\/a><br \/>Une fois inscrit, vous recevrez un lien HelloAsso pour r\u00e9gler votre participation.<\/p>\n<p>&nbsp;<\/p>\n<p><strong>Options d\u2019h\u00e9bergement et repas :<\/strong><\/p>\n<p>Pour votre confort, nous proposons plusieurs formules sur place :<\/p>\n<ol>\n<li><strong>Demi-pension (40 \u20ac) :<\/strong><br \/>Couchage,<br \/>Repas du samedi midi,<br \/>Petit-d\u00e9jeuner du dimanche matin.<\/li>\n<li><strong>Pension compl\u00e8te (50 \u20ac) :<\/strong><br \/>Couchage,<br \/>Repas du samedi midi,<br \/>Petit-d\u00e9jeuner du dimanche matin,<br \/>D\u00e9jeuner du dimanche midi.<\/li>\n<li><strong>Repas seuls :<\/strong> 15 \u20ac\/repas (sans h\u00e9bergement).<\/li>\n<\/ol>\n<p>Les chambres sont compos\u00e9es de 4 couchages (2 lits superpos\u00e9s) avec salle de bains et toilettes (draps et couvertures fournis, serviettes non incluses).<br \/>Si vous pr\u00e9f\u00e9rez un h\u00f4tel, nous vous conseillons de chercher \u00e0 <strong>Am\u00e9lie-les-Bains.<\/strong> Je reste \u00e0 votre disposition pour toute assistance.<\/p>\n<p>&nbsp;<\/p>\n<p><strong>Sayonara Party :<\/strong><\/p>\n<p>Le samedi soir, nous organisons une <strong>Sayonara Party<\/strong> pour 30 \u20ac (repas complet + boissons).<br \/>\u00c0 cette occasion, <strong>Raymond Boutet<\/strong>, pr\u00e9sident de l\u2019association Les Amis de Kosaburo, pr\u00e9sentera une conf\u00e9rence sur Nomura Kosaburo.<\/p>\n<p>&nbsp;<\/p>\n<p><strong>Un hommage collectif :<\/strong><\/p>\n<p>Le dimanche apr\u00e8s le d\u00e9jeuner, pour ceux qui le souhaitent, nous nous rendrons \u00e0 la tombe de Nomura Kosaburo pour lui rendre hommage.<\/p>\n<p>&nbsp;<\/p>\n<p><strong>Attention : Places limit\u00e9es !<\/strong><\/p>\n<p>Le nombre de participants est limit\u00e9 \u00e0 <strong>80 personnes<\/strong> en raison de la capacit\u00e9 du gymnase. Nous vous encourageons \u00e0 <strong>vous inscrire rapidement.<\/strong><\/p>\n<p>&nbsp;<\/p>\n<p><strong>Contact :<\/strong><\/p>\n<p>Pour toute question ou information suppl\u00e9mentaire :<\/p>\n<ul>\n<li>Email : <a href=\"mailto:rebahiabdel@gmail.com\">rebahiabdel@gmail.com<\/a><\/li>\n<li>T\u00e9l\u00e9phone : 06 20 35 83 36 (n\u2019h\u00e9sitez pas \u00e0 laisser un message).<\/li>\n<\/ul>\n<p>[\/et_pb_text][\/et_pb_column][\/et_pb_row][\/et_pb_section]<\/p>\n","protected":false},"excerpt":{"rendered":"<p>Stage de Kendo Nomura Kosaburo &#8211; 29 \/ 30 mars 2025 Nous avons le plaisir de vous inviter \u00e0 un \u00e9v\u00e9nement unique : le stage de Kendo Nomura Kosaburo, organis\u00e9 par le club Shudokan et l\u2019association Les Amis de Kosaburo. Cet \u00e9v\u00e9nement se d\u00e9roulera dans un cadre magnifique, au Centre Sportif Canigo (Lieu-dit \u00ab La [&hellip;]<\/p>\n","protected":false},"author":3,"featured_media":0,"parent":90,"menu_order":0,"comment_status":"closed","ping_status":"closed","template":"","meta":{"_et_pb_use_builder":"on","_et_pb_old_content":"","_et_gb_content_width":"","footnotes":""},"class_list":["post-1561","page","type-page","status-publish","hentry"],"yoast_head":"<!-- This site is optimized with the Yoast SEO plugin v27.4 - https:\/\/yoast.com\/product\/yoast-seo-wordpress\/ -->\n<title>Stage Nomura Kosaburo - Kendo Montpellier Universit\u00e9 Club<\/title>\n<meta name=\"robots\" content=\"index, follow, max-snippet:-1, max-image-preview:large, max-video-preview:-1\" \/>\n<link rel=\"canonical\" href=\"https:\/\/kendomontpellier.fr\/?page_id=1561\" \/>\n<meta property=\"og:locale\" content=\"fr_FR\" \/>\n<meta property=\"og:type\" content=\"article\" \/>\n<meta property=\"og:title\" content=\"Stage Nomura Kosaburo - Kendo Montpellier Universit\u00e9 Club\" \/>\n<meta property=\"og:description\" content=\"Stage de Kendo Nomura Kosaburo - 29 \/ 30 mars 2025 Nous avons le plaisir de vous inviter \u00e0 un \u00e9v\u00e9nement unique : le stage de Kendo Nomura Kosaburo, organis\u00e9 par le club Shudokan et l\u2019association Les Amis de Kosaburo. Cet \u00e9v\u00e9nement se d\u00e9roulera dans un cadre magnifique, au Centre Sportif Canigo (Lieu-dit \u00ab La [&hellip;]\" \/>\n<meta property=\"og:url\" content=\"https:\/\/kendomontpellier.fr\/?page_id=1561\" \/>\n<meta property=\"og:site_name\" content=\"Kendo Montpellier Universit\u00e9 Club\" \/>\n<meta property=\"article:modified_time\" content=\"2024-11-28T16:55:21+00:00\" \/>\n<meta name=\"twitter:card\" content=\"summary_large_image\" \/>\n<script type=\"application\/ld+json\" class=\"yoast-schema-graph\">{\"@context\":\"https:\\\/\\\/schema.org\",\"@graph\":[{\"@type\":\"WebPage\",\"@id\":\"https:\\\/\\\/kendomontpellier.fr\\\/?page_id=1561\",\"url\":\"https:\\\/\\\/kendomontpellier.fr\\\/?page_id=1561\",\"name\":\"Stage Nomura Kosaburo - Kendo Montpellier Universit\u00e9 Club\",\"isPartOf\":{\"@id\":\"https:\\\/\\\/kendomontpellier.fr\\\/#website\"},\"datePublished\":\"2024-11-28T16:55:11+00:00\",\"dateModified\":\"2024-11-28T16:55:21+00:00\",\"breadcrumb\":{\"@id\":\"https:\\\/\\\/kendomontpellier.fr\\\/?page_id=1561#breadcrumb\"},\"inLanguage\":\"fr-FR\",\"potentialAction\":[{\"@type\":\"ReadAction\",\"target\":[\"https:\\\/\\\/kendomontpellier.fr\\\/?page_id=1561\"]}]},{\"@type\":\"BreadcrumbList\",\"@id\":\"https:\\\/\\\/kendomontpellier.fr\\\/?page_id=1561#breadcrumb\",\"itemListElement\":[{\"@type\":\"ListItem\",\"position\":1,\"name\":\"Accueil\",\"item\":\"https:\\\/\\\/kendomontpellier.fr\\\/\"},{\"@type\":\"ListItem\",\"position\":2,\"name\":\"Actualit\u00e9s, \u00e9v\u00e8nements et stages\",\"item\":\"https:\\\/\\\/kendomontpellier.fr\\\/?page_id=86\"},{\"@type\":\"ListItem\",\"position\":3,\"name\":\"Stages ext\u00e9rieurs\",\"item\":\"https:\\\/\\\/kendomontpellier.fr\\\/?page_id=90\"},{\"@type\":\"ListItem\",\"position\":4,\"name\":\"Stage Nomura Kosaburo\"}]},{\"@type\":\"WebSite\",\"@id\":\"https:\\\/\\\/kendomontpellier.fr\\\/#website\",\"url\":\"https:\\\/\\\/kendomontpellier.fr\\\/\",\"name\":\"Kendo Montpellier Universit\u00e9 Club\",\"description\":\"Le club de Kendo de Montpellier, membre du MUC et CNKDR\",\"potentialAction\":[{\"@type\":\"SearchAction\",\"target\":{\"@type\":\"EntryPoint\",\"urlTemplate\":\"https:\\\/\\\/kendomontpellier.fr\\\/?s={search_term_string}\"},\"query-input\":{\"@type\":\"PropertyValueSpecification\",\"valueRequired\":true,\"valueName\":\"search_term_string\"}}],\"inLanguage\":\"fr-FR\"}]}<\/script>\n<!-- \/ Yoast SEO plugin. -->","yoast_head_json":{"title":"Stage Nomura Kosaburo - Kendo Montpellier Universit\u00e9 Club","robots":{"index":"index","follow":"follow","max-snippet":"max-snippet:-1","max-image-preview":"max-image-preview:large","max-video-preview":"max-video-preview:-1"},"canonical":"https:\/\/kendomontpellier.fr\/?page_id=1561","og_locale":"fr_FR","og_type":"article","og_title":"Stage Nomura Kosaburo - Kendo Montpellier Universit\u00e9 Club","og_description":"Stage de Kendo Nomura Kosaburo - 29 \/ 30 mars 2025 Nous avons le plaisir de vous inviter \u00e0 un \u00e9v\u00e9nement unique : le stage de Kendo Nomura Kosaburo, organis\u00e9 par le club Shudokan et l\u2019association Les Amis de Kosaburo. Cet \u00e9v\u00e9nement se d\u00e9roulera dans un cadre magnifique, au Centre Sportif Canigo (Lieu-dit \u00ab La [&hellip;]","og_url":"https:\/\/kendomontpellier.fr\/?page_id=1561","og_site_name":"Kendo Montpellier Universit\u00e9 Club","article_modified_time":"2024-11-28T16:55:21+00:00","twitter_card":"summary_large_image","schema":{"@context":"https:\/\/schema.org","@graph":[{"@type":"WebPage","@id":"https:\/\/kendomontpellier.fr\/?page_id=1561","url":"https:\/\/kendomontpellier.fr\/?page_id=1561","name":"Stage Nomura Kosaburo - Kendo Montpellier Universit\u00e9 Club","isPartOf":{"@id":"https:\/\/kendomontpellier.fr\/#website"},"datePublished":"2024-11-28T16:55:11+00:00","dateModified":"2024-11-28T16:55:21+00:00","breadcrumb":{"@id":"https:\/\/kendomontpellier.fr\/?page_id=1561#breadcrumb"},"inLanguage":"fr-FR","potentialAction":[{"@type":"ReadAction","target":["https:\/\/kendomontpellier.fr\/?page_id=1561"]}]},{"@type":"BreadcrumbList","@id":"https:\/\/kendomontpellier.fr\/?page_id=1561#breadcrumb","itemListElement":[{"@type":"ListItem","position":1,"name":"Accueil","item":"https:\/\/kendomontpellier.fr\/"},{"@type":"ListItem","position":2,"name":"Actualit\u00e9s, \u00e9v\u00e8nements et stages","item":"https:\/\/kendomontpellier.fr\/?page_id=86"},{"@type":"ListItem","position":3,"name":"Stages ext\u00e9rieurs","item":"https:\/\/kendomontpellier.fr\/?page_id=90"},{"@type":"ListItem","position":4,"name":"Stage Nomura Kosaburo"}]},{"@type":"WebSite","@id":"https:\/\/kendomontpellier.fr\/#website","url":"https:\/\/kendomontpellier.fr\/","name":"Kendo Montpellier Universit\u00e9 Club","description":"Le club de Kendo de Montpellier, membre du MUC et CNKDR","potentialAction":[{"@type":"SearchAction","target":{"@type":"EntryPoint","urlTemplate":"https:\/\/kendomontpellier.fr\/?s={search_term_string}"},"query-input":{"@type":"PropertyValueSpecification","valueRequired":true,"valueName":"search_term_string"}}],"inLanguage":"fr-FR"}]}},"_links":{"self":[{"href":"https:\/\/kendomontpellier.fr\/index.php?rest_route=\/wp\/v2\/pages\/1561","targetHints":{"allow":["GET"]}}],"collection":[{"href":"https:\/\/kendomontpellier.fr\/index.php?rest_route=\/wp\/v2\/pages"}],"about":[{"href":"https:\/\/kendomontpellier.fr\/index.php?rest_route=\/wp\/v2\/types\/page"}],"author":[{"embeddable":true,"href":"https:\/\/kendomontpellier.fr\/index.php?rest_route=\/wp\/v2\/users\/3"}],"replies":[{"embeddable":true,"href":"https:\/\/kendomontpellier.fr\/index.php?rest_route=%2Fwp%2Fv2%2Fcomments&post=1561"}],"version-history":[{"count":3,"href":"https:\/\/kendomontpellier.fr\/index.php?rest_route=\/wp\/v2\/pages\/1561\/revisions"}],"predecessor-version":[{"id":1566,"href":"https:\/\/kendomontpellier.fr\/index.php?rest_route=\/wp\/v2\/pages\/1561\/revisions\/1566"}],"up":[{"embeddable":true,"href":"https:\/\/kendomontpellier.fr\/index.php?rest_route=\/wp\/v2\/pages\/90"}],"wp:attachment":[{"href":"https:\/\/kendomontpellier.fr\/index.php?rest_route=%2Fwp%2Fv2%2Fmedia&parent=1561"}],"curies":[{"name":"wp","href":"https:\/\/api.w.org\/{rel}","templated":true}]}}