{"id":1604,"date":"2025-02-12T11:05:04","date_gmt":"2025-02-12T10:05:04","guid":{"rendered":"https:\/\/kendomontpellier.fr\/?page_id=1604"},"modified":"2025-03-08T09:12:41","modified_gmt":"2025-03-08T08:12:41","slug":"stage-kendo-thibault-de-brunel-5-et-6-avril-2025","status":"publish","type":"page","link":"https:\/\/kendomontpellier.fr\/?page_id=1604","title":{"rendered":"Stage Kendo Thibault de Brunel &#8211; 5 et 6 Avril 2025"},"content":{"rendered":"<p>[et_pb_section fb_built=\u00a0\u00bb1&Prime; _builder_version=\u00a0\u00bb4.18.0&Prime; _module_preset=\u00a0\u00bbdefault\u00a0\u00bb global_colors_info=\u00a0\u00bb{}\u00a0\u00bb][et_pb_row _builder_version=\u00a0\u00bb4.18.0&Prime; _module_preset=\u00a0\u00bbdefault\u00a0\u00bb global_colors_info=\u00a0\u00bb{}\u00a0\u00bb][et_pb_column type=\u00a0\u00bb4_4&Prime; _builder_version=\u00a0\u00bb4.18.0&Prime; _module_preset=\u00a0\u00bbdefault\u00a0\u00bb global_colors_info=\u00a0\u00bb{}\u00a0\u00bb][et_pb_text _builder_version=\u00a0\u00bb4.18.0&Prime; _module_preset=\u00a0\u00bbdefault\u00a0\u00bb global_colors_info=\u00a0\u00bb{}\u00a0\u00bb]<\/p>\n<h1>Stage Kendo Thibault de Brunel &#8211; 5 et 6 Avril 2025<\/h1>\n<p>[\/et_pb_text][\/et_pb_column][\/et_pb_row][et_pb_row column_structure=\u00a0\u00bb1_2,1_2&Prime; _builder_version=\u00a0\u00bb4.18.0&Prime; _module_preset=\u00a0\u00bbdefault\u00a0\u00bb global_colors_info=\u00a0\u00bb{}\u00a0\u00bb][et_pb_column type=\u00a0\u00bb1_2&Prime; _builder_version=\u00a0\u00bb4.18.0&Prime; _module_preset=\u00a0\u00bbdefault\u00a0\u00bb global_colors_info=\u00a0\u00bb{}\u00a0\u00bb][et_pb_image src=\u00a0\u00bbhttps:\/\/kendomontpellier.fr\/wp-content\/uploads\/2025\/03\/stage-avril.png\u00a0\u00bb alt=\u00a0\u00bbStage 11 et 12 janvier 2025&Prime; title_text=\u00a0\u00bbstage avril\u00a0\u00bb _builder_version=\u00a0\u00bb4.18.0&Prime; _module_preset=\u00a0\u00bbdefault\u00a0\u00bb hover_enabled=\u00a0\u00bb0&Prime; global_colors_info=\u00a0\u00bb{}\u00a0\u00bb sticky_enabled=\u00a0\u00bb0&Prime;][\/et_pb_image][\/et_pb_column][et_pb_column type=\u00a0\u00bb1_2&Prime; _builder_version=\u00a0\u00bb4.18.0&Prime; _module_preset=\u00a0\u00bbdefault\u00a0\u00bb global_colors_info=\u00a0\u00bb{}\u00a0\u00bb][et_pb_text _builder_version=\u00a0\u00bb4.18.0&Prime; _module_preset=\u00a0\u00bbdefault\u00a0\u00bb hover_enabled=\u00a0\u00bb0&Prime; global_colors_info=\u00a0\u00bb{}\u00a0\u00bb sticky_enabled=\u00a0\u00bb0&Prime;]<\/p>\n<h2><span jsslot=\"\">Lieu<\/span><\/h2>\n<p><span jsslot=\"\">Gymnase de la Merci<\/span><\/p>\n<p><span jsslot=\"\">3 rue Emile Zola &#8211; 34000 Montpellier<\/span><\/p>\n<h2><span jsslot=\"\">Programme<\/span><\/h2>\n<ul>\n<li>Samedi : Rdv a 10h30 devant le portail. Stage de 11h \u00e0 13h, et de 14h \u00e0 18h. Amener son pique-nique pour la pause<\/li>\n<li>Dimanche : RdV \u00e0 9h30 pour stage de 10h \u00e0 14h<\/li>\n<\/ul>\n<h2><span jsslot=\"\">Inscription<\/span><\/h2>\n<p><span jsslot=\"\">L\u2019inscription et le r\u00e8glement se font par l\u2019interm\u00e9diaire d\u2019un formulaire sur HelloAsso disponible sur le lien <a href=\"https:\/\/www.helloasso.com\/associations\/kendo-muc\/paiements\/stage-kendo-montpellier-5-et-6-avril-2025\">ICI<\/a>.<\/span><span jsslot=\"\"><\/span><span jsslot=\"\"><\/span><\/p>\n<p><span jsslot=\"\">N\u2019oubliez pas de cocher la case si vous voulez participer au repas du samedi soir. (r\u00e8glement sur place)<\/span><span jsslot=\"\"><\/span><span jsslot=\"\"><\/span><\/p>\n<ul><\/ul>\n<p><span style=\"text-decoration: underline;\"><strong><span jsslot=\"\">Attention !<\/span><\/strong><\/span><\/p>\n<p><span style=\"text-decoration: underline;\"><strong><span jsslot=\"\"><\/span><\/strong><\/span><span jsslot=\"\">La plateforme associative HelloAsso mets en place une participation financi\u00e8re facultative lors du r\u00e8glement. Vous \u00eates libre de ne pas faire de don \u00e0 l\u2019association en le pr\u00e9cisant au moment du r\u00e8glement.<\/span><\/p>\n<p>[\/et_pb_text][\/et_pb_column][\/et_pb_row][\/et_pb_section][et_pb_section fb_built=\u00a0\u00bb1&Prime; _builder_version=\u00a0\u00bb4.17.4&Prime; _module_preset=\u00a0\u00bbdefault\u00a0\u00bb background_enable_color=\u00a0\u00bboff\u00a0\u00bb custom_padding=\u00a0\u00bb35px||35px||true|\u00a0\u00bb border_color_top=\u00a0\u00bb#1f3d70&Prime; global_colors_info=\u00a0\u00bb{}\u00a0\u00bb][et_pb_row column_structure=\u00a0\u00bb1_6,1_6,1_6,1_6,1_6,1_6&Prime; use_custom_gutter=\u00a0\u00bbon\u00a0\u00bb gutter_width=\u00a0\u00bb2&Prime; _builder_version=\u00a0\u00bb4.17.4&Prime; _module_preset=\u00a0\u00bbdefault\u00a0\u00bb width=\u00a0\u00bb95%\u00a0\u00bb custom_padding=\u00a0\u00bb||0px|||\u00a0\u00bb global_colors_info=\u00a0\u00bb{}\u00a0\u00bb][et_pb_column type=\u00a0\u00bb1_6&Prime; _builder_version=\u00a0\u00bb4.17.4&Prime; _module_preset=\u00a0\u00bbdefault\u00a0\u00bb global_colors_info=\u00a0\u00bb{}\u00a0\u00bb][et_pb_image src=\u00a0\u00bbhttps:\/\/kendomontpellier.fr\/wp-content\/uploads\/2022\/06\/cnkdr-logo.webp\u00a0\u00bb title_text=\u00a0\u00bblogo-jj-judo\u00a0\u00bb align=\u00a0\u00bbcenter\u00a0\u00bb _builder_version=\u00a0\u00bb4.17.4&Prime; _module_preset=\u00a0\u00bbdefault\u00a0\u00bb max_height=\u00a0\u00bb150px\u00a0\u00bb global_colors_info=\u00a0\u00bb{}\u00a0\u00bb][\/et_pb_image][\/et_pb_column][et_pb_column type=\u00a0\u00bb1_6&Prime; _builder_version=\u00a0\u00bb4.17.4&Prime; _module_preset=\u00a0\u00bbdefault\u00a0\u00bb global_colors_info=\u00a0\u00bb{}\u00a0\u00bb][et_pb_image src=\u00a0\u00bbhttps:\/\/kendomontpellier.fr\/wp-content\/uploads\/2022\/06\/logo-CRKDR-texte.jpeg\u00a0\u00bb title_text=\u00a0\u00bblogo-jj-judo\u00a0\u00bb align=\u00a0\u00bbcenter\u00a0\u00bb _builder_version=\u00a0\u00bb4.17.4&Prime; _module_preset=\u00a0\u00bbdefault\u00a0\u00bb max_height=\u00a0\u00bb150px\u00a0\u00bb global_colors_info=\u00a0\u00bb{}\u00a0\u00bb][\/et_pb_image][\/et_pb_column][et_pb_column type=\u00a0\u00bb1_6&Prime; _builder_version=\u00a0\u00bb4.17.4&Prime; _module_preset=\u00a0\u00bbdefault\u00a0\u00bb global_colors_info=\u00a0\u00bb{}\u00a0\u00bb][et_pb_image src=\u00a0\u00bbhttps:\/\/kendomontpellier.fr\/wp-content\/uploads\/2022\/06\/logo-jj-judo.png\u00a0\u00bb title_text=\u00a0\u00bblogo-jj-judo\u00a0\u00bb align=\u00a0\u00bbcenter\u00a0\u00bb _builder_version=\u00a0\u00bb4.17.4&Prime; _module_preset=\u00a0\u00bbdefault\u00a0\u00bb max_height=\u00a0\u00bb150px\u00a0\u00bb global_colors_info=\u00a0\u00bb{}\u00a0\u00bb][\/et_pb_image][\/et_pb_column][et_pb_column type=\u00a0\u00bb1_6&Prime; _builder_version=\u00a0\u00bb4.17.4&Prime; _module_preset=\u00a0\u00bbdefault\u00a0\u00bb global_colors_info=\u00a0\u00bb{}\u00a0\u00bb][et_pb_image src=\u00a0\u00bbhttps:\/\/kendomontpellier.fr\/wp-content\/uploads\/2022\/06\/logo-france-kendo-carre\u0301.jpg\u00a0\u00bb title_text=\u00a0\u00bblogo-jj-judo\u00a0\u00bb align=\u00a0\u00bbcenter\u00a0\u00bb _builder_version=\u00a0\u00bb4.17.4&Prime; _module_preset=\u00a0\u00bbdefault\u00a0\u00bb max_height=\u00a0\u00bb150px\u00a0\u00bb global_colors_info=\u00a0\u00bb{}\u00a0\u00bb][\/et_pb_image][\/et_pb_column][et_pb_column type=\u00a0\u00bb1_6&Prime; _builder_version=\u00a0\u00bb4.17.4&Prime; _module_preset=\u00a0\u00bbdefault\u00a0\u00bb global_colors_info=\u00a0\u00bb{}\u00a0\u00bb][et_pb_image src=\u00a0\u00bbhttps:\/\/kendomontpellier.fr\/wp-content\/uploads\/2022\/06\/KendoMUC_logo.png\u00a0\u00bb title_text=\u00a0\u00bbKendoMUC_logo\u00a0\u00bb align=\u00a0\u00bbcenter\u00a0\u00bb _builder_version=\u00a0\u00bb4.17.4&Prime; _module_preset=\u00a0\u00bbdefault\u00a0\u00bb max_height=\u00a0\u00bb150px\u00a0\u00bb custom_margin=\u00a0\u00bb35px||||false|false\u00a0\u00bb global_colors_info=\u00a0\u00bb{}\u00a0\u00bb][\/et_pb_image][\/et_pb_column][et_pb_column type=\u00a0\u00bb1_6&Prime; _builder_version=\u00a0\u00bb4.17.4&Prime; _module_preset=\u00a0\u00bbdefault\u00a0\u00bb global_colors_info=\u00a0\u00bb{}\u00a0\u00bb][et_pb_image src=\u00a0\u00bbhttps:\/\/kendomontpellier.fr\/wp-content\/uploads\/2022\/06\/logo-ville-de-montpellier.png\u00a0\u00bb title_text=\u00a0\u00bblogo-jj-judo\u00a0\u00bb align=\u00a0\u00bbcenter\u00a0\u00bb _builder_version=\u00a0\u00bb4.17.4&Prime; _module_preset=\u00a0\u00bbdefault\u00a0\u00bb max_height=\u00a0\u00bb150px\u00a0\u00bb global_colors_info=\u00a0\u00bb{}\u00a0\u00bb][\/et_pb_image][\/et_pb_column][\/et_pb_row][\/et_pb_section][et_pb_section fb_built=\u00a0\u00bb1&Prime; _builder_version=\u00a0\u00bb4.17.4&Prime; _module_preset=\u00a0\u00bbdefault\u00a0\u00bb background_color=\u00a0\u00bb#1F3D70&Prime; custom_padding=\u00a0\u00bb0px||0px|||\u00a0\u00bb global_colors_info=\u00a0\u00bb{}\u00a0\u00bb][et_pb_row _builder_version=\u00a0\u00bb4.16&Prime; _module_preset=\u00a0\u00bbdefault\u00a0\u00bb custom_padding=\u00a0\u00bb15px||16px|||\u00a0\u00bb global_colors_info=\u00a0\u00bb{}\u00a0\u00bb][et_pb_column type=\u00a0\u00bb4_4&Prime; _builder_version=\u00a0\u00bb4.16&Prime; _module_preset=\u00a0\u00bbdefault\u00a0\u00bb global_colors_info=\u00a0\u00bb{}\u00a0\u00bb][et_pb_text _builder_version=\u00a0\u00bb4.17.4&Prime; _module_preset=\u00a0\u00bbdefault\u00a0\u00bb text_text_color=\u00a0\u00bbrgba(255,255,255,0.6)\u00a0\u00bb text_font_size=\u00a0\u00bb13px\u00a0\u00bb link_font=\u00a0\u00bb||||||||\u00a0\u00bb link_text_color=\u00a0\u00bbrgba(255,255,255,0.71)\u00a0\u00bb header_3_font=\u00a0\u00bbTitillium Web|600|||||||\u00a0\u00bb global_colors_info=\u00a0\u00bb{}\u00a0\u00bb link_text_color__hover=\u00a0\u00bb#FFFFFF\u00a0\u00bb link_text_color__hover_enabled=\u00a0\u00bbon|hover\u00a0\u00bb]<\/p>\n<p>\u00a9 2022 Kendo Montpellier Universit\u00e9 Club. Tous droits r\u00e9serv\u00e9s.<br \/><a href=\"https:\/\/kendomontpellier.fr\/mentions-legales\">Mentions l\u00e9gales<\/a>\u00a0| <a href=\"https:\/\/kendomontpellier.fr\/conditions-generales-dutilisation\/\" title=\"Conditions G\u00e9n\u00e9rales d'Utilisation\">CGU<\/a> | <a href=\"https:\/\/kendomontpellier.fr\/politique-de-confidentialite\">Politique de confidentialit\u00e9<\/a> | <a href=\"https:\/\/kendomontpellier.fr\/a-propos-des-cookies\">A propos des cookies<\/a> | <a href=\"https:\/\/kendomontpellier.fr\/plan-du-site\">Plan du site<\/a><\/p>\n<p>[\/et_pb_text][\/et_pb_column][\/et_pb_row][\/et_pb_section]<\/p>\n","protected":false},"excerpt":{"rendered":"<p>Stage Kendo Thibault de Brunel &#8211; 5 et 6 Avril 2025Lieu Gymnase de la Merci 3 rue Emile Zola &#8211; 34000 Montpellier Programme Samedi : Rdv a 10h30 devant le portail. Stage de 11h \u00e0 13h, et de 14h \u00e0 18h. Amener son pique-nique pour la pause Dimanche : RdV \u00e0 9h30 pour stage de [&hellip;]<\/p>\n","protected":false},"author":3,"featured_media":0,"parent":0,"menu_order":0,"comment_status":"closed","ping_status":"closed","template":"","meta":{"_et_pb_use_builder":"on","_et_pb_old_content":"","_et_gb_content_width":"","footnotes":""},"class_list":["post-1604","page","type-page","status-publish","hentry"],"yoast_head":"<!-- This site is optimized with the Yoast SEO plugin v27.5 - https:\/\/yoast.com\/product\/yoast-seo-wordpress\/ -->\n<title>Stage Kendo Thibault de Brunel - 5 et 6 Avril 2025 - Kendo Montpellier Universit\u00e9 Club<\/title>\n<meta name=\"robots\" content=\"index, follow, max-snippet:-1, max-image-preview:large, max-video-preview:-1\" \/>\n<link rel=\"canonical\" href=\"https:\/\/kendomontpellier.fr\/?page_id=1604\" \/>\n<meta property=\"og:locale\" content=\"fr_FR\" \/>\n<meta property=\"og:type\" content=\"article\" \/>\n<meta property=\"og:title\" content=\"Stage Kendo Thibault de Brunel - 5 et 6 Avril 2025 - Kendo Montpellier Universit\u00e9 Club\" \/>\n<meta property=\"og:description\" content=\"Stage Kendo Thibault de Brunel - 5 et 6 Avril 2025Lieu Gymnase de la Merci 3 rue Emile Zola - 34000 Montpellier Programme Samedi : Rdv a 10h30 devant le portail. Stage de 11h \u00e0 13h, et de 14h \u00e0 18h. Amener son pique-nique pour la pause Dimanche : RdV \u00e0 9h30 pour stage de [&hellip;]\" \/>\n<meta property=\"og:url\" content=\"https:\/\/kendomontpellier.fr\/?page_id=1604\" \/>\n<meta property=\"og:site_name\" content=\"Kendo Montpellier Universit\u00e9 Club\" \/>\n<meta property=\"article:modified_time\" content=\"2025-03-08T08:12:41+00:00\" \/>\n<meta name=\"twitter:card\" content=\"summary_large_image\" \/>\n<script type=\"application\/ld+json\" class=\"yoast-schema-graph\">{\"@context\":\"https:\\\/\\\/schema.org\",\"@graph\":[{\"@type\":\"WebPage\",\"@id\":\"https:\\\/\\\/kendomontpellier.fr\\\/?page_id=1604\",\"url\":\"https:\\\/\\\/kendomontpellier.fr\\\/?page_id=1604\",\"name\":\"Stage Kendo Thibault de Brunel - 5 et 6 Avril 2025 - Kendo Montpellier Universit\u00e9 Club\",\"isPartOf\":{\"@id\":\"https:\\\/\\\/kendomontpellier.fr\\\/#website\"},\"datePublished\":\"2025-02-12T10:05:04+00:00\",\"dateModified\":\"2025-03-08T08:12:41+00:00\",\"breadcrumb\":{\"@id\":\"https:\\\/\\\/kendomontpellier.fr\\\/?page_id=1604#breadcrumb\"},\"inLanguage\":\"fr-FR\",\"potentialAction\":[{\"@type\":\"ReadAction\",\"target\":[\"https:\\\/\\\/kendomontpellier.fr\\\/?page_id=1604\"]}]},{\"@type\":\"BreadcrumbList\",\"@id\":\"https:\\\/\\\/kendomontpellier.fr\\\/?page_id=1604#breadcrumb\",\"itemListElement\":[{\"@type\":\"ListItem\",\"position\":1,\"name\":\"Accueil\",\"item\":\"https:\\\/\\\/kendomontpellier.fr\\\/\"},{\"@type\":\"ListItem\",\"position\":2,\"name\":\"Stage Kendo Thibault de Brunel &#8211; 5 et 6 Avril 2025\"}]},{\"@type\":\"WebSite\",\"@id\":\"https:\\\/\\\/kendomontpellier.fr\\\/#website\",\"url\":\"https:\\\/\\\/kendomontpellier.fr\\\/\",\"name\":\"Kendo Montpellier Universit\u00e9 Club\",\"description\":\"Le club de Kendo de Montpellier, membre du MUC et CNKDR\",\"potentialAction\":[{\"@type\":\"SearchAction\",\"target\":{\"@type\":\"EntryPoint\",\"urlTemplate\":\"https:\\\/\\\/kendomontpellier.fr\\\/?s={search_term_string}\"},\"query-input\":{\"@type\":\"PropertyValueSpecification\",\"valueRequired\":true,\"valueName\":\"search_term_string\"}}],\"inLanguage\":\"fr-FR\"}]}<\/script>\n<!-- \/ Yoast SEO plugin. -->","yoast_head_json":{"title":"Stage Kendo Thibault de Brunel - 5 et 6 Avril 2025 - Kendo Montpellier Universit\u00e9 Club","robots":{"index":"index","follow":"follow","max-snippet":"max-snippet:-1","max-image-preview":"max-image-preview:large","max-video-preview":"max-video-preview:-1"},"canonical":"https:\/\/kendomontpellier.fr\/?page_id=1604","og_locale":"fr_FR","og_type":"article","og_title":"Stage Kendo Thibault de Brunel - 5 et 6 Avril 2025 - Kendo Montpellier Universit\u00e9 Club","og_description":"Stage Kendo Thibault de Brunel - 5 et 6 Avril 2025Lieu Gymnase de la Merci 3 rue Emile Zola - 34000 Montpellier Programme Samedi : Rdv a 10h30 devant le portail. Stage de 11h \u00e0 13h, et de 14h \u00e0 18h. Amener son pique-nique pour la pause Dimanche : RdV \u00e0 9h30 pour stage de [&hellip;]","og_url":"https:\/\/kendomontpellier.fr\/?page_id=1604","og_site_name":"Kendo Montpellier Universit\u00e9 Club","article_modified_time":"2025-03-08T08:12:41+00:00","twitter_card":"summary_large_image","schema":{"@context":"https:\/\/schema.org","@graph":[{"@type":"WebPage","@id":"https:\/\/kendomontpellier.fr\/?page_id=1604","url":"https:\/\/kendomontpellier.fr\/?page_id=1604","name":"Stage Kendo Thibault de Brunel - 5 et 6 Avril 2025 - Kendo Montpellier Universit\u00e9 Club","isPartOf":{"@id":"https:\/\/kendomontpellier.fr\/#website"},"datePublished":"2025-02-12T10:05:04+00:00","dateModified":"2025-03-08T08:12:41+00:00","breadcrumb":{"@id":"https:\/\/kendomontpellier.fr\/?page_id=1604#breadcrumb"},"inLanguage":"fr-FR","potentialAction":[{"@type":"ReadAction","target":["https:\/\/kendomontpellier.fr\/?page_id=1604"]}]},{"@type":"BreadcrumbList","@id":"https:\/\/kendomontpellier.fr\/?page_id=1604#breadcrumb","itemListElement":[{"@type":"ListItem","position":1,"name":"Accueil","item":"https:\/\/kendomontpellier.fr\/"},{"@type":"ListItem","position":2,"name":"Stage Kendo Thibault de Brunel &#8211; 5 et 6 Avril 2025"}]},{"@type":"WebSite","@id":"https:\/\/kendomontpellier.fr\/#website","url":"https:\/\/kendomontpellier.fr\/","name":"Kendo Montpellier Universit\u00e9 Club","description":"Le club de Kendo de Montpellier, membre du MUC et CNKDR","potentialAction":[{"@type":"SearchAction","target":{"@type":"EntryPoint","urlTemplate":"https:\/\/kendomontpellier.fr\/?s={search_term_string}"},"query-input":{"@type":"PropertyValueSpecification","valueRequired":true,"valueName":"search_term_string"}}],"inLanguage":"fr-FR"}]}},"_links":{"self":[{"href":"https:\/\/kendomontpellier.fr\/index.php?rest_route=\/wp\/v2\/pages\/1604","targetHints":{"allow":["GET"]}}],"collection":[{"href":"https:\/\/kendomontpellier.fr\/index.php?rest_route=\/wp\/v2\/pages"}],"about":[{"href":"https:\/\/kendomontpellier.fr\/index.php?rest_route=\/wp\/v2\/types\/page"}],"author":[{"embeddable":true,"href":"https:\/\/kendomontpellier.fr\/index.php?rest_route=\/wp\/v2\/users\/3"}],"replies":[{"embeddable":true,"href":"https:\/\/kendomontpellier.fr\/index.php?rest_route=%2Fwp%2Fv2%2Fcomments&post=1604"}],"version-history":[{"count":5,"href":"https:\/\/kendomontpellier.fr\/index.php?rest_route=\/wp\/v2\/pages\/1604\/revisions"}],"predecessor-version":[{"id":1617,"href":"https:\/\/kendomontpellier.fr\/index.php?rest_route=\/wp\/v2\/pages\/1604\/revisions\/1617"}],"wp:attachment":[{"href":"https:\/\/kendomontpellier.fr\/index.php?rest_route=%2Fwp%2Fv2%2Fmedia&parent=1604"}],"curies":[{"name":"wp","href":"https:\/\/api.w.org\/{rel}","templated":true}]}}