{"id":1704,"date":"2025-12-11T21:33:38","date_gmt":"2025-12-11T20:33:38","guid":{"rendered":"https:\/\/kendomontpellier.fr\/?page_id=1704"},"modified":"2026-01-08T09:58:51","modified_gmt":"2026-01-08T08:58:51","slug":"1704-2","status":"publish","type":"page","link":"https:\/\/kendomontpellier.fr\/?page_id=1704","title":{"rendered":"Stage Kendo Allan Soulas &#8211; 10 janvier 2026"},"content":{"rendered":"<p>[et_pb_section fb_built=\u00a0\u00bb1&Prime; _builder_version=\u00a0\u00bb4.18.0&Prime; _module_preset=\u00a0\u00bbdefault\u00a0\u00bb global_colors_info=\u00a0\u00bb{}\u00a0\u00bb][et_pb_row _builder_version=\u00a0\u00bb4.18.0&Prime; _module_preset=\u00a0\u00bbdefault\u00a0\u00bb global_colors_info=\u00a0\u00bb{}\u00a0\u00bb][et_pb_column type=\u00a0\u00bb4_4&Prime; _builder_version=\u00a0\u00bb4.18.0&Prime; _module_preset=\u00a0\u00bbdefault\u00a0\u00bb global_colors_info=\u00a0\u00bb{}\u00a0\u00bb][et_pb_text _builder_version=\u00a0\u00bb4.18.0&Prime; _module_preset=\u00a0\u00bbdefault\u00a0\u00bb global_colors_info=\u00a0\u00bb{}\u00a0\u00bb]<\/p>\n<h1>Stage Kendo Allan Soulas &#8211; 10 Janvier 2026<\/h1>\n<p>[\/et_pb_text][\/et_pb_column][\/et_pb_row][et_pb_row column_structure=\u00a0\u00bb1_2,1_2&Prime; _builder_version=\u00a0\u00bb4.18.0&Prime; _module_preset=\u00a0\u00bbdefault\u00a0\u00bb global_colors_info=\u00a0\u00bb{}\u00a0\u00bb][et_pb_column type=\u00a0\u00bb1_2&Prime; _builder_version=\u00a0\u00bb4.18.0&Prime; _module_preset=\u00a0\u00bbdefault\u00a0\u00bb global_colors_info=\u00a0\u00bb{}\u00a0\u00bb][et_pb_image src=\u00a0\u00bbhttps:\/\/kendomontpellier.fr\/wp-content\/uploads\/2025\/12\/stage_janvier_26.png\u00a0\u00bb alt=\u00a0\u00bbStage 11 et 12 janvier 2025&Prime; title_text=\u00a0\u00bbstage_janvier_26&Prime; _builder_version=\u00a0\u00bb4.18.0&Prime; _module_preset=\u00a0\u00bbdefault\u00a0\u00bb global_colors_info=\u00a0\u00bb{}\u00a0\u00bb][\/et_pb_image][\/et_pb_column][et_pb_column type=\u00a0\u00bb1_2&Prime; _builder_version=\u00a0\u00bb4.18.0&Prime; _module_preset=\u00a0\u00bbdefault\u00a0\u00bb global_colors_info=\u00a0\u00bb{}\u00a0\u00bb][et_pb_text _builder_version=\u00a0\u00bb4.18.0&Prime; _module_preset=\u00a0\u00bbdefault\u00a0\u00bb hover_enabled=\u00a0\u00bb0&Prime; global_colors_info=\u00a0\u00bb{}\u00a0\u00bb sticky_enabled=\u00a0\u00bb0&Prime;]<\/p>\n<h2><span jsslot=\"\">Lieu (attention, changement !)<\/span><\/h2>\n<p><span jsslot=\"\">Gymnase Georges Fr\u00eache<\/span><\/p>\n<p><span jsslot=\"\">245 rue Le Titien &#8211; 34000 Montpellier<\/span><span jsslot=\"\"><\/span><\/p>\n<h2><span jsslot=\"\">Programme<\/span><\/h2>\n<p><span jsslot=\"\">Sur la journ\u00e9e de samedi, 10h &#8211; 13h et 14h-18h (Ouverture des portes \u00e0 9h)<\/span><span jsslot=\"\"><\/span><span jsslot=\"\"><\/span><span jsslot=\"\"><\/span><\/p>\n<p><span jsslot=\"\">Repas du midi tir\u00e9 du sac.<\/span><\/p>\n<h2><span jsslot=\"\">Inscription<\/span><\/h2>\n<p><span jsslot=\"\">L&rsquo;inscription et le r\u00e8glement se feront par l&rsquo;interm\u00e9diaire d&rsquo;un <a href=\"https:\/\/www.helloasso.com\/associations\/kendo-muc\/evenements\/stage-kendo-allan-soulas-10-janvier-2026\">formulaire sur HelloAsso<\/a><br \/><\/span><\/p>\n<p><span jsslot=\"\">N&rsquo;oubliez pas de cocher la case si vous voulez participer au repas du samedi soir (Paiement sur place)<\/span><\/p>\n<p><span jsslot=\"\">Restaurant : Les 3 Brasseurs \u00e0 Odysseum (1 Place de France, 34000 Montpellier)<\/span><span jsslot=\"\"><\/span><\/p>\n<ul><\/ul>\n<p><span style=\"text-decoration: underline;\"><strong><span jsslot=\"\">Attention !<\/span><\/strong><\/span><\/p>\n<p><span style=\"text-decoration: underline;\"><strong><span jsslot=\"\"><\/span><\/strong><\/span><span jsslot=\"\">La plateforme associative HelloAsso mets en place une participation financi\u00e8re facultative lors du r\u00e8glement. Vous \u00eates libre de ne pas faire de don \u00e0 l&rsquo;association en le pr\u00e9cisant au moment du r\u00e8glement.<\/span><\/p>\n<p><span jsslot=\"\"><\/span><span jsslot=\"\"><\/span><\/p>\n<p>[\/et_pb_text][\/et_pb_column][\/et_pb_row][et_pb_row _builder_version=\u00a0\u00bb4.18.0&Prime; _module_preset=\u00a0\u00bbdefault\u00a0\u00bb column_structure=\u00a0\u00bb2_3,1_3&Prime; hover_enabled=\u00a0\u00bb0&Prime; sticky_enabled=\u00a0\u00bb0&Prime;][et_pb_column _builder_version=\u00a0\u00bb4.18.0&Prime; _module_preset=\u00a0\u00bbdefault\u00a0\u00bb type=\u00a0\u00bb2_3&Prime;][et_pb_image src=\u00a0\u00bbhttps:\/\/kendomontpellier.fr\/wp-content\/uploads\/2026\/01\/acces_kendo.jpg\u00a0\u00bb _builder_version=\u00a0\u00bb4.18.0&Prime; _module_preset=\u00a0\u00bbdefault\u00a0\u00bb title_text=\u00a0\u00bbacces_kendo\u00a0\u00bb hover_enabled=\u00a0\u00bb0&Prime; sticky_enabled=\u00a0\u00bb0&Prime;][\/et_pb_image][\/et_pb_column][et_pb_column _builder_version=\u00a0\u00bb4.18.0&Prime; _module_preset=\u00a0\u00bbdefault\u00a0\u00bb type=\u00a0\u00bb1_3&Prime;][et_pb_text _builder_version=\u00a0\u00bb4.18.0&Prime; _module_preset=\u00a0\u00bbdefault\u00a0\u00bb hover_enabled=\u00a0\u00bb0&Prime; sticky_enabled=\u00a0\u00bb0&Prime;]<\/p>\n<p>Acc\u00e8s du gymnase par la rue Le Titien.<\/p>\n<p>Parking en face du gymnase (croix verte sur le plan) aux tarifs indiqu\u00e9s sur le plan.<\/p>\n<p>[\/et_pb_text][\/et_pb_column][\/et_pb_row][\/et_pb_section]<\/p>\n","protected":false},"excerpt":{"rendered":"<p>Stage Kendo Allan Soulas &#8211; 10 Janvier 2026Lieu (attention, changement !) Gymnase Georges Fr\u00eache 245 rue Le Titien &#8211; 34000 Montpellier Programme Sur la journ\u00e9e de samedi, 10h &#8211; 13h et 14h-18h (Ouverture des portes \u00e0 9h) Repas du midi tir\u00e9 du sac. Inscription L&rsquo;inscription et le r\u00e8glement se feront par l&rsquo;interm\u00e9diaire d&rsquo;un formulaire sur [&hellip;]<\/p>\n","protected":false},"author":3,"featured_media":0,"parent":0,"menu_order":0,"comment_status":"closed","ping_status":"closed","template":"","meta":{"_et_pb_use_builder":"on","_et_pb_old_content":"","_et_gb_content_width":"","footnotes":""},"class_list":["post-1704","page","type-page","status-publish","hentry"],"yoast_head":"<!-- This site is optimized with the Yoast SEO plugin v27.4 - https:\/\/yoast.com\/product\/yoast-seo-wordpress\/ -->\n<title>Stage Kendo Allan Soulas - 10 janvier 2026 - Kendo Montpellier Universit\u00e9 Club<\/title>\n<meta name=\"robots\" content=\"index, follow, max-snippet:-1, max-image-preview:large, max-video-preview:-1\" \/>\n<link rel=\"canonical\" href=\"https:\/\/kendomontpellier.fr\/?page_id=1704\" \/>\n<meta property=\"og:locale\" content=\"fr_FR\" \/>\n<meta property=\"og:type\" content=\"article\" \/>\n<meta property=\"og:title\" content=\"Stage Kendo Allan Soulas - 10 janvier 2026 - Kendo Montpellier Universit\u00e9 Club\" \/>\n<meta property=\"og:description\" content=\"Stage Kendo Allan Soulas - 10 Janvier 2026Lieu (attention, changement !) Gymnase Georges Fr\u00eache 245 rue Le Titien - 34000 Montpellier Programme Sur la journ\u00e9e de samedi, 10h - 13h et 14h-18h (Ouverture des portes \u00e0 9h) Repas du midi tir\u00e9 du sac. Inscription L&#039;inscription et le r\u00e8glement se feront par l&#039;interm\u00e9diaire d&#039;un formulaire sur [&hellip;]\" \/>\n<meta property=\"og:url\" content=\"https:\/\/kendomontpellier.fr\/?page_id=1704\" \/>\n<meta property=\"og:site_name\" content=\"Kendo Montpellier Universit\u00e9 Club\" \/>\n<meta property=\"article:modified_time\" content=\"2026-01-08T08:58:51+00:00\" \/>\n<meta name=\"twitter:card\" content=\"summary_large_image\" \/>\n<meta name=\"twitter:label1\" content=\"Dur\u00e9e de lecture estim\u00e9e\" \/>\n\t<meta name=\"twitter:data1\" content=\"1 minute\" \/>\n<script type=\"application\/ld+json\" class=\"yoast-schema-graph\">{\"@context\":\"https:\\\/\\\/schema.org\",\"@graph\":[{\"@type\":\"WebPage\",\"@id\":\"https:\\\/\\\/kendomontpellier.fr\\\/?page_id=1704\",\"url\":\"https:\\\/\\\/kendomontpellier.fr\\\/?page_id=1704\",\"name\":\"Stage Kendo Allan Soulas - 10 janvier 2026 - Kendo Montpellier Universit\u00e9 Club\",\"isPartOf\":{\"@id\":\"https:\\\/\\\/kendomontpellier.fr\\\/#website\"},\"datePublished\":\"2025-12-11T20:33:38+00:00\",\"dateModified\":\"2026-01-08T08:58:51+00:00\",\"breadcrumb\":{\"@id\":\"https:\\\/\\\/kendomontpellier.fr\\\/?page_id=1704#breadcrumb\"},\"inLanguage\":\"fr-FR\",\"potentialAction\":[{\"@type\":\"ReadAction\",\"target\":[\"https:\\\/\\\/kendomontpellier.fr\\\/?page_id=1704\"]}]},{\"@type\":\"BreadcrumbList\",\"@id\":\"https:\\\/\\\/kendomontpellier.fr\\\/?page_id=1704#breadcrumb\",\"itemListElement\":[{\"@type\":\"ListItem\",\"position\":1,\"name\":\"Accueil\",\"item\":\"https:\\\/\\\/kendomontpellier.fr\\\/\"},{\"@type\":\"ListItem\",\"position\":2,\"name\":\"Stage Kendo Allan Soulas &#8211; 10 janvier 2026\"}]},{\"@type\":\"WebSite\",\"@id\":\"https:\\\/\\\/kendomontpellier.fr\\\/#website\",\"url\":\"https:\\\/\\\/kendomontpellier.fr\\\/\",\"name\":\"Kendo Montpellier Universit\u00e9 Club\",\"description\":\"Le club de Kendo de Montpellier, membre du MUC et CNKDR\",\"potentialAction\":[{\"@type\":\"SearchAction\",\"target\":{\"@type\":\"EntryPoint\",\"urlTemplate\":\"https:\\\/\\\/kendomontpellier.fr\\\/?s={search_term_string}\"},\"query-input\":{\"@type\":\"PropertyValueSpecification\",\"valueRequired\":true,\"valueName\":\"search_term_string\"}}],\"inLanguage\":\"fr-FR\"}]}<\/script>\n<!-- \/ Yoast SEO plugin. -->","yoast_head_json":{"title":"Stage Kendo Allan Soulas - 10 janvier 2026 - Kendo Montpellier Universit\u00e9 Club","robots":{"index":"index","follow":"follow","max-snippet":"max-snippet:-1","max-image-preview":"max-image-preview:large","max-video-preview":"max-video-preview:-1"},"canonical":"https:\/\/kendomontpellier.fr\/?page_id=1704","og_locale":"fr_FR","og_type":"article","og_title":"Stage Kendo Allan Soulas - 10 janvier 2026 - Kendo Montpellier Universit\u00e9 Club","og_description":"Stage Kendo Allan Soulas - 10 Janvier 2026Lieu (attention, changement !) Gymnase Georges Fr\u00eache 245 rue Le Titien - 34000 Montpellier Programme Sur la journ\u00e9e de samedi, 10h - 13h et 14h-18h (Ouverture des portes \u00e0 9h) Repas du midi tir\u00e9 du sac. Inscription L'inscription et le r\u00e8glement se feront par l'interm\u00e9diaire d'un formulaire sur [&hellip;]","og_url":"https:\/\/kendomontpellier.fr\/?page_id=1704","og_site_name":"Kendo Montpellier Universit\u00e9 Club","article_modified_time":"2026-01-08T08:58:51+00:00","twitter_card":"summary_large_image","twitter_misc":{"Dur\u00e9e de lecture estim\u00e9e":"1 minute"},"schema":{"@context":"https:\/\/schema.org","@graph":[{"@type":"WebPage","@id":"https:\/\/kendomontpellier.fr\/?page_id=1704","url":"https:\/\/kendomontpellier.fr\/?page_id=1704","name":"Stage Kendo Allan Soulas - 10 janvier 2026 - Kendo Montpellier Universit\u00e9 Club","isPartOf":{"@id":"https:\/\/kendomontpellier.fr\/#website"},"datePublished":"2025-12-11T20:33:38+00:00","dateModified":"2026-01-08T08:58:51+00:00","breadcrumb":{"@id":"https:\/\/kendomontpellier.fr\/?page_id=1704#breadcrumb"},"inLanguage":"fr-FR","potentialAction":[{"@type":"ReadAction","target":["https:\/\/kendomontpellier.fr\/?page_id=1704"]}]},{"@type":"BreadcrumbList","@id":"https:\/\/kendomontpellier.fr\/?page_id=1704#breadcrumb","itemListElement":[{"@type":"ListItem","position":1,"name":"Accueil","item":"https:\/\/kendomontpellier.fr\/"},{"@type":"ListItem","position":2,"name":"Stage Kendo Allan Soulas &#8211; 10 janvier 2026"}]},{"@type":"WebSite","@id":"https:\/\/kendomontpellier.fr\/#website","url":"https:\/\/kendomontpellier.fr\/","name":"Kendo Montpellier Universit\u00e9 Club","description":"Le club de Kendo de Montpellier, membre du MUC et CNKDR","potentialAction":[{"@type":"SearchAction","target":{"@type":"EntryPoint","urlTemplate":"https:\/\/kendomontpellier.fr\/?s={search_term_string}"},"query-input":{"@type":"PropertyValueSpecification","valueRequired":true,"valueName":"search_term_string"}}],"inLanguage":"fr-FR"}]}},"_links":{"self":[{"href":"https:\/\/kendomontpellier.fr\/index.php?rest_route=\/wp\/v2\/pages\/1704","targetHints":{"allow":["GET"]}}],"collection":[{"href":"https:\/\/kendomontpellier.fr\/index.php?rest_route=\/wp\/v2\/pages"}],"about":[{"href":"https:\/\/kendomontpellier.fr\/index.php?rest_route=\/wp\/v2\/types\/page"}],"author":[{"embeddable":true,"href":"https:\/\/kendomontpellier.fr\/index.php?rest_route=\/wp\/v2\/users\/3"}],"replies":[{"embeddable":true,"href":"https:\/\/kendomontpellier.fr\/index.php?rest_route=%2Fwp%2Fv2%2Fcomments&post=1704"}],"version-history":[{"count":10,"href":"https:\/\/kendomontpellier.fr\/index.php?rest_route=\/wp\/v2\/pages\/1704\/revisions"}],"predecessor-version":[{"id":1727,"href":"https:\/\/kendomontpellier.fr\/index.php?rest_route=\/wp\/v2\/pages\/1704\/revisions\/1727"}],"wp:attachment":[{"href":"https:\/\/kendomontpellier.fr\/index.php?rest_route=%2Fwp%2Fv2%2Fmedia&parent=1704"}],"curies":[{"name":"wp","href":"https:\/\/api.w.org\/{rel}","templated":true}]}}