{"id":243,"date":"2022-06-22T11:19:08","date_gmt":"2022-06-22T09:19:08","guid":{"rendered":"https:\/\/kendomontpellier.fr\/?page_id=243"},"modified":"2022-10-10T14:39:14","modified_gmt":"2022-10-10T12:39:14","slug":"actualites-du-club-de-kendo-montpellier","status":"publish","type":"page","link":"https:\/\/kendomontpellier.fr\/?page_id=243","title":{"rendered":"Actualit\u00e9s du Kendo Montpellier Universit\u00e9 Club"},"content":{"rendered":"<p>[et_pb_section fb_built=\u00a0\u00bb1&Prime; _builder_version=\u00a0\u00bb4.17.4&Prime; _module_preset=\u00a0\u00bbdefault\u00a0\u00bb background_color=\u00a0\u00bb#1f3d70&Prime; custom_padding=\u00a0\u00bb0px||0px|||\u00a0\u00bb global_module=\u00a0\u00bb262&Prime; global_colors_info=\u00a0\u00bb{}\u00a0\u00bb][et_pb_row _builder_version=\u00a0\u00bb4.17.4&Prime; _module_preset=\u00a0\u00bbdefault\u00a0\u00bb custom_padding=\u00a0\u00bb12px||14px|||\u00a0\u00bb global_colors_info=\u00a0\u00bb{}\u00a0\u00bb][et_pb_column type=\u00a0\u00bb4_4&Prime; _builder_version=\u00a0\u00bb4.17.4&Prime; _module_preset=\u00a0\u00bbdefault\u00a0\u00bb global_colors_info=\u00a0\u00bb{}\u00a0\u00bb][et_pb_text _builder_version=\u00a0\u00bb4.17.4&Prime; _module_preset=\u00a0\u00bbdefault\u00a0\u00bb text_text_color=\u00a0\u00bb#F9F9F9&Prime; link_text_color=\u00a0\u00bb#F9F9F9&Prime; global_colors_info=\u00a0\u00bb{}\u00a0\u00bb]<\/p>\n<span><span><a href=\"https:\/\/kendomontpellier.fr\/\">Accueil<\/a><\/span><\/span>\n<p>[\/et_pb_text][\/et_pb_column][\/et_pb_row][\/et_pb_section][et_pb_section fb_built=\u00a0\u00bb1&Prime; _builder_version=\u00a0\u00bb4.17.4&Prime; _module_preset=\u00a0\u00bbdefault\u00a0\u00bb background_color=\u00a0\u00bb#263B82&Prime; custom_padding=\u00a0\u00bb30px||30px||true|false\u00a0\u00bb global_colors_info=\u00a0\u00bb{}\u00a0\u00bb][et_pb_row _builder_version=\u00a0\u00bb4.17.4&Prime; _module_preset=\u00a0\u00bbdefault\u00a0\u00bb global_colors_info=\u00a0\u00bb{}\u00a0\u00bb][et_pb_column type=\u00a0\u00bb4_4&Prime; _builder_version=\u00a0\u00bb4.17.4&Prime; _module_preset=\u00a0\u00bbdefault\u00a0\u00bb global_colors_info=\u00a0\u00bb{}\u00a0\u00bb][et_pb_text _builder_version=\u00a0\u00bb4.17.4&Prime; _dynamic_attributes=\u00a0\u00bbcontent\u00a0\u00bb _module_preset=\u00a0\u00bbdefault\u00a0\u00bb header_font=\u00a0\u00bb|||on|||||\u00a0\u00bb header_text_color=\u00a0\u00bb#FFFFFF\u00a0\u00bb header_font_size=\u00a0\u00bb36px\u00a0\u00bb global_colors_info=\u00a0\u00bb{}\u00a0\u00bb]@ET-DC@eyJkeW5hbWljIjp0cnVlLCJjb250ZW50IjoicG9zdF90aXRsZSIsInNldHRpbmdzIjp7ImJlZm9yZSI6IjxoMT4iLCJhZnRlciI6IjwvaDE+In19@[\/et_pb_text][et_pb_text _builder_version=\u00a0\u00bb4.17.4&Prime; _module_preset=\u00a0\u00bbdefault\u00a0\u00bb text_font_size=\u00a0\u00bb20px\u00a0\u00bb text_line_height=\u00a0\u00bb1.3em\u00a0\u00bb background_layout=\u00a0\u00bbdark\u00a0\u00bb global_colors_info=\u00a0\u00bb{}\u00a0\u00bb]<\/p>\n<p>Ne ratez rien sur la vie du club, toutes nos actualit\u00e9s sont ici.<\/p>\n<p>[\/et_pb_text][\/et_pb_column][\/et_pb_row][\/et_pb_section][et_pb_section fb_built=\u00a0\u00bb1&Prime; _builder_version=\u00a0\u00bb4.17.4&Prime; _module_preset=\u00a0\u00bbdefault\u00a0\u00bb background_color=\u00a0\u00bb#F9F9F9&Prime; custom_padding=\u00a0\u00bb40px||20px|||\u00a0\u00bb global_colors_info=\u00a0\u00bb{}\u00a0\u00bb][et_pb_row column_structure=\u00a0\u00bb1_3,1_3,1_3&Prime; use_custom_gutter=\u00a0\u00bbon\u00a0\u00bb gutter_width=\u00a0\u00bb2&Prime; _builder_version=\u00a0\u00bb4.18.0&Prime; _module_preset=\u00a0\u00bbdefault\u00a0\u00bb custom_padding=\u00a0\u00bb||0px|||\u00a0\u00bb hover_enabled=\u00a0\u00bb0&Prime; global_colors_info=\u00a0\u00bb{}\u00a0\u00bb sticky_enabled=\u00a0\u00bb0&Prime;][et_pb_column type=\u00a0\u00bb1_3&Prime; _builder_version=\u00a0\u00bb4.17.4&Prime; _module_preset=\u00a0\u00bbdefault\u00a0\u00bb global_colors_info=\u00a0\u00bb{}\u00a0\u00bb][et_pb_image src=\u00a0\u00bbhttps:\/\/kendomontpellier.fr\/wp-content\/uploads\/2022\/10\/2022_Affiche_kendo_Sensei-scaled.jpg\u00a0\u00bb _builder_version=\u00a0\u00bb4.18.0&Prime; _module_preset=\u00a0\u00bbdefault\u00a0\u00bb title_text=\u00a0\u00bb2022_Affiche_kendo_Sensei\u00a0\u00bb hover_enabled=\u00a0\u00bb0&Prime; sticky_enabled=\u00a0\u00bb0&Prime; url=\u00a0\u00bbhttps:\/\/kendomontpellier.fr\/?page_id=1219&Prime;][\/et_pb_image][et_pb_text _builder_version=\u00a0\u00bb4.17.4&Prime; _module_preset=\u00a0\u00bbdefault\u00a0\u00bb text_font=\u00a0\u00bb|600|||||||\u00a0\u00bb text_text_color=\u00a0\u00bb#DD9B00&Prime; global_colors_info=\u00a0\u00bb{}\u00a0\u00bb]<\/p>\n<p>29 &amp; 30 octobre <\/p>\n<h3>Stage CRKDR Occitanie<\/h3>\n<p>[\/et_pb_text][\/et_pb_column][et_pb_column type=\u00a0\u00bb1_3&Prime; _builder_version=\u00a0\u00bb4.17.4&Prime; _module_preset=\u00a0\u00bbdefault\u00a0\u00bb global_colors_info=\u00a0\u00bb{}\u00a0\u00bb][et_pb_image src=\u00a0\u00bbdata:image\/svg+xml;base64,PHN2ZyB3aWR0aD0iMTA4MCIgaGVpZ2h0PSI1NDAiIHZpZXdCb3g9IjAgMCAxMDgwIDU0MCIgeG1sbnM9Imh0dHA6Ly93d3cudzMub3JnLzIwMDAvc3ZnIj4KICAgIDxnIGZpbGw9Im5vbmUiIGZpbGwtcnVsZT0iZXZlbm9kZCI+CiAgICAgICAgPHBhdGggZmlsbD0iI0VCRUJFQiIgZD0iTTAgMGgxMDgwdjU0MEgweiIvPgogICAgICAgIDxwYXRoIGQ9Ik00NDUuNjQ5IDU0MGgtOTguOTk1TDE0NC42NDkgMzM3Ljk5NSAwIDQ4Mi42NDR2LTk4Ljk5NWwxMTYuMzY1LTExNi4zNjVjMTUuNjItMTUuNjIgNDAuOTQ3LTE1LjYyIDU2LjU2OCAwTDQ0NS42NSA1NDB6IiBmaWxsLW9wYWNpdHk9Ii4xIiBmaWxsPSIjMDAwIiBmaWxsLXJ1bGU9Im5vbnplcm8iLz4KICAgICAgICA8Y2lyY2xlIGZpbGwtb3BhY2l0eT0iLjA1IiBmaWxsPSIjMDAwIiBjeD0iMzMxIiBjeT0iMTQ4IiByPSI3MCIvPgogICAgICAgIDxwYXRoIGQ9Ik0xMDgwIDM3OXYxMTMuMTM3TDcyOC4xNjIgMTQwLjMgMzI4LjQ2MiA1NDBIMjE1LjMyNEw2OTkuODc4IDU1LjQ0NmMxNS42Mi0xNS42MiA0MC45NDgtMTUuNjIgNTYuNTY4IDBMMTA4MCAzNzl6IiBmaWxsLW9wYWNpdHk9Ii4yIiBmaWxsPSIjMDAwIiBmaWxsLXJ1bGU9Im5vbnplcm8iLz4KICAgIDwvZz4KPC9zdmc+Cg==\u00a0\u00bb _builder_version=\u00a0\u00bb4.17.4&Prime; _module_preset=\u00a0\u00bbdefault\u00a0\u00bb global_colors_info=\u00a0\u00bb{}\u00a0\u00bb][\/et_pb_image][et_pb_text _builder_version=\u00a0\u00bb4.17.4&Prime; _module_preset=\u00a0\u00bbdefault\u00a0\u00bb text_font=\u00a0\u00bb|600|||||||\u00a0\u00bb text_text_color=\u00a0\u00bb#DD9B00&Prime; global_colors_info=\u00a0\u00bb{}\u00a0\u00bb]<\/p>\n<p>29 juin\u00a0<\/p>\n<h3>Rentr\u00e9e de Kendo du Club<\/h3>\n<p>[\/et_pb_text][\/et_pb_column][et_pb_column type=\u00a0\u00bb1_3&Prime; _builder_version=\u00a0\u00bb4.17.4&Prime; _module_preset=\u00a0\u00bbdefault\u00a0\u00bb global_colors_info=\u00a0\u00bb{}\u00a0\u00bb][et_pb_image src=\u00a0\u00bbdata:image\/svg+xml;base64,PHN2ZyB3aWR0aD0iMTA4MCIgaGVpZ2h0PSI1NDAiIHZpZXdCb3g9IjAgMCAxMDgwIDU0MCIgeG1sbnM9Imh0dHA6Ly93d3cudzMub3JnLzIwMDAvc3ZnIj4KICAgIDxnIGZpbGw9Im5vbmUiIGZpbGwtcnVsZT0iZXZlbm9kZCI+CiAgICAgICAgPHBhdGggZmlsbD0iI0VCRUJFQiIgZD0iTTAgMGgxMDgwdjU0MEgweiIvPgogICAgICAgIDxwYXRoIGQ9Ik00NDUuNjQ5IDU0MGgtOTguOTk1TDE0NC42NDkgMzM3Ljk5NSAwIDQ4Mi42NDR2LTk4Ljk5NWwxMTYuMzY1LTExNi4zNjVjMTUuNjItMTUuNjIgNDAuOTQ3LTE1LjYyIDU2LjU2OCAwTDQ0NS42NSA1NDB6IiBmaWxsLW9wYWNpdHk9Ii4xIiBmaWxsPSIjMDAwIiBmaWxsLXJ1bGU9Im5vbnplcm8iLz4KICAgICAgICA8Y2lyY2xlIGZpbGwtb3BhY2l0eT0iLjA1IiBmaWxsPSIjMDAwIiBjeD0iMzMxIiBjeT0iMTQ4IiByPSI3MCIvPgogICAgICAgIDxwYXRoIGQ9Ik0xMDgwIDM3OXYxMTMuMTM3TDcyOC4xNjIgMTQwLjMgMzI4LjQ2MiA1NDBIMjE1LjMyNEw2OTkuODc4IDU1LjQ0NmMxNS42Mi0xNS42MiA0MC45NDgtMTUuNjIgNTYuNTY4IDBMMTA4MCAzNzl6IiBmaWxsLW9wYWNpdHk9Ii4yIiBmaWxsPSIjMDAwIiBmaWxsLXJ1bGU9Im5vbnplcm8iLz4KICAgIDwvZz4KPC9zdmc+Cg==\u00a0\u00bb _builder_version=\u00a0\u00bb4.17.4&Prime; _module_preset=\u00a0\u00bbdefault\u00a0\u00bb global_colors_info=\u00a0\u00bb{}\u00a0\u00bb][\/et_pb_image][et_pb_text _builder_version=\u00a0\u00bb4.17.4&Prime; _module_preset=\u00a0\u00bbdefault\u00a0\u00bb text_font=\u00a0\u00bb|600|||||||\u00a0\u00bb text_text_color=\u00a0\u00bb#DD9B00&Prime; hover_enabled=\u00a0\u00bb0&Prime; global_colors_info=\u00a0\u00bb{}\u00a0\u00bb sticky_enabled=\u00a0\u00bb0&Prime;]<\/p>\n<p>29 juin<\/p>\n<h3>Portes ouvertes du club<\/h3>\n<p>[\/et_pb_text][\/et_pb_column][\/et_pb_row][\/et_pb_section][et_pb_section fb_built=\u00a0\u00bb1&Prime; _builder_version=\u00a0\u00bb4.17.4&Prime; _module_preset=\u00a0\u00bbdefault\u00a0\u00bb global_colors_info=\u00a0\u00bb{}\u00a0\u00bb][et_pb_row _builder_version=\u00a0\u00bb4.17.4&Prime; _module_preset=\u00a0\u00bbdefault\u00a0\u00bb global_colors_info=\u00a0\u00bb{}\u00a0\u00bb][et_pb_column type=\u00a0\u00bb4_4&Prime; _builder_version=\u00a0\u00bb4.17.4&Prime; _module_preset=\u00a0\u00bbdefault\u00a0\u00bb global_colors_info=\u00a0\u00bb{}\u00a0\u00bb][et_pb_text _builder_version=\u00a0\u00bb4.17.4&Prime; _module_preset=\u00a0\u00bbdefault\u00a0\u00bb global_colors_info=\u00a0\u00bb{}\u00a0\u00bb]<\/p>\n<div>\n<div>\n<div>\n<div>\n<p>La rentr\u00e9e<\/p>\n<\/div>\n<\/div>\n<\/div>\n<div>\n<div>\n<div>\n<p>Stages du club<\/p>\n<\/div>\n<\/div>\n<\/div>\n<div>\n<div>\n<div>\n<p>Stages d\u2019\u00e9t\u00e9<\/p>\n<p>Universit\u00e9 d\u2019\u00e9t\u00e9 \u00e0 Dinard et Fontenay<\/p>\n<\/div>\n<\/div>\n<\/div>\n<div>\n<div>\n<div>\n<p>Stage EKF\u00a0<\/p>\n<\/div>\n<\/div>\n<\/div>\n<\/div>\n<div>\n<div>\n<div>\n<div>\n<p>Inter-r\u00e9gion Occitanie et Nouvelle Aquitaine<\/p>\n<\/div>\n<\/div>\n<\/div>\n<div>\n<div>\n<div>\n<p>Stage f\u00e9minin<\/p>\n<\/div>\n<\/div>\n<\/div>\n<div>\n<div>\n<div>\n<p>Participera au stage de Pessac avec Pierre invit\u00e9 d\u2019honneur.<\/p>\n<\/div>\n<\/div>\n<\/div>\n<div>\n<div>\n<div>\n<p>Portes ouvertes de rentr\u00e9e<\/p>\n<\/div>\n<\/div>\n<\/div>\n<\/div>\n<div>\n<div>\n<div>\n<div>\n<p>Journ\u00e9e des Associations \u2013 Journ\u00e9e de la fraternit\u00e9<\/p>\n<\/div>\n<\/div>\n<\/div>\n<\/div>\n<p>[\/et_pb_text][\/et_pb_column][\/et_pb_row][\/et_pb_section][et_pb_section fb_built=\u00a0\u00bb1&Prime; _builder_version=\u00a0\u00bb4.17.4&Prime; _module_preset=\u00a0\u00bbdefault\u00a0\u00bb background_color=\u00a0\u00bb#1F3D70&Prime; global_module=\u00a0\u00bb826&Prime; saved_tabs=\u00a0\u00bball\u00a0\u00bb global_colors_info=\u00a0\u00bb{}\u00a0\u00bb][et_pb_row _builder_version=\u00a0\u00bb4.17.4&Prime; _module_preset=\u00a0\u00bbdefault\u00a0\u00bb global_colors_info=\u00a0\u00bb{}\u00a0\u00bb][et_pb_column type=\u00a0\u00bb4_4&Prime; _builder_version=\u00a0\u00bb4.17.4&Prime; _module_preset=\u00a0\u00bbdefault\u00a0\u00bb global_colors_info=\u00a0\u00bb{}\u00a0\u00bb][et_pb_text _builder_version=\u00a0\u00bb4.17.4&Prime; _module_preset=\u00a0\u00bbdefault\u00a0\u00bb header_2_font_size=\u00a0\u00bb36px\u00a0\u00bb background_layout=\u00a0\u00bbdark\u00a0\u00bb global_colors_info=\u00a0\u00bb{}\u00a0\u00bb]<\/p>\n<h2>Zoom sur : Stage EKF \u00e0 Montpellier<\/h2>\n<p>[\/et_pb_text][\/et_pb_column][\/et_pb_row][et_pb_row _builder_version=\u00a0\u00bb4.17.4&Prime; _module_preset=\u00a0\u00bbdefault\u00a0\u00bb global_colors_info=\u00a0\u00bb{}\u00a0\u00bb][et_pb_column type=\u00a0\u00bb4_4&Prime; _builder_version=\u00a0\u00bb4.17.4&Prime; _module_preset=\u00a0\u00bbdefault\u00a0\u00bb global_colors_info=\u00a0\u00bb{}\u00a0\u00bb][et_pb_image src=\u00a0\u00bbhttps:\/\/kendomontpellier.fr\/wp-content\/uploads\/2022\/06\/Affiche1200x700-1024&#215;597.jpg\u00a0\u00bb title_text=\u00a0\u00bbAffiche1200x700&Prime; _builder_version=\u00a0\u00bb4.17.4&Prime; _module_preset=\u00a0\u00bbdefault\u00a0\u00bb global_colors_info=\u00a0\u00bb{}\u00a0\u00bb][\/et_pb_image][et_pb_text _builder_version=\u00a0\u00bb4.17.4&Prime; _module_preset=\u00a0\u00bbdefault\u00a0\u00bb background_layout=\u00a0\u00bbdark\u00a0\u00bb global_colors_info=\u00a0\u00bb{}\u00a0\u00bb]<\/p>\n<h2>Attention : le lieu de ce stage a chang\u00e9 :<\/h2>\n<p><strong>Nouvelle adresse : <br \/><\/strong><span class=\"style_1\">Palais Universitaire des Sports<br \/><\/span><span class=\"style_5\"><\/span><span class=\"style_5\">1142-1216 avenue du Pic Saint-Loup<br \/>34000 Montpellier<\/span><\/p>\n<p class=\"paragraph_style_58\"><span class=\"style_5\">Tramway Ligne 1 &#8211; Station Occitanie\u00a0<br \/><\/span><\/p>\n<p class=\"paragraph_style_43\"><a title=\"https:\/\/goo.gl\/maps\/CQ2Xd8KGigCsLswT6\" href=\"https:\/\/goo.gl\/maps\/CQ2Xd8KGigCsLswT6\" class=\"class27\"><span class=\"style_5\">GOOGLE MAP : Palais Universitaire des Sports<\/span><\/a><\/p>\n<p class=\"paragraph_style_43\">Plus d&rsquo;informations : <a href=\"https:\/\/licencies.cnkendo-dr.com\/kendomontpellier.html\">https:\/\/licencies.cnkendo-dr.com\/kendomontpellier.html<\/a><\/p>\n<p>[\/et_pb_text][\/et_pb_column][\/et_pb_row][\/et_pb_section]<\/p>\n","protected":false},"excerpt":{"rendered":"<p><span><span><a href=\"https:\/\/kendomontpellier.fr\/\">Accueil<\/a><\/span><\/span>Ne ratez rien sur la vie du club, toutes nos actualit\u00e9s sont ici.29 &amp; 30 octobre Stage CRKDR Occitanie29 juin\u00a0 Rentr\u00e9e de Kendo du Club29 juin Portes ouvertes du club La rentr\u00e9e Stages du club Stages d\u2019\u00e9t\u00e9 Universit\u00e9 d\u2019\u00e9t\u00e9 \u00e0 Dinard et Fontenay Stage EKF\u00a0 Inter-r\u00e9gion Occitanie et Nouvelle Aquitaine Stage f\u00e9minin Participera au stage [&hellip;]<\/p>\n","protected":false},"author":1,"featured_media":0,"parent":56,"menu_order":20,"comment_status":"closed","ping_status":"closed","template":"","meta":{"_et_pb_use_builder":"on","_et_pb_old_content":"<!-- wp:divi\/placeholder \/-->","_et_gb_content_width":"","footnotes":""},"class_list":["post-243","page","type-page","status-publish","hentry"],"yoast_head":"<!-- This site is optimized with the Yoast SEO plugin v27.4 - https:\/\/yoast.com\/product\/yoast-seo-wordpress\/ -->\n<title>Actualit\u00e9s du Kendo Montpellier Universit\u00e9 Club - Kendo Montpellier Universit\u00e9 Club<\/title>\n<meta name=\"robots\" content=\"index, follow, max-snippet:-1, max-image-preview:large, max-video-preview:-1\" \/>\n<link rel=\"canonical\" href=\"https:\/\/kendomontpellier.fr\/?page_id=243\" \/>\n<meta property=\"og:locale\" content=\"fr_FR\" \/>\n<meta property=\"og:type\" content=\"article\" \/>\n<meta property=\"og:title\" content=\"Actualit\u00e9s du Kendo Montpellier Universit\u00e9 Club - Kendo Montpellier Universit\u00e9 Club\" \/>\n<meta property=\"og:description\" content=\"Ne ratez rien sur la vie du club, toutes nos actualit\u00e9s sont ici.29 &amp; 30 octobre Stage CRKDR Occitanie29 juin\u00a0 Rentr\u00e9e de Kendo du Club29 juin Portes ouvertes du club La rentr\u00e9e Stages du club Stages d\u2019\u00e9t\u00e9 Universit\u00e9 d\u2019\u00e9t\u00e9 \u00e0 Dinard et Fontenay Stage EKF\u00a0 Inter-r\u00e9gion Occitanie et Nouvelle Aquitaine Stage f\u00e9minin Participera au stage [&hellip;]\" \/>\n<meta property=\"og:url\" content=\"https:\/\/kendomontpellier.fr\/?page_id=243\" \/>\n<meta property=\"og:site_name\" content=\"Kendo Montpellier Universit\u00e9 Club\" \/>\n<meta property=\"article:modified_time\" content=\"2022-10-10T12:39:14+00:00\" \/>\n<meta name=\"twitter:card\" content=\"summary_large_image\" \/>\n<meta name=\"twitter:label1\" content=\"Dur\u00e9e de lecture estim\u00e9e\" \/>\n\t<meta name=\"twitter:data1\" content=\"1 minute\" \/>\n<script type=\"application\/ld+json\" class=\"yoast-schema-graph\">{\"@context\":\"https:\\\/\\\/schema.org\",\"@graph\":[{\"@type\":\"WebPage\",\"@id\":\"https:\\\/\\\/kendomontpellier.fr\\\/?page_id=243\",\"url\":\"https:\\\/\\\/kendomontpellier.fr\\\/?page_id=243\",\"name\":\"Actualit\u00e9s du Kendo Montpellier Universit\u00e9 Club - Kendo Montpellier Universit\u00e9 Club\",\"isPartOf\":{\"@id\":\"https:\\\/\\\/kendomontpellier.fr\\\/#website\"},\"datePublished\":\"2022-06-22T09:19:08+00:00\",\"dateModified\":\"2022-10-10T12:39:14+00:00\",\"breadcrumb\":{\"@id\":\"https:\\\/\\\/kendomontpellier.fr\\\/?page_id=243#breadcrumb\"},\"inLanguage\":\"fr-FR\",\"potentialAction\":[{\"@type\":\"ReadAction\",\"target\":[\"https:\\\/\\\/kendomontpellier.fr\\\/?page_id=243\"]}]},{\"@type\":\"BreadcrumbList\",\"@id\":\"https:\\\/\\\/kendomontpellier.fr\\\/?page_id=243#breadcrumb\",\"itemListElement\":[{\"@type\":\"ListItem\",\"position\":1,\"name\":\"Accueil\",\"item\":\"https:\\\/\\\/kendomontpellier.fr\\\/\"},{\"@type\":\"ListItem\",\"position\":2,\"name\":\"Le club\",\"item\":\"https:\\\/\\\/kendomontpellier.fr\\\/?page_id=56\"},{\"@type\":\"ListItem\",\"position\":3,\"name\":\"Les actualit\u00e9s\"}]},{\"@type\":\"WebSite\",\"@id\":\"https:\\\/\\\/kendomontpellier.fr\\\/#website\",\"url\":\"https:\\\/\\\/kendomontpellier.fr\\\/\",\"name\":\"Kendo Montpellier Universit\u00e9 Club\",\"description\":\"Le club de Kendo de Montpellier, membre du MUC et CNKDR\",\"potentialAction\":[{\"@type\":\"SearchAction\",\"target\":{\"@type\":\"EntryPoint\",\"urlTemplate\":\"https:\\\/\\\/kendomontpellier.fr\\\/?s={search_term_string}\"},\"query-input\":{\"@type\":\"PropertyValueSpecification\",\"valueRequired\":true,\"valueName\":\"search_term_string\"}}],\"inLanguage\":\"fr-FR\"}]}<\/script>\n<!-- \/ Yoast SEO plugin. -->","yoast_head_json":{"title":"Actualit\u00e9s du Kendo Montpellier Universit\u00e9 Club - Kendo Montpellier Universit\u00e9 Club","robots":{"index":"index","follow":"follow","max-snippet":"max-snippet:-1","max-image-preview":"max-image-preview:large","max-video-preview":"max-video-preview:-1"},"canonical":"https:\/\/kendomontpellier.fr\/?page_id=243","og_locale":"fr_FR","og_type":"article","og_title":"Actualit\u00e9s du Kendo Montpellier Universit\u00e9 Club - Kendo Montpellier Universit\u00e9 Club","og_description":"Ne ratez rien sur la vie du club, toutes nos actualit\u00e9s sont ici.29 &amp; 30 octobre Stage CRKDR Occitanie29 juin\u00a0 Rentr\u00e9e de Kendo du Club29 juin Portes ouvertes du club La rentr\u00e9e Stages du club Stages d\u2019\u00e9t\u00e9 Universit\u00e9 d\u2019\u00e9t\u00e9 \u00e0 Dinard et Fontenay Stage EKF\u00a0 Inter-r\u00e9gion Occitanie et Nouvelle Aquitaine Stage f\u00e9minin Participera au stage [&hellip;]","og_url":"https:\/\/kendomontpellier.fr\/?page_id=243","og_site_name":"Kendo Montpellier Universit\u00e9 Club","article_modified_time":"2022-10-10T12:39:14+00:00","twitter_card":"summary_large_image","twitter_misc":{"Dur\u00e9e de lecture estim\u00e9e":"1 minute"},"schema":{"@context":"https:\/\/schema.org","@graph":[{"@type":"WebPage","@id":"https:\/\/kendomontpellier.fr\/?page_id=243","url":"https:\/\/kendomontpellier.fr\/?page_id=243","name":"Actualit\u00e9s du Kendo Montpellier Universit\u00e9 Club - Kendo Montpellier Universit\u00e9 Club","isPartOf":{"@id":"https:\/\/kendomontpellier.fr\/#website"},"datePublished":"2022-06-22T09:19:08+00:00","dateModified":"2022-10-10T12:39:14+00:00","breadcrumb":{"@id":"https:\/\/kendomontpellier.fr\/?page_id=243#breadcrumb"},"inLanguage":"fr-FR","potentialAction":[{"@type":"ReadAction","target":["https:\/\/kendomontpellier.fr\/?page_id=243"]}]},{"@type":"BreadcrumbList","@id":"https:\/\/kendomontpellier.fr\/?page_id=243#breadcrumb","itemListElement":[{"@type":"ListItem","position":1,"name":"Accueil","item":"https:\/\/kendomontpellier.fr\/"},{"@type":"ListItem","position":2,"name":"Le club","item":"https:\/\/kendomontpellier.fr\/?page_id=56"},{"@type":"ListItem","position":3,"name":"Les actualit\u00e9s"}]},{"@type":"WebSite","@id":"https:\/\/kendomontpellier.fr\/#website","url":"https:\/\/kendomontpellier.fr\/","name":"Kendo Montpellier Universit\u00e9 Club","description":"Le club de Kendo de Montpellier, membre du MUC et CNKDR","potentialAction":[{"@type":"SearchAction","target":{"@type":"EntryPoint","urlTemplate":"https:\/\/kendomontpellier.fr\/?s={search_term_string}"},"query-input":{"@type":"PropertyValueSpecification","valueRequired":true,"valueName":"search_term_string"}}],"inLanguage":"fr-FR"}]}},"_links":{"self":[{"href":"https:\/\/kendomontpellier.fr\/index.php?rest_route=\/wp\/v2\/pages\/243","targetHints":{"allow":["GET"]}}],"collection":[{"href":"https:\/\/kendomontpellier.fr\/index.php?rest_route=\/wp\/v2\/pages"}],"about":[{"href":"https:\/\/kendomontpellier.fr\/index.php?rest_route=\/wp\/v2\/types\/page"}],"author":[{"embeddable":true,"href":"https:\/\/kendomontpellier.fr\/index.php?rest_route=\/wp\/v2\/users\/1"}],"replies":[{"embeddable":true,"href":"https:\/\/kendomontpellier.fr\/index.php?rest_route=%2Fwp%2Fv2%2Fcomments&post=243"}],"version-history":[{"count":15,"href":"https:\/\/kendomontpellier.fr\/index.php?rest_route=\/wp\/v2\/pages\/243\/revisions"}],"predecessor-version":[{"id":1252,"href":"https:\/\/kendomontpellier.fr\/index.php?rest_route=\/wp\/v2\/pages\/243\/revisions\/1252"}],"up":[{"embeddable":true,"href":"https:\/\/kendomontpellier.fr\/index.php?rest_route=\/wp\/v2\/pages\/56"}],"wp:attachment":[{"href":"https:\/\/kendomontpellier.fr\/index.php?rest_route=%2Fwp%2Fv2%2Fmedia&parent=243"}],"curies":[{"name":"wp","href":"https:\/\/api.w.org\/{rel}","templated":true}]}}