{"id":438,"date":"2022-06-22T16:14:19","date_gmt":"2022-06-22T14:14:19","guid":{"rendered":"https:\/\/kendomontpellier.fr\/?page_id=438"},"modified":"2022-06-29T19:04:02","modified_gmt":"2022-06-29T17:04:02","slug":"glossaire-du-kendo","status":"publish","type":"page","link":"https:\/\/kendomontpellier.fr\/?page_id=438","title":{"rendered":"Glossaire du Kendo"},"content":{"rendered":"<p>[et_pb_section fb_built=\u00a0\u00bb1&Prime; _builder_version=\u00a0\u00bb4.17.4&Prime; _module_preset=\u00a0\u00bbdefault\u00a0\u00bb background_color=\u00a0\u00bb#1f3d70&Prime; custom_padding=\u00a0\u00bb0px||0px|||\u00a0\u00bb global_module=\u00a0\u00bb262&Prime; global_colors_info=\u00a0\u00bb{}\u00a0\u00bb][et_pb_row _builder_version=\u00a0\u00bb4.17.4&Prime; _module_preset=\u00a0\u00bbdefault\u00a0\u00bb custom_padding=\u00a0\u00bb12px||14px|||\u00a0\u00bb global_colors_info=\u00a0\u00bb{}\u00a0\u00bb][et_pb_column type=\u00a0\u00bb4_4&Prime; _builder_version=\u00a0\u00bb4.17.4&Prime; _module_preset=\u00a0\u00bbdefault\u00a0\u00bb global_colors_info=\u00a0\u00bb{}\u00a0\u00bb][et_pb_text _builder_version=\u00a0\u00bb4.17.4&Prime; _module_preset=\u00a0\u00bbdefault\u00a0\u00bb text_text_color=\u00a0\u00bb#F9F9F9&Prime; link_text_color=\u00a0\u00bb#F9F9F9&Prime; global_colors_info=\u00a0\u00bb{}\u00a0\u00bb]<\/p>\n<span><span><a href=\"https:\/\/kendomontpellier.fr\/\">Accueil<\/a><\/span><\/span>\n<p>[\/et_pb_text][\/et_pb_column][\/et_pb_row][\/et_pb_section][et_pb_section fb_built=\u00a0\u00bb1&Prime; _builder_version=\u00a0\u00bb4.17.4&Prime; _module_preset=\u00a0\u00bbdefault\u00a0\u00bb background_color=\u00a0\u00bb#263B82&Prime; custom_padding=\u00a0\u00bb30px|||||\u00a0\u00bb global_colors_info=\u00a0\u00bb{}\u00a0\u00bb][et_pb_row _builder_version=\u00a0\u00bb4.17.4&Prime; _module_preset=\u00a0\u00bbdefault\u00a0\u00bb global_colors_info=\u00a0\u00bb{}\u00a0\u00bb][et_pb_column type=\u00a0\u00bb4_4&Prime; _builder_version=\u00a0\u00bb4.17.4&Prime; _module_preset=\u00a0\u00bbdefault\u00a0\u00bb global_colors_info=\u00a0\u00bb{}\u00a0\u00bb][et_pb_text _builder_version=\u00a0\u00bb4.17.4&Prime; _dynamic_attributes=\u00a0\u00bbcontent\u00a0\u00bb _module_preset=\u00a0\u00bbdefault\u00a0\u00bb header_font=\u00a0\u00bb|||on|||||\u00a0\u00bb header_text_color=\u00a0\u00bb#FFFFFF\u00a0\u00bb header_font_size=\u00a0\u00bb36px\u00a0\u00bb global_colors_info=\u00a0\u00bb{}\u00a0\u00bb]@ET-DC@eyJkeW5hbWljIjp0cnVlLCJjb250ZW50IjoicG9zdF90aXRsZSIsInNldHRpbmdzIjp7ImJlZm9yZSI6IjxoMT4iLCJhZnRlciI6IjwvaDE+In19@[\/et_pb_text][et_pb_text _builder_version=\u00a0\u00bb4.17.4&Prime; _module_preset=\u00a0\u00bbdefault\u00a0\u00bb text_font_size=\u00a0\u00bb20px\u00a0\u00bb text_line_height=\u00a0\u00bb1.3em\u00a0\u00bb background_layout=\u00a0\u00bbdark\u00a0\u00bb global_colors_info=\u00a0\u00bb{}\u00a0\u00bb]<\/p>\n<p><em>Suburi, Otagani-rei, Hasso No Kamae, Keikogi<\/em>&#8230; retrouvez tous les termes associ\u00e9s \u00e0 la pratique du Kendo gr\u00e2ce \u00e0 notre glossaire par th\u00e9matiques<\/p>\n<p>[\/et_pb_text][\/et_pb_column][\/et_pb_row][\/et_pb_section][et_pb_section fb_built=\u00a0\u00bb1&Prime; use_custom_gutter=\u00a0\u00bbon\u00a0\u00bb gutter_width=\u00a0\u00bb2&Prime; specialty=\u00a0\u00bbon\u00a0\u00bb _builder_version=\u00a0\u00bb4.17.4&Prime; _module_preset=\u00a0\u00bbdefault\u00a0\u00bb hover_enabled=\u00a0\u00bb0&Prime; global_colors_info=\u00a0\u00bb{}\u00a0\u00bb custom_padding=\u00a0\u00bb0px|||||\u00a0\u00bb inner_width=\u00a0\u00bb95%\u00a0\u00bb sticky_enabled=\u00a0\u00bb0&Prime;][et_pb_column type=\u00a0\u00bb1_4&Prime; _builder_version=\u00a0\u00bb4.16&Prime; custom_padding=\u00a0\u00bb|||\u00a0\u00bb global_colors_info=\u00a0\u00bb{}\u00a0\u00bb custom_padding__hover=\u00a0\u00bb|||\u00a0\u00bb][et_pb_text _builder_version=\u00a0\u00bb4.17.4&Prime; _module_preset=\u00a0\u00bbdefault\u00a0\u00bb background_color=\u00a0\u00bb#F9F9F9&Prime; custom_padding=\u00a0\u00bb20px|20px|20px|20px|true|true\u00a0\u00bb sticky_position=\u00a0\u00bbtop\u00a0\u00bb sticky_offset_top=\u00a0\u00bb20px\u00a0\u00bb sticky_limit_bottom=\u00a0\u00bbsection\u00a0\u00bb hover_enabled=\u00a0\u00bb0&Prime; global_colors_info=\u00a0\u00bb{}\u00a0\u00bb sticky_enabled=\u00a0\u00bb0&Prime;]<\/p>\n<h2>Sommaire<\/h2>\n<p><a href=\"#le-salut\" title=\"Glossaire du salut en Kendo\">Le salut<\/a><br \/><a href=\"#commandements\" title=\"Glossaire des commandements en Kendo\">Commandements<\/a><br \/><a href=\"#directions\" title=\"Glossaire des directions en Kendo\">Directions<\/a><br \/><a href=\"#frappes\" title=\"Glossaires des frappes en Kendo\">Frappes<\/a><br \/><a href=\"#exercices\" title=\"Glossaire des exercices en Kendo\">Exercices<\/a><br \/><a href=\"#gardes\" title=\"Glossaire des gardes en Kendo\">Gardes<\/a><br \/><a href=\"#materiel\" title=\"Glossaire du mat\u00e9riel de Kendo\">Mat\u00e9riel<\/a><\/p>\n<p>[\/et_pb_text][\/et_pb_column][et_pb_column type=\u00a0\u00bb3_4&Prime; specialty_columns=\u00a0\u00bb3&Prime; _builder_version=\u00a0\u00bb4.16&Prime; custom_padding=\u00a0\u00bb|||\u00a0\u00bb global_colors_info=\u00a0\u00bb{}\u00a0\u00bb custom_padding__hover=\u00a0\u00bb|||\u00a0\u00bb][et_pb_row_inner _builder_version=\u00a0\u00bb4.16&Prime; _module_preset=\u00a0\u00bbdefault\u00a0\u00bb global_colors_info=\u00a0\u00bb{}\u00a0\u00bb][et_pb_column_inner saved_specialty_column_type=\u00a0\u00bb3_4&Prime; _builder_version=\u00a0\u00bb4.16&Prime; _module_preset=\u00a0\u00bbdefault\u00a0\u00bb global_colors_info=\u00a0\u00bb{}\u00a0\u00bb][et_pb_text module_id=\u00a0\u00bble-salut\u00a0\u00bb _builder_version=\u00a0\u00bb4.17.4&Prime; _module_preset=\u00a0\u00bbdefault\u00a0\u00bb custom_padding=\u00a0\u00bb18px||||false|false\u00a0\u00bb global_colors_info=\u00a0\u00bb{}\u00a0\u00bb]<\/p>\n<h2>Le salut en Kendo<\/h2>\n<p><strong>MEN O TSUKE<\/strong> : \u00ab\u00a0Mettez le Men !\u00a0\u00bb<\/p>\n<p><strong>MEN O TORE <\/strong>: \u00ab\u00a0Enlevez le Men !\u00a0\u00bb<\/p>\n<p><strong>MOKUSO<\/strong> : m\u00e9ditation assise.<\/p>\n<p><strong>REI<\/strong> : le salut et \u00ab\u00a0Saluez !\u00a0\u00bb.<\/p>\n<p><strong>SEI RETSU<\/strong> : \u00ab\u00a0Alignez-vous\u00a0\u00bb.<\/p>\n<p><strong>SEIZA<\/strong> : position agenouill\u00e9e, les fesses sur les talons.<\/p>\n<p><strong>SENSEI-NI-REI<\/strong> : salut au professeur.<\/p>\n<p><strong>OTOGANI-REI<\/strong> : salut aux participants.<\/p>\n<p><strong>SHOMEN-NI-REI<\/strong> : salut au mur d&rsquo;honneur.<\/p>\n<p><strong>ARIGATO<\/strong>\u00a0: \u00ab\u00a0Merci\u00a0!\u00a0\u00bb<\/p>\n<p><strong>ARIGATO GOZAIMASHITA<\/strong> : \u00ab\u00a0Je vous remercie beaucoup\u00a0\u00bb. Formule couramment employ\u00e9e pour manifester sa gratitude aux personnes avec lesquelles on s\u2019est exerc\u00e9.<\/p>\n<p>[\/et_pb_text][et_pb_text module_id=\u00a0\u00bbcommandements\u00a0\u00bb _builder_version=\u00a0\u00bb4.17.4&Prime; _module_preset=\u00a0\u00bbdefault\u00a0\u00bb custom_padding=\u00a0\u00bb18px||||false|false\u00a0\u00bb global_colors_info=\u00a0\u00bb{}\u00a0\u00bb]<\/p>\n<h2>Commandements en Kendo<\/h2>\n<p><strong>HAJIME<\/strong> : \u00ab\u00a0Commencez\u00a0!\u00a0\u00bb, d\u00e9but du combat.<\/p>\n<p><strong>KAMAE<\/strong> : \u00ab\u00a0En garde\u00a0!\u00a0\u00bb<\/p>\n<p><strong>KOTAI<\/strong> : \u00a0\u00bb Tournez \u00ab\u00a0<\/p>\n<p><strong>YAME<\/strong> : \u00ab\u00a0Arr\u00eatez\u00a0!\u00a0\u00bb<\/p>\n<p><strong>ATOI<\/strong> : \u00ab\u00a0Reprenez la position\u00a0\u00bb.<\/p>\n<p>[\/et_pb_text][et_pb_text module_id=\u00a0\u00bbdirections\u00a0\u00bb _builder_version=\u00a0\u00bb4.17.4&Prime; _module_preset=\u00a0\u00bbdefault\u00a0\u00bb custom_padding=\u00a0\u00bb18px||||false|false\u00a0\u00bb global_colors_info=\u00a0\u00bb{}\u00a0\u00bb]<\/p>\n<h2>Directions en Kendo<\/h2>\n<p><strong>MAE<\/strong> : avant.<\/p>\n<p><strong>ATO<\/strong> : arri\u00e8re.<\/p>\n<p><strong>MIGI<\/strong> : \u00e0 droite.<\/p>\n<p><strong>HIDARI<\/strong> : \u00e0 gauche.<\/p>\n<p>[\/et_pb_text][et_pb_text module_id=\u00a0\u00bbfrappes\u00a0\u00bb _builder_version=\u00a0\u00bb4.17.4&Prime; _module_preset=\u00a0\u00bbdefault\u00a0\u00bb custom_padding=\u00a0\u00bb18px||||false|false\u00a0\u00bb global_colors_info=\u00a0\u00bb{}\u00a0\u00bb]<\/p>\n<h2>Frappes en Kendo<\/h2>\n<p><strong>DATOTSU<\/strong> : ensemble des frappes (UCHI) et piques TSUKI) utilis\u00e9es en Kendo.<\/p>\n<p><strong>IKKYODO<\/strong> : \u00ab\u00a0en un seul temps\u00a0\u00bb.<\/p>\n<p><strong>IPPON<\/strong> : un point, une frappe reconnue valable.<\/p>\n<p><strong>SANKYODO<\/strong> : \u00ab\u00a0en trois temps\u00a0\u00bb.<\/p>\n<p><strong>SHOMEN<\/strong> : frappe \u00e0 la t\u00eate.<\/p>\n<p><strong>TSUKI<\/strong> : pique, coup d&rsquo;estoc port\u00e9 avec la pointe.<\/p>\n<p>[\/et_pb_text][et_pb_text module_id=\u00a0\u00bbexercices\u00a0\u00bb _builder_version=\u00a0\u00bb4.17.4&Prime; _module_preset=\u00a0\u00bbdefault\u00a0\u00bb custom_padding=\u00a0\u00bb18px||||false|false\u00a0\u00bb global_colors_info=\u00a0\u00bb{}\u00a0\u00bb]<\/p>\n<h2>Exercices de Kendo<\/h2>\n<p><strong>HAYA SUBURI<\/strong> : forme de suburi avec d\u00e9placements rapides des pieds.<\/p>\n<p><strong>GEIKO<\/strong> : exercice d&rsquo;entra\u00eenement \u00e0 deux.<\/p>\n<p><strong>KAKARI GEIKO<\/strong> : exercice dans lequel le pratiquant encha\u00eene les techniques sans arr\u00eat.<\/p>\n<p><strong>KATA<\/strong> : techniques de combat codifi\u00e9es pratiqu\u00e9es par deux partenaires<\/p>\n<p><strong>KIRI KAESHI<\/strong> : exercices de frappes successives \u00e0 deux. A une frappe SHO MEN succ\u00e8dent plusieurs frappes SAYU MEN en avan\u00e7ant puis en reculant. Le partenaire, dans le r\u00f4le de motodashi, re\u00e7oit les frappes sur son shina\u00ef ou sur son men.<\/p>\n<p><strong>SUBURI<\/strong> : exercice de r\u00e9p\u00e9tition de frappes dans le vide.<\/p>\n<p>[\/et_pb_text][et_pb_text module_id=\u00a0\u00bbgardes\u00a0\u00bb _builder_version=\u00a0\u00bb4.17.4&Prime; _module_preset=\u00a0\u00bbdefault\u00a0\u00bb custom_padding=\u00a0\u00bb18px||||false|false\u00a0\u00bb global_colors_info=\u00a0\u00bb{}\u00a0\u00bb]<\/p>\n<h2>Gardes en Kendo<\/h2>\n<p><strong>CHUDAN NO KAMAE<\/strong> : garde du milieu, la plus courante.<\/p>\n<p><strong>GEDAN NO KAMAE<\/strong> : garde \u00ab\u00a0basse\u00a0\u00bb, pointe abaiss\u00e9e au niveau du genou.<\/p>\n<p><strong>HASSO NO KAMAE<\/strong> : garde sur l&rsquo;\u00e9paule droite, tsuba proche de la bouche, pointe dirig\u00e9e vers le haut.<\/p>\n<p><strong>JODAN NO KAMAE<\/strong> : garde \u00ab\u00a0haute\u00a0\u00bb, sabre au-dessus de la t\u00eate.<\/p>\n<p><strong>WAKI NO KAMAE<\/strong> : sabre tenu du c\u00f4t\u00e9 droit, pointe vers le bas.<\/p>\n<p>[\/et_pb_text][et_pb_text module_id=\u00a0\u00bbmateriel\u00a0\u00bb _builder_version=\u00a0\u00bb4.17.4&Prime; _module_preset=\u00a0\u00bbdefault\u00a0\u00bb custom_padding=\u00a0\u00bb18px||||false|false\u00a0\u00bb global_colors_info=\u00a0\u00bb{}\u00a0\u00bb]<\/p>\n<h2>Mat\u00e9riel de Kendo<\/h2>\n<p><strong>BOKKEN<\/strong> : sabre long en bois.<\/p>\n<p><strong>DO<\/strong> : le tronc, d\u00e9signe aussi la cuirasse de protection qui comprend la partie haute en cuir et la partie basse faite de lattes de bambou laqu\u00e9es ou de r\u00e9sine. D\u00e9signe \u00e9galement le IPPON correspondant \u00e0 la frappe sur le do.<\/p>\n<p><strong>DO HIMO<\/strong> : cordons qui servent \u00e0 maintenir le DO en place.<\/p>\n<p><strong>DOJO<\/strong> : salle d&rsquo;entra\u00eenement (et de m\u00e9ditation). Anciennement salle d&rsquo;armes, aujourd&rsquo;hui le lieu (jo) o\u00f9 l&rsquo;on \u00e9tudie la voie (do).<\/p>\n<p><strong>HAKAMA<\/strong> : pantalon large traditionnel japonais.<\/p>\n<p><strong>KATANA<\/strong> : sabre japonais que le samoura\u00ef portait \u00e0 la ceinture.<\/p>\n<p><strong>KEIKOGI<\/strong> : veste d&rsquo;entra\u00eenement.<\/p>\n<p><strong>KODACHI<\/strong> : sabre court.<\/p>\n<p><strong>KOTE<\/strong> : gant de protection qui comprend une coque en cuir en forme de moufle, et une protection d\u2019avant-bras. D\u00e9signe \u00e9galement le IPPON correspondant \u00e0 la frappe sur le kote.<\/p>\n<p><strong>MEN<\/strong> : la t\u00eate. D\u00e9signe aussi le casque de protection compos\u00e9 de la protection de t\u00eate, de protections d&rsquo;\u00e9paules, d&rsquo;une grille de protection du visage et de cordons (MEN HIMO)\u00a0; ainsi que le IPPON correspondant aux frappes sur le men.<\/p>\n<p><strong>SHINAI<\/strong> : sabre form\u00e9 de 4 lattes de bambou, utilis\u00e9 dans la pratique du Kendo.<\/p>\n<p><strong>TARE<\/strong> : protection de la taille.<\/p>\n<p><strong>TSUBA<\/strong> : garde du sabre.<\/p>\n<p><strong>TENUGUI<\/strong> : foulard que l&rsquo;on place sous le <em>men<\/em> pour absorber la transpiration.<\/p>\n<p><strong>ZEKKEN<\/strong> : \u00e9tui de tissu qui enveloppe la protection centrale du TARE ; y sont inscrits de fa\u00e7on tr\u00e8s visible, le nom du pratiquant et du groupe (club, \u00e9cole) qu&rsquo;il repr\u00e9sente.<\/p>\n<p>[\/et_pb_text][\/et_pb_column_inner][\/et_pb_row_inner][\/et_pb_column][\/et_pb_section]<\/p>\n","protected":false},"excerpt":{"rendered":"<p><span><span><a href=\"https:\/\/kendomontpellier.fr\/\">Accueil<\/a><\/span><\/span>Suburi, Otagani-rei, Hasso No Kamae, Keikogi&#8230; retrouvez tous les termes associ\u00e9s \u00e0 la pratique du Kendo gr\u00e2ce \u00e0 notre glossaire par th\u00e9matiquesSommaire Le salutCommandementsDirectionsFrappesExercicesGardesMat\u00e9rielLe salut en Kendo MEN O TSUKE : \u00ab\u00a0Mettez le Men !\u00a0\u00bb MEN O TORE : \u00ab\u00a0Enlevez le Men !\u00a0\u00bb MOKUSO : m\u00e9ditation assise. REI : le salut et \u00ab\u00a0Saluez !\u00a0\u00bb. SEI [&hellip;]<\/p>\n","protected":false},"author":1,"featured_media":0,"parent":52,"menu_order":20,"comment_status":"closed","ping_status":"closed","template":"","meta":{"_et_pb_use_builder":"on","_et_pb_old_content":"","_et_gb_content_width":"","footnotes":""},"class_list":["post-438","page","type-page","status-publish","hentry"],"yoast_head":"<!-- This site is optimized with the Yoast SEO plugin v27.5 - https:\/\/yoast.com\/product\/yoast-seo-wordpress\/ -->\n<title>Glossaire du Kendo - Kendo Montpellier Universit\u00e9 Club<\/title>\n<meta name=\"robots\" content=\"index, follow, max-snippet:-1, max-image-preview:large, max-video-preview:-1\" \/>\n<link rel=\"canonical\" href=\"https:\/\/kendomontpellier.fr\/?page_id=438\" \/>\n<meta property=\"og:locale\" content=\"fr_FR\" \/>\n<meta property=\"og:type\" content=\"article\" \/>\n<meta property=\"og:title\" content=\"Glossaire du Kendo - Kendo Montpellier Universit\u00e9 Club\" \/>\n<meta property=\"og:description\" content=\"Suburi, Otagani-rei, Hasso No Kamae, Keikogi... retrouvez tous les termes associ\u00e9s \u00e0 la pratique du Kendo gr\u00e2ce \u00e0 notre glossaire par th\u00e9matiquesSommaire Le salutCommandementsDirectionsFrappesExercicesGardesMat\u00e9rielLe salut en Kendo MEN O TSUKE : &quot;Mettez le Men !&quot; MEN O TORE : &quot;Enlevez le Men !&quot; MOKUSO : m\u00e9ditation assise. REI : le salut et &quot;Saluez !&quot;. SEI [&hellip;]\" \/>\n<meta property=\"og:url\" content=\"https:\/\/kendomontpellier.fr\/?page_id=438\" \/>\n<meta property=\"og:site_name\" content=\"Kendo Montpellier Universit\u00e9 Club\" \/>\n<meta property=\"article:modified_time\" content=\"2022-06-29T17:04:02+00:00\" \/>\n<meta name=\"twitter:card\" content=\"summary_large_image\" \/>\n<script type=\"application\/ld+json\" class=\"yoast-schema-graph\">{\"@context\":\"https:\\\/\\\/schema.org\",\"@graph\":[{\"@type\":\"WebPage\",\"@id\":\"https:\\\/\\\/kendomontpellier.fr\\\/?page_id=438\",\"url\":\"https:\\\/\\\/kendomontpellier.fr\\\/?page_id=438\",\"name\":\"Glossaire du Kendo - Kendo Montpellier Universit\u00e9 Club\",\"isPartOf\":{\"@id\":\"https:\\\/\\\/kendomontpellier.fr\\\/#website\"},\"datePublished\":\"2022-06-22T14:14:19+00:00\",\"dateModified\":\"2022-06-29T17:04:02+00:00\",\"breadcrumb\":{\"@id\":\"https:\\\/\\\/kendomontpellier.fr\\\/?page_id=438#breadcrumb\"},\"inLanguage\":\"fr-FR\",\"potentialAction\":[{\"@type\":\"ReadAction\",\"target\":[\"https:\\\/\\\/kendomontpellier.fr\\\/?page_id=438\"]}]},{\"@type\":\"BreadcrumbList\",\"@id\":\"https:\\\/\\\/kendomontpellier.fr\\\/?page_id=438#breadcrumb\",\"itemListElement\":[{\"@type\":\"ListItem\",\"position\":1,\"name\":\"Accueil\",\"item\":\"https:\\\/\\\/kendomontpellier.fr\\\/\"},{\"@type\":\"ListItem\",\"position\":2,\"name\":\"Culture Kendo\",\"item\":\"https:\\\/\\\/kendomontpellier.fr\\\/?page_id=52\"},{\"@type\":\"ListItem\",\"position\":3,\"name\":\"Glossaire du Kendo\"}]},{\"@type\":\"WebSite\",\"@id\":\"https:\\\/\\\/kendomontpellier.fr\\\/#website\",\"url\":\"https:\\\/\\\/kendomontpellier.fr\\\/\",\"name\":\"Kendo Montpellier Universit\u00e9 Club\",\"description\":\"Le club de Kendo de Montpellier, membre du MUC et CNKDR\",\"potentialAction\":[{\"@type\":\"SearchAction\",\"target\":{\"@type\":\"EntryPoint\",\"urlTemplate\":\"https:\\\/\\\/kendomontpellier.fr\\\/?s={search_term_string}\"},\"query-input\":{\"@type\":\"PropertyValueSpecification\",\"valueRequired\":true,\"valueName\":\"search_term_string\"}}],\"inLanguage\":\"fr-FR\"}]}<\/script>\n<!-- \/ Yoast SEO plugin. -->","yoast_head_json":{"title":"Glossaire du Kendo - Kendo Montpellier Universit\u00e9 Club","robots":{"index":"index","follow":"follow","max-snippet":"max-snippet:-1","max-image-preview":"max-image-preview:large","max-video-preview":"max-video-preview:-1"},"canonical":"https:\/\/kendomontpellier.fr\/?page_id=438","og_locale":"fr_FR","og_type":"article","og_title":"Glossaire du Kendo - Kendo Montpellier Universit\u00e9 Club","og_description":"Suburi, Otagani-rei, Hasso No Kamae, Keikogi... retrouvez tous les termes associ\u00e9s \u00e0 la pratique du Kendo gr\u00e2ce \u00e0 notre glossaire par th\u00e9matiquesSommaire Le salutCommandementsDirectionsFrappesExercicesGardesMat\u00e9rielLe salut en Kendo MEN O TSUKE : \"Mettez le Men !\" MEN O TORE : \"Enlevez le Men !\" MOKUSO : m\u00e9ditation assise. REI : le salut et \"Saluez !\". SEI [&hellip;]","og_url":"https:\/\/kendomontpellier.fr\/?page_id=438","og_site_name":"Kendo Montpellier Universit\u00e9 Club","article_modified_time":"2022-06-29T17:04:02+00:00","twitter_card":"summary_large_image","schema":{"@context":"https:\/\/schema.org","@graph":[{"@type":"WebPage","@id":"https:\/\/kendomontpellier.fr\/?page_id=438","url":"https:\/\/kendomontpellier.fr\/?page_id=438","name":"Glossaire du Kendo - Kendo Montpellier Universit\u00e9 Club","isPartOf":{"@id":"https:\/\/kendomontpellier.fr\/#website"},"datePublished":"2022-06-22T14:14:19+00:00","dateModified":"2022-06-29T17:04:02+00:00","breadcrumb":{"@id":"https:\/\/kendomontpellier.fr\/?page_id=438#breadcrumb"},"inLanguage":"fr-FR","potentialAction":[{"@type":"ReadAction","target":["https:\/\/kendomontpellier.fr\/?page_id=438"]}]},{"@type":"BreadcrumbList","@id":"https:\/\/kendomontpellier.fr\/?page_id=438#breadcrumb","itemListElement":[{"@type":"ListItem","position":1,"name":"Accueil","item":"https:\/\/kendomontpellier.fr\/"},{"@type":"ListItem","position":2,"name":"Culture Kendo","item":"https:\/\/kendomontpellier.fr\/?page_id=52"},{"@type":"ListItem","position":3,"name":"Glossaire du Kendo"}]},{"@type":"WebSite","@id":"https:\/\/kendomontpellier.fr\/#website","url":"https:\/\/kendomontpellier.fr\/","name":"Kendo Montpellier Universit\u00e9 Club","description":"Le club de Kendo de Montpellier, membre du MUC et CNKDR","potentialAction":[{"@type":"SearchAction","target":{"@type":"EntryPoint","urlTemplate":"https:\/\/kendomontpellier.fr\/?s={search_term_string}"},"query-input":{"@type":"PropertyValueSpecification","valueRequired":true,"valueName":"search_term_string"}}],"inLanguage":"fr-FR"}]}},"_links":{"self":[{"href":"https:\/\/kendomontpellier.fr\/index.php?rest_route=\/wp\/v2\/pages\/438","targetHints":{"allow":["GET"]}}],"collection":[{"href":"https:\/\/kendomontpellier.fr\/index.php?rest_route=\/wp\/v2\/pages"}],"about":[{"href":"https:\/\/kendomontpellier.fr\/index.php?rest_route=\/wp\/v2\/types\/page"}],"author":[{"embeddable":true,"href":"https:\/\/kendomontpellier.fr\/index.php?rest_route=\/wp\/v2\/users\/1"}],"replies":[{"embeddable":true,"href":"https:\/\/kendomontpellier.fr\/index.php?rest_route=%2Fwp%2Fv2%2Fcomments&post=438"}],"version-history":[{"count":33,"href":"https:\/\/kendomontpellier.fr\/index.php?rest_route=\/wp\/v2\/pages\/438\/revisions"}],"predecessor-version":[{"id":999,"href":"https:\/\/kendomontpellier.fr\/index.php?rest_route=\/wp\/v2\/pages\/438\/revisions\/999"}],"up":[{"embeddable":true,"href":"https:\/\/kendomontpellier.fr\/index.php?rest_route=\/wp\/v2\/pages\/52"}],"wp:attachment":[{"href":"https:\/\/kendomontpellier.fr\/index.php?rest_route=%2Fwp%2Fv2%2Fmedia&parent=438"}],"curies":[{"name":"wp","href":"https:\/\/api.w.org\/{rel}","templated":true}]}}