{"id":56,"date":"2021-05-05T18:50:28","date_gmt":"2021-05-05T16:50:28","guid":{"rendered":"http:\/\/kendomontpellier.fr\/?page_id=56"},"modified":"2023-08-19T18:13:49","modified_gmt":"2023-08-19T16:13:49","slug":"le-club","status":"publish","type":"page","link":"https:\/\/kendomontpellier.fr\/?page_id=56","title":{"rendered":"Le club de Kendo Montpellier Universit\u00e9"},"content":{"rendered":"<p>[et_pb_section fb_built=\u00a0\u00bb1&Prime; _builder_version=\u00a0\u00bb4.17.4&Prime; _module_preset=\u00a0\u00bbdefault\u00a0\u00bb background_color=\u00a0\u00bb#1f3d70&Prime; custom_padding=\u00a0\u00bb0px||0px|||\u00a0\u00bb global_module=\u00a0\u00bb262&Prime; global_colors_info=\u00a0\u00bb{}\u00a0\u00bb][et_pb_row _builder_version=\u00a0\u00bb4.17.4&Prime; _module_preset=\u00a0\u00bbdefault\u00a0\u00bb custom_padding=\u00a0\u00bb12px||14px|||\u00a0\u00bb global_colors_info=\u00a0\u00bb{}\u00a0\u00bb][et_pb_column type=\u00a0\u00bb4_4&Prime; _builder_version=\u00a0\u00bb4.17.4&Prime; _module_preset=\u00a0\u00bbdefault\u00a0\u00bb global_colors_info=\u00a0\u00bb{}\u00a0\u00bb][et_pb_text _builder_version=\u00a0\u00bb4.17.4&Prime; _module_preset=\u00a0\u00bbdefault\u00a0\u00bb text_text_color=\u00a0\u00bb#F9F9F9&Prime; link_text_color=\u00a0\u00bb#F9F9F9&Prime; global_colors_info=\u00a0\u00bb{}\u00a0\u00bb]<\/p>\n<span><span><a href=\"https:\/\/kendomontpellier.fr\/\">Accueil<\/a><\/span><\/span>\n<p>[\/et_pb_text][\/et_pb_column][\/et_pb_row][\/et_pb_section][et_pb_section fb_built=\u00a0\u00bb1&Prime; _builder_version=\u00a0\u00bb4.17.4&Prime; _module_preset=\u00a0\u00bbdefault\u00a0\u00bb background_color=\u00a0\u00bb#263B82&Prime; custom_padding=\u00a0\u00bb30px||38px|||\u00a0\u00bb global_module=\u00a0\u00bb281&Prime; saved_tabs=\u00a0\u00bball\u00a0\u00bb global_colors_info=\u00a0\u00bb{}\u00a0\u00bb][et_pb_row _builder_version=\u00a0\u00bb4.17.4&Prime; _module_preset=\u00a0\u00bbdefault\u00a0\u00bb global_colors_info=\u00a0\u00bb{}\u00a0\u00bb][et_pb_column type=\u00a0\u00bb4_4&Prime; _builder_version=\u00a0\u00bb4.17.4&Prime; _module_preset=\u00a0\u00bbdefault\u00a0\u00bb global_colors_info=\u00a0\u00bb{}\u00a0\u00bb][et_pb_text _builder_version=\u00a0\u00bb4.17.4&Prime; _dynamic_attributes=\u00a0\u00bbcontent\u00a0\u00bb _module_preset=\u00a0\u00bbdefault\u00a0\u00bb text_text_color=\u00a0\u00bb#FFFFFF\u00a0\u00bb header_font=\u00a0\u00bb|||on|||||\u00a0\u00bb header_text_color=\u00a0\u00bb#FFFFFF\u00a0\u00bb header_font_size=\u00a0\u00bb38px\u00a0\u00bb global_colors_info=\u00a0\u00bb{}\u00a0\u00bb]@ET-DC@eyJkeW5hbWljIjp0cnVlLCJjb250ZW50IjoicG9zdF90aXRsZSIsInNldHRpbmdzIjp7ImJlZm9yZSI6IjxoMT4iLCJhZnRlciI6IjwvaDE+In19@[\/et_pb_text][\/et_pb_column][\/et_pb_row][\/et_pb_section][et_pb_section fb_built=\u00a0\u00bb1&Prime; use_custom_gutter=\u00a0\u00bbon\u00a0\u00bb gutter_width=\u00a0\u00bb2&Prime; specialty=\u00a0\u00bbon\u00a0\u00bb _builder_version=\u00a0\u00bb4.17.4&Prime; _module_preset=\u00a0\u00bbdefault\u00a0\u00bb inner_width=\u00a0\u00bb95%\u00a0\u00bb global_colors_info=\u00a0\u00bb{}\u00a0\u00bb][et_pb_column type=\u00a0\u00bb1_4&Prime; _builder_version=\u00a0\u00bb4.16&Prime; custom_padding=\u00a0\u00bb|||\u00a0\u00bb global_colors_info=\u00a0\u00bb{}\u00a0\u00bb custom_padding__hover=\u00a0\u00bb|||\u00a0\u00bb][et_pb_text _builder_version=\u00a0\u00bb4.17.4&Prime; _module_preset=\u00a0\u00bbdefault\u00a0\u00bb background_color=\u00a0\u00bb#F9F9F9&Prime; custom_padding=\u00a0\u00bb20px|20px|20px|20px|true|true\u00a0\u00bb sticky_position=\u00a0\u00bbtop\u00a0\u00bb sticky_offset_top=\u00a0\u00bb20px\u00a0\u00bb sticky_limit_bottom=\u00a0\u00bbsection\u00a0\u00bb sticky_position_tablet=\u00a0\u00bbnone\u00a0\u00bb sticky_position_phone=\u00a0\u00bbnone\u00a0\u00bb sticky_position_last_edited=\u00a0\u00bbon|desktop\u00a0\u00bb global_colors_info=\u00a0\u00bb{}\u00a0\u00bb]<\/p>\n<h2>Sommaire<\/h2>\n<p>Lieu de pratique<\/p>\n<p>Les enseignants<\/p>\n<p>Sense\u00ef : Pierre Lheureux<\/p>\n<p>Dates cl\u00e9s<\/p>\n<p>R\u00e8glement int\u00e9rieur \/ Charte La\u00efcit\u00e9<\/p>\n<p>[\/et_pb_text][\/et_pb_column][et_pb_column type=\u00a0\u00bb3_4&Prime; specialty_columns=\u00a0\u00bb3&Prime; _builder_version=\u00a0\u00bb4.16&Prime; custom_padding=\u00a0\u00bb|||\u00a0\u00bb global_colors_info=\u00a0\u00bb{}\u00a0\u00bb custom_padding__hover=\u00a0\u00bb|||\u00a0\u00bb][et_pb_row_inner _builder_version=\u00a0\u00bb4.17.4&Prime; _module_preset=\u00a0\u00bbdefault\u00a0\u00bb global_colors_info=\u00a0\u00bb{}\u00a0\u00bb][et_pb_column_inner saved_specialty_column_type=\u00a0\u00bb3_4&Prime; _builder_version=\u00a0\u00bb4.17.4&Prime; _module_preset=\u00a0\u00bbdefault\u00a0\u00bb global_colors_info=\u00a0\u00bb{}\u00a0\u00bb][et_pb_text _builder_version=\u00a0\u00bb4.17.4&Prime; _module_preset=\u00a0\u00bbdefault\u00a0\u00bb header_2_font_size=\u00a0\u00bb36px\u00a0\u00bb custom_margin=\u00a0\u00bb||12px|||\u00a0\u00bb global_colors_info=\u00a0\u00bb{}\u00a0\u00bb]<\/p>\n<h2>Le lieu de pratiques<\/h2>\n<p>Le lieu d\u2019entra\u00eenement r\u00e9gulier du club se situe au Lyc\u00e9e La Merci, 3 rue Emile Zola, 34000 Montpellier.<br \/><strong>Remarque importante<\/strong> : l&rsquo;entr\u00e9e n&rsquo;est pas libre, rendez-vous \u00e0 19h00 afin d&rsquo;acc\u00e9der au plus tard \u00e0 19h15 au Dojo tous ensemble.<\/p>\n<p>[\/et_pb_text][\/et_pb_column_inner][\/et_pb_row_inner][et_pb_row_inner _builder_version=\u00a0\u00bb4.16&Prime; _module_preset=\u00a0\u00bbdefault\u00a0\u00bb custom_padding=\u00a0\u00bb0px|||||\u00a0\u00bb global_colors_info=\u00a0\u00bb{}\u00a0\u00bb][et_pb_column_inner saved_specialty_column_type=\u00a0\u00bb3_4&Prime; _builder_version=\u00a0\u00bb4.16&Prime; _module_preset=\u00a0\u00bbdefault\u00a0\u00bb global_colors_info=\u00a0\u00bb{}\u00a0\u00bb][et_pb_text _builder_version=\u00a0\u00bb4.17.4&Prime; _module_preset=\u00a0\u00bbdefault\u00a0\u00bb header_2_font_size=\u00a0\u00bb36px\u00a0\u00bb custom_margin=\u00a0\u00bb||12px|||\u00a0\u00bb global_colors_info=\u00a0\u00bb{}\u00a0\u00bb]<\/p>\n<h2>Les enseignants<\/h2>\n<p>Le club Kendo Montpellier compte 6 enseignants dipl\u00f4m\u00e9s.<\/p>\n<h3>Sensei :<\/h3>\n<p>Pierre Lheureux, Kyoshi 7 dan, jur\u00e9 Kendo, ancien arbitre international, BFHEK.<\/p>\n<h3>Enseignants :<\/h3>\n<p>Fr\u00e9d\u00e9ric Lemoigno, 4 dan, <em>senpa\u00ef<\/em>, BFEK (2008).<\/p>\n<p>Sylvie Miralles-Rolland, 4 dan, CFEB (2014).<\/p>\n<p>Johan Bos, 5 dan, CFEB (2014).<\/p>\n<p>Frank Di Mario, 4 dan, BFEK (2008).<\/p>\n<p>Nicolas Badenne, 4 dan, CFEB (2019).<\/p>\n<p>Gaspard Colsenet, 3 dan, CFEB (2023)<\/p>\n<p>&nbsp;<\/p>\n<p>[\/et_pb_text][et_pb_text _builder_version=\u00a0\u00bb4.17.4&Prime; _module_preset=\u00a0\u00bbdefault\u00a0\u00bb header_2_font_size=\u00a0\u00bb36px\u00a0\u00bb custom_margin=\u00a0\u00bb||12px|||\u00a0\u00bb global_colors_info=\u00a0\u00bb{}\u00a0\u00bb]<\/p>\n<p>* Kyoshi : grade destin\u00e9 aux enseignants \u00e0 partir du 7 Dan et apr\u00e8s obtention du grade <em>renshi<\/em> ; valide de hautes qualit\u00e9s d\u2019enseignement et de transmission, et la ma\u00eetrise profonde de la voie du kendo.<\/p>\n<p>BFHEK (Brevet F\u00e9d\u00e9ral Homologu\u00e9 d&rsquo;Enseignement du Kendo)<\/p>\n<p>BFEK (Brevet F\u00e9d\u00e9ral d&rsquo;Enseignement du Kendo)<\/p>\n<p>CFEB (Certificat F\u00e9d\u00e9ral d&rsquo;Enseignement B\u00e9n\u00e9vole du Kendo)\u00a0<\/p>\n<p>[\/et_pb_text][\/et_pb_column_inner][\/et_pb_row_inner][et_pb_row_inner _builder_version=\u00a0\u00bb4.17.4&Prime; _module_preset=\u00a0\u00bbdefault\u00a0\u00bb global_colors_info=\u00a0\u00bb{}\u00a0\u00bb][et_pb_column_inner saved_specialty_column_type=\u00a0\u00bb3_4&Prime; _builder_version=\u00a0\u00bb4.17.4&Prime; _module_preset=\u00a0\u00bbdefault\u00a0\u00bb global_colors_info=\u00a0\u00bb{}\u00a0\u00bb][et_pb_text _builder_version=\u00a0\u00bb4.17.4&Prime; _module_preset=\u00a0\u00bbdefault\u00a0\u00bb header_2_font_size=\u00a0\u00bb36px\u00a0\u00bb custom_margin=\u00a0\u00bb||12px|||\u00a0\u00bb global_colors_info=\u00a0\u00bb{}\u00a0\u00bb]<\/p>\n<h2>Un sense\u00ef nomm\u00e9 Pierre Lheureux<\/h2>\n<p>L\u2019enseignement est supervis\u00e9 par Pierre Lheureux. Ancien arbitre international, vainqueur de la Coupe de France cat\u00e9gorie 2 dan en 1982, second au Championnat d\u2019Europe Goodwill \u00e0 Barcelone en 1992. En 2006, il a pass\u00e9 avec succ\u00e8s son 7 dan \u00e0 Kyoto : c\u2019est le plus haut grade atteint par un pratiquant fran\u00e7ais. Il a obtenu le grade de Kyoshi* \u00e0 Tokyo en 2011.<\/p>\n<p>Titulaire d\u2019un brevet f\u00e9d\u00e9ral (BFHEK), Pierre Lheureux a d\u00e9but\u00e9 le kendo au club de Lille, en 1976, sous l\u2019\u00e9gide de Jean-Pierre Raick, figure historique de l\u2019enseignement du kendo en France. Il enseigne le kendo depuis 1979.<\/p>\n<p>* <em>Kyoshi<\/em> : grade destin\u00e9 aux enseignants \u00e0 partir du 7 dan et apr\u00e8s obtention du grade <em>Renshi<\/em> ; valide de hautes qualit\u00e9s d\u2019enseignement et de transmission, et la ma\u00eetrise profonde de la voie du kendo.<\/p>\n<p>&nbsp;<\/p>\n<p>[\/et_pb_text][\/et_pb_column_inner][\/et_pb_row_inner][et_pb_row_inner _builder_version=\u00a0\u00bb4.17.4&Prime; _module_preset=\u00a0\u00bbdefault\u00a0\u00bb global_colors_info=\u00a0\u00bb{}\u00a0\u00bb][et_pb_column_inner saved_specialty_column_type=\u00a0\u00bb3_4&Prime; _builder_version=\u00a0\u00bb4.17.4&Prime; _module_preset=\u00a0\u00bbdefault\u00a0\u00bb global_colors_info=\u00a0\u00bb{}\u00a0\u00bb][et_pb_text _builder_version=\u00a0\u00bb4.17.4&Prime; _module_preset=\u00a0\u00bbdefault\u00a0\u00bb header_2_font_size=\u00a0\u00bb36px\u00a0\u00bb custom_margin=\u00a0\u00bb||12px|||\u00a0\u00bb global_colors_info=\u00a0\u00bb{}\u00a0\u00bb]<\/p>\n<h2>Le club en quelques dates<\/h2>\n<p>1994 : Pierre et Marie Lheureux s\u2019installent dans la r\u00e9gion de Montpellier. Tous deux sont tr\u00e8s investis dans le kendo et entendent bien transmettre leur passion\u2026<\/p>\n<p>1996 : Pierre Lheureux commence \u00e0 donner des cours \u00e0 Montpellier. Les entra\u00eenements ont lieu au Club Occitan de Karat\u00e9 (COK), comprenant notamment le P\u00f4le France dans cette discipline.<\/p>\n<p>2002 : Pierre et Marie Lheureux cr\u00e9ent une nouvelle structure d\u2019enseignement du kendo\u00a0: ainsi na\u00eet l\u2019association \u00ab Kendo de l\u2019Etang de l\u2019Or \u00bb.<\/p>\n<p>2006 : le club cr\u00e9e une section \u00ab jeunes \u00bb.<\/p>\n<p>2011 : le club Kendo Montpellier atteint 86 licenci\u00e9s.<\/p>\n<p>2014 : le club rejoint le MUC : une nouvelle association est ainsi cr\u00e9\u00e9e pour int\u00e9grer cette structure. Le club prend d\u00e9sormais l\u2019appellation de \u00ab\u00a0Kendo Montpellier Universit\u00e9 Club\u00a0\u00bb<\/p>\n<p>2017 : en janvier, le club organise pour la CRKDR Occitanie un Stage r\u00e9gional Occitanie, avec des passages de grade du 1 Dan au 3 Dan. En janvier 2018, ce stage est r\u00e9\u00e9dit\u00e9 dans les m\u00eames conditions.<\/p>\n<p>2018 : octobre, au vu du succ\u00e8s de ces deux \u00e9ditions, le club organise un stage inter-r\u00e9gional de Kendo Occitanie \u2013 PACA, avec passages de grade du 1 Dan au 5 Dan. Ce stage, reconduit chaque ann\u00e9e, rassemble 150 participants de 8 \u00e0 76 ans, venant de nombreux endroits, Pau, Marseille, Barcelone, Italie\u2026 Ces diverses manifestations sont ouvertes aux spectateurs.<\/p>\n<p>2019 : le club organise un stage inter-r\u00e9gional de Kendo Occitanie \u2013 PACA, avec passages de grade du 1 Dan au 5 Dan.<\/p>\n<p>2021 : le club organise un stage inter-r\u00e9gional de Kendo Occitanie \u2013 PACA, avec passages de grade du 1 Dan au 5 Dan au gymnase Olympie \u00e0 Montpellier.<\/p>\n<p>2022 : le club organise un stage EKF (European Kendo Federation) de Kendo avec la participation de 3 japonais Hanshi 8 Dan, avec passages de grade du 1 Dan au 7 Dan.<\/p>\n<p>2023 : le club organise un stage inter-r\u00e9gional de Kendo Occitanie \u2013 PACA, avec passages de grade du 1 Dan au 3 Dan au gymnase Olympie \u00e0 Montpellier<\/p>\n<p>[\/et_pb_text][\/et_pb_column_inner][\/et_pb_row_inner][et_pb_row_inner _builder_version=\u00a0\u00bb4.17.4&Prime; _module_preset=\u00a0\u00bbdefault\u00a0\u00bb global_colors_info=\u00a0\u00bb{}\u00a0\u00bb][et_pb_column_inner saved_specialty_column_type=\u00a0\u00bb3_4&Prime; _builder_version=\u00a0\u00bb4.17.4&Prime; _module_preset=\u00a0\u00bbdefault\u00a0\u00bb global_colors_info=\u00a0\u00bb{}\u00a0\u00bb][et_pb_text _builder_version=\u00a0\u00bb4.18.0&Prime; _module_preset=\u00a0\u00bbdefault\u00a0\u00bb header_2_font_size=\u00a0\u00bb36px\u00a0\u00bb custom_margin=\u00a0\u00bb||12px|||\u00a0\u00bb global_colors_info=\u00a0\u00bb{}\u00a0\u00bb]<\/p>\n<h2>R\u00e8glement int\u00e9rieur \/ Charte de La\u00efcit\u00e9 du club<\/h2>\n<p>Voir le r\u00e8glement int\u00e9rieur et la charte de la\u00efcit\u00e9 au format PDF<\/p>\n<p><a href=\"https:\/\/kendomontpellier.fr\/wp-content\/uploads\/2022\/06\/Re\u0301glement-inte\u0301rieur-2022.pdf\" target=\"_blank\" rel=\"noopener\">R\u00e8glement int\u00e9rieur &#8211; Club de Kendo<\/a> (PDF &#8211; 125ko)<\/p>\n<p><a href=\"https:\/\/kendomontpellier.fr\/wp-content\/uploads\/2022\/10\/Charte-laicite-2022.pdf\">Charte la\u00efcit\u00e9 &#8211; Club Kendo Montpellier<\/a> (PDF &#8211; 631ko)<\/p>\n<p>[\/et_pb_text][\/et_pb_column_inner][\/et_pb_row_inner][\/et_pb_column][\/et_pb_section]<\/p>\n","protected":false},"excerpt":{"rendered":"<p><span><span><a href=\"https:\/\/kendomontpellier.fr\/\">Accueil<\/a><\/span><\/span>Sommaire Lieu de pratique Les enseignants Sense\u00ef : Pierre Lheureux Dates cl\u00e9s R\u00e8glement int\u00e9rieur \/ Charte La\u00efcit\u00e9Le lieu de pratiques Le lieu d\u2019entra\u00eenement r\u00e9gulier du club se situe au Lyc\u00e9e La Merci, 3 rue Emile Zola, 34000 Montpellier.Remarque importante : l&rsquo;entr\u00e9e n&rsquo;est pas libre, rendez-vous \u00e0 19h00 afin d&rsquo;acc\u00e9der au plus tard \u00e0 19h15 au [&hellip;]<\/p>\n","protected":false},"author":1,"featured_media":0,"parent":0,"menu_order":10,"comment_status":"closed","ping_status":"closed","template":"","meta":{"_et_pb_use_builder":"on","_et_pb_old_content":"<!-- wp:divi\/placeholder \/-->","_et_gb_content_width":"","footnotes":""},"class_list":["post-56","page","type-page","status-publish","hentry"],"yoast_head":"<!-- This site is optimized with the Yoast SEO plugin v27.3 - https:\/\/yoast.com\/product\/yoast-seo-wordpress\/ -->\n<title>Le club de Kendo Montpellier Universit\u00e9 - Kendo Montpellier Universit\u00e9 Club<\/title>\n<meta name=\"robots\" content=\"index, follow, max-snippet:-1, max-image-preview:large, max-video-preview:-1\" \/>\n<link rel=\"canonical\" href=\"https:\/\/kendomontpellier.fr\/?page_id=56\" \/>\n<meta property=\"og:locale\" content=\"fr_FR\" \/>\n<meta property=\"og:type\" content=\"article\" \/>\n<meta property=\"og:title\" content=\"Le club de Kendo Montpellier Universit\u00e9 - Kendo Montpellier Universit\u00e9 Club\" \/>\n<meta property=\"og:description\" content=\"Sommaire Lieu de pratique Les enseignants Sense\u00ef : Pierre Lheureux Dates cl\u00e9s R\u00e8glement int\u00e9rieur \/ Charte La\u00efcit\u00e9Le lieu de pratiques Le lieu d\u2019entra\u00eenement r\u00e9gulier du club se situe au Lyc\u00e9e La Merci, 3 rue Emile Zola, 34000 Montpellier.Remarque importante : l&#039;entr\u00e9e n&#039;est pas libre, rendez-vous \u00e0 19h00 afin d&#039;acc\u00e9der au plus tard \u00e0 19h15 au [&hellip;]\" \/>\n<meta property=\"og:url\" content=\"https:\/\/kendomontpellier.fr\/?page_id=56\" \/>\n<meta property=\"og:site_name\" content=\"Kendo Montpellier Universit\u00e9 Club\" \/>\n<meta property=\"article:modified_time\" content=\"2023-08-19T16:13:49+00:00\" \/>\n<meta name=\"twitter:card\" content=\"summary_large_image\" \/>\n<meta name=\"twitter:label1\" content=\"Dur\u00e9e de lecture estim\u00e9e\" \/>\n\t<meta name=\"twitter:data1\" content=\"3 minutes\" \/>\n<script type=\"application\/ld+json\" class=\"yoast-schema-graph\">{\"@context\":\"https:\\\/\\\/schema.org\",\"@graph\":[{\"@type\":\"WebPage\",\"@id\":\"https:\\\/\\\/kendomontpellier.fr\\\/?page_id=56\",\"url\":\"https:\\\/\\\/kendomontpellier.fr\\\/?page_id=56\",\"name\":\"Le club de Kendo Montpellier Universit\u00e9 - Kendo Montpellier Universit\u00e9 Club\",\"isPartOf\":{\"@id\":\"https:\\\/\\\/kendomontpellier.fr\\\/#website\"},\"datePublished\":\"2021-05-05T16:50:28+00:00\",\"dateModified\":\"2023-08-19T16:13:49+00:00\",\"breadcrumb\":{\"@id\":\"https:\\\/\\\/kendomontpellier.fr\\\/?page_id=56#breadcrumb\"},\"inLanguage\":\"fr-FR\",\"potentialAction\":[{\"@type\":\"ReadAction\",\"target\":[\"https:\\\/\\\/kendomontpellier.fr\\\/?page_id=56\"]}]},{\"@type\":\"BreadcrumbList\",\"@id\":\"https:\\\/\\\/kendomontpellier.fr\\\/?page_id=56#breadcrumb\",\"itemListElement\":[{\"@type\":\"ListItem\",\"position\":1,\"name\":\"Accueil\",\"item\":\"https:\\\/\\\/kendomontpellier.fr\\\/\"},{\"@type\":\"ListItem\",\"position\":2,\"name\":\"Le club\"}]},{\"@type\":\"WebSite\",\"@id\":\"https:\\\/\\\/kendomontpellier.fr\\\/#website\",\"url\":\"https:\\\/\\\/kendomontpellier.fr\\\/\",\"name\":\"Kendo Montpellier Universit\u00e9 Club\",\"description\":\"Le club de Kendo de Montpellier, membre du MUC et CNKDR\",\"potentialAction\":[{\"@type\":\"SearchAction\",\"target\":{\"@type\":\"EntryPoint\",\"urlTemplate\":\"https:\\\/\\\/kendomontpellier.fr\\\/?s={search_term_string}\"},\"query-input\":{\"@type\":\"PropertyValueSpecification\",\"valueRequired\":true,\"valueName\":\"search_term_string\"}}],\"inLanguage\":\"fr-FR\"}]}<\/script>\n<!-- \/ Yoast SEO plugin. -->","yoast_head_json":{"title":"Le club de Kendo Montpellier Universit\u00e9 - Kendo Montpellier Universit\u00e9 Club","robots":{"index":"index","follow":"follow","max-snippet":"max-snippet:-1","max-image-preview":"max-image-preview:large","max-video-preview":"max-video-preview:-1"},"canonical":"https:\/\/kendomontpellier.fr\/?page_id=56","og_locale":"fr_FR","og_type":"article","og_title":"Le club de Kendo Montpellier Universit\u00e9 - Kendo Montpellier Universit\u00e9 Club","og_description":"Sommaire Lieu de pratique Les enseignants Sense\u00ef : Pierre Lheureux Dates cl\u00e9s R\u00e8glement int\u00e9rieur \/ Charte La\u00efcit\u00e9Le lieu de pratiques Le lieu d\u2019entra\u00eenement r\u00e9gulier du club se situe au Lyc\u00e9e La Merci, 3 rue Emile Zola, 34000 Montpellier.Remarque importante : l'entr\u00e9e n'est pas libre, rendez-vous \u00e0 19h00 afin d'acc\u00e9der au plus tard \u00e0 19h15 au [&hellip;]","og_url":"https:\/\/kendomontpellier.fr\/?page_id=56","og_site_name":"Kendo Montpellier Universit\u00e9 Club","article_modified_time":"2023-08-19T16:13:49+00:00","twitter_card":"summary_large_image","twitter_misc":{"Dur\u00e9e de lecture estim\u00e9e":"3 minutes"},"schema":{"@context":"https:\/\/schema.org","@graph":[{"@type":"WebPage","@id":"https:\/\/kendomontpellier.fr\/?page_id=56","url":"https:\/\/kendomontpellier.fr\/?page_id=56","name":"Le club de Kendo Montpellier Universit\u00e9 - Kendo Montpellier Universit\u00e9 Club","isPartOf":{"@id":"https:\/\/kendomontpellier.fr\/#website"},"datePublished":"2021-05-05T16:50:28+00:00","dateModified":"2023-08-19T16:13:49+00:00","breadcrumb":{"@id":"https:\/\/kendomontpellier.fr\/?page_id=56#breadcrumb"},"inLanguage":"fr-FR","potentialAction":[{"@type":"ReadAction","target":["https:\/\/kendomontpellier.fr\/?page_id=56"]}]},{"@type":"BreadcrumbList","@id":"https:\/\/kendomontpellier.fr\/?page_id=56#breadcrumb","itemListElement":[{"@type":"ListItem","position":1,"name":"Accueil","item":"https:\/\/kendomontpellier.fr\/"},{"@type":"ListItem","position":2,"name":"Le club"}]},{"@type":"WebSite","@id":"https:\/\/kendomontpellier.fr\/#website","url":"https:\/\/kendomontpellier.fr\/","name":"Kendo Montpellier Universit\u00e9 Club","description":"Le club de Kendo de Montpellier, membre du MUC et CNKDR","potentialAction":[{"@type":"SearchAction","target":{"@type":"EntryPoint","urlTemplate":"https:\/\/kendomontpellier.fr\/?s={search_term_string}"},"query-input":{"@type":"PropertyValueSpecification","valueRequired":true,"valueName":"search_term_string"}}],"inLanguage":"fr-FR"}]}},"_links":{"self":[{"href":"https:\/\/kendomontpellier.fr\/index.php?rest_route=\/wp\/v2\/pages\/56","targetHints":{"allow":["GET"]}}],"collection":[{"href":"https:\/\/kendomontpellier.fr\/index.php?rest_route=\/wp\/v2\/pages"}],"about":[{"href":"https:\/\/kendomontpellier.fr\/index.php?rest_route=\/wp\/v2\/types\/page"}],"author":[{"embeddable":true,"href":"https:\/\/kendomontpellier.fr\/index.php?rest_route=\/wp\/v2\/users\/1"}],"replies":[{"embeddable":true,"href":"https:\/\/kendomontpellier.fr\/index.php?rest_route=%2Fwp%2Fv2%2Fcomments&post=56"}],"version-history":[{"count":54,"href":"https:\/\/kendomontpellier.fr\/index.php?rest_route=\/wp\/v2\/pages\/56\/revisions"}],"predecessor-version":[{"id":1326,"href":"https:\/\/kendomontpellier.fr\/index.php?rest_route=\/wp\/v2\/pages\/56\/revisions\/1326"}],"wp:attachment":[{"href":"https:\/\/kendomontpellier.fr\/index.php?rest_route=%2Fwp%2Fv2%2Fmedia&parent=56"}],"curies":[{"name":"wp","href":"https:\/\/api.w.org\/{rel}","templated":true}]}}