{"id":77,"date":"2021-05-05T18:55:16","date_gmt":"2021-05-05T16:55:16","guid":{"rendered":"http:\/\/kendomontpellier.fr\/?page_id=77"},"modified":"2022-06-30T01:26:36","modified_gmt":"2022-06-29T23:26:36","slug":"la-pratique-du-kendo","status":"publish","type":"page","link":"https:\/\/kendomontpellier.fr\/?page_id=77","title":{"rendered":"La pratique du Kendo"},"content":{"rendered":"<p>[et_pb_section fb_built=\u00a0\u00bb1&Prime; _builder_version=\u00a0\u00bb4.17.4&Prime; _module_preset=\u00a0\u00bbdefault\u00a0\u00bb background_color=\u00a0\u00bb#1f3d70&Prime; custom_padding=\u00a0\u00bb0px||0px|||\u00a0\u00bb global_module=\u00a0\u00bb262&Prime; global_colors_info=\u00a0\u00bb{}\u00a0\u00bb][et_pb_row _builder_version=\u00a0\u00bb4.17.4&Prime; _module_preset=\u00a0\u00bbdefault\u00a0\u00bb custom_padding=\u00a0\u00bb12px||14px|||\u00a0\u00bb global_colors_info=\u00a0\u00bb{}\u00a0\u00bb][et_pb_column type=\u00a0\u00bb4_4&Prime; _builder_version=\u00a0\u00bb4.17.4&Prime; _module_preset=\u00a0\u00bbdefault\u00a0\u00bb global_colors_info=\u00a0\u00bb{}\u00a0\u00bb][et_pb_text _builder_version=\u00a0\u00bb4.17.4&Prime; _module_preset=\u00a0\u00bbdefault\u00a0\u00bb text_text_color=\u00a0\u00bb#F9F9F9&Prime; link_text_color=\u00a0\u00bb#F9F9F9&Prime; global_colors_info=\u00a0\u00bb{}\u00a0\u00bb]<\/p>\n<span><span><a href=\"https:\/\/kendomontpellier.fr\/\">Accueil<\/a><\/span><\/span>\n<p>[\/et_pb_text][\/et_pb_column][\/et_pb_row][\/et_pb_section][et_pb_section fb_built=\u00a0\u00bb1&Prime; _builder_version=\u00a0\u00bb4.17.4&Prime; _module_preset=\u00a0\u00bbdefault\u00a0\u00bb background_color=\u00a0\u00bb#263B82&Prime; custom_padding=\u00a0\u00bb30px||30px||true|false\u00a0\u00bb global_colors_info=\u00a0\u00bb{}\u00a0\u00bb][et_pb_row _builder_version=\u00a0\u00bb4.17.4&Prime; _module_preset=\u00a0\u00bbdefault\u00a0\u00bb global_colors_info=\u00a0\u00bb{}\u00a0\u00bb][et_pb_column type=\u00a0\u00bb4_4&Prime; _builder_version=\u00a0\u00bb4.17.4&Prime; _module_preset=\u00a0\u00bbdefault\u00a0\u00bb global_colors_info=\u00a0\u00bb{}\u00a0\u00bb][et_pb_text _builder_version=\u00a0\u00bb4.17.4&Prime; _dynamic_attributes=\u00a0\u00bbcontent\u00a0\u00bb _module_preset=\u00a0\u00bbdefault\u00a0\u00bb header_font=\u00a0\u00bb|||on|||||\u00a0\u00bb header_text_color=\u00a0\u00bb#FFFFFF\u00a0\u00bb header_font_size=\u00a0\u00bb36px\u00a0\u00bb global_colors_info=\u00a0\u00bb{}\u00a0\u00bb]@ET-DC@eyJkeW5hbWljIjp0cnVlLCJjb250ZW50IjoicG9zdF90aXRsZSIsInNldHRpbmdzIjp7ImJlZm9yZSI6IjxoMT4iLCJhZnRlciI6IjwvaDE+In19@[\/et_pb_text][et_pb_text _builder_version=\u00a0\u00bb4.17.4&Prime; _module_preset=\u00a0\u00bbdefault\u00a0\u00bb text_font_size=\u00a0\u00bb20px\u00a0\u00bb text_line_height=\u00a0\u00bb1.3em\u00a0\u00bb background_layout=\u00a0\u00bbdark\u00a0\u00bb global_colors_info=\u00a0\u00bb{}\u00a0\u00bb]<\/p>\n<p><em>\u00ab\u00a0Le kendo est un chemin de progression personnelle\u00a0\u00bb<\/em><br \/>Pierre Lheureux<\/p>\n<p>[\/et_pb_text][\/et_pb_column][\/et_pb_row][\/et_pb_section][et_pb_section fb_built=\u00a0\u00bb1&Prime; use_custom_gutter=\u00a0\u00bbon\u00a0\u00bb gutter_width=\u00a0\u00bb2&Prime; specialty=\u00a0\u00bbon\u00a0\u00bb _builder_version=\u00a0\u00bb4.17.4&Prime; _module_preset=\u00a0\u00bbdefault\u00a0\u00bb inner_width=\u00a0\u00bb95%\u00a0\u00bb custom_padding=\u00a0\u00bb0px|||||\u00a0\u00bb global_colors_info=\u00a0\u00bb{}\u00a0\u00bb][et_pb_column type=\u00a0\u00bb1_4&Prime; _builder_version=\u00a0\u00bb4.16&Prime; custom_padding=\u00a0\u00bb|||\u00a0\u00bb global_colors_info=\u00a0\u00bb{}\u00a0\u00bb custom_padding__hover=\u00a0\u00bb|||\u00a0\u00bb][et_pb_text _builder_version=\u00a0\u00bb4.17.4&Prime; _module_preset=\u00a0\u00bbdefault\u00a0\u00bb background_color=\u00a0\u00bb#F9F9F9&Prime; custom_padding=\u00a0\u00bb20px|20px|20px|20px|true|true\u00a0\u00bb sticky_position=\u00a0\u00bbtop\u00a0\u00bb sticky_offset_top=\u00a0\u00bb20px\u00a0\u00bb sticky_limit_bottom=\u00a0\u00bbsection\u00a0\u00bb sticky_position_tablet=\u00a0\u00bbnone\u00a0\u00bb sticky_position_phone=\u00a0\u00bbnone\u00a0\u00bb sticky_position_last_edited=\u00a0\u00bbon|desktop\u00a0\u00bb global_colors_info=\u00a0\u00bb{}\u00a0\u00bb]<\/p>\n<h2>Sommaire<\/h2>\n<p><a href=\"#qu-est-ce-que-le-kendo\">Qu&rsquo;est-ce que le Kendo ?<\/a><\/p>\n<p><a href=\"#comment-se-deroule-un-cours-de-kendo\">Comment se d\u00e9roule un cours ?<\/a><\/p>\n<p><a href=\"#etiquette-reigi\">L&rsquo;\u00e9tiquette Reigi<\/a><\/p>\n<p><a href=\"#une-discipline-ouverte-a-tous\">Une discipline ouverte \u00e0 tous<\/a><\/p>\n<p>[\/et_pb_text][\/et_pb_column][et_pb_column type=\u00a0\u00bb3_4&Prime; specialty_columns=\u00a0\u00bb3&Prime; _builder_version=\u00a0\u00bb4.16&Prime; custom_padding=\u00a0\u00bb|||\u00a0\u00bb global_colors_info=\u00a0\u00bb{}\u00a0\u00bb custom_padding__hover=\u00a0\u00bb|||\u00a0\u00bb][et_pb_row_inner _builder_version=\u00a0\u00bb4.16&Prime; _module_preset=\u00a0\u00bbdefault\u00a0\u00bb global_colors_info=\u00a0\u00bb{}\u00a0\u00bb][et_pb_column_inner saved_specialty_column_type=\u00a0\u00bb3_4&Prime; _builder_version=\u00a0\u00bb4.16&Prime; _module_preset=\u00a0\u00bbdefault\u00a0\u00bb global_colors_info=\u00a0\u00bb{}\u00a0\u00bb][et_pb_text module_id=\u00a0\u00bbqu-est-ce-que-le-kendo\u00a0\u00bb _builder_version=\u00a0\u00bb4.17.4&Prime; _module_preset=\u00a0\u00bbdefault\u00a0\u00bb global_colors_info=\u00a0\u00bb{}\u00a0\u00bb]<\/p>\n<h2>Le kendo, qu\u2019est-ce que c\u2019est ?<\/h2>\n<p>Enfants et ados bienvenus ! Le kendo ? C\u2019est l\u2019art du sabre japonais. Un art qui s\u2019adresse \u00e0 tous, d\u00e8s l\u2019\u00e2ge de 8 ans. Les samoura\u00efs modernes pratiquent avec un shinai : sabre souple form\u00e9 de lattes de bambou, qui permet de se livrer sans risque \u00e0 de vrais combats en armure. Pratique sportive, le kendo constitue \u00e9galement un exercice pour l\u2019esprit : il favorise la concentration, la d\u00e9termination, la s\u00e9r\u00e9nit\u00e9.<\/p>\n<p>Le club Kendo Montpellier compte 6 enseignants dipl\u00f4m\u00e9s dont une enseignante, Sylvie Rolland. Pierre Lheureux, directeur technique du club et Kyoshi 7 Dan, est l\u2019un des plus hauts grad\u00e9s de la discipline en France<\/p>\n<p>Les samoura\u00efs modernes pratiquent avec un shinai : sabre souple form\u00e9 de lattes de bambou, qui permet de se livrer sans risque \u00e0 de vrais combats en armure.<\/p>\n<p>[\/et_pb_text][et_pb_video src=\u00a0\u00bbhttps:\/\/youtu.be\/ifPQDTL8AAU\u00a0\u00bb _builder_version=\u00a0\u00bb4.17.4&Prime; _module_preset=\u00a0\u00bbdefault\u00a0\u00bb hover_enabled=\u00a0\u00bb0&Prime; sticky_enabled=\u00a0\u00bb0&Prime;][\/et_pb_video][et_pb_video src=\u00a0\u00bbhttps:\/\/youtu.be\/SFVUNGXWsSs\u00a0\u00bb _builder_version=\u00a0\u00bb4.17.4&Prime; _module_preset=\u00a0\u00bbdefault\u00a0\u00bb locked=\u00a0\u00bboff\u00a0\u00bb global_colors_info=\u00a0\u00bb{}\u00a0\u00bb][\/et_pb_video][et_pb_text module_id=\u00a0\u00bbcomment-se-deroule-un-cours-de-kendo\u00a0\u00bb _builder_version=\u00a0\u00bb4.17.4&Prime; _module_preset=\u00a0\u00bbdefault\u00a0\u00bb header_3_text_color=\u00a0\u00bb#165CAD\u00a0\u00bb header_3_line_height=\u00a0\u00bb1.5em\u00a0\u00bb global_colors_info=\u00a0\u00bb{}\u00a0\u00bb]<\/p>\n<h2>Comment se d\u00e9roule un cours de Kendo ?<\/h2>\n<h3>Le dojo<\/h3>\n<p>Le kendo se pratique traditionnellement dans un <em>d\u014dj\u014d<\/em>. Les kenshi pratiquent pieds nus, aussi une salle \u00e9quip\u00e9e d\u2019un plancher est-elle en principe requise.<\/p>\n<h3>Entraide et partage<\/h3>\n<p>En kendo, les s\u00e9ances sont traditionnellement organis\u00e9es de mani\u00e8re \u00e0 stimuler le partage des connaissances et l\u2019entraide entre pratiquants : les kenshi les plus avanc\u00e9s pratiquent ainsi aux c\u00f4t\u00e9s des d\u00e9butants. Cela permet aux anciens de perfectionner leur potentialit\u00e9 \u00e0 faire travailler leur partenaire. Ils guident les novices dans leur apprentissage en devenant <em>motodachi<\/em>, c\u2019est-\u00e0-dire \u00ab <em>celui qui fait travailler<\/em> \u00bb. C\u2019est aussi l\u2019occasion, pour ces kenshi confirm\u00e9s, d\u2019affiner leur pratique par la p\u00e9dagogie.<\/p>\n<p>Ce r\u00f4le est assum\u00e9 par chacun \u00e0 tour de r\u00f4le : \u00e0 chaque s\u00e9ance, les d\u00e9butants exp\u00e9rimentent \u00e0 leur tour le r\u00f4le de <em>motodachi\u00a0<\/em>: une alternance qui leur permet de varier les angles d\u2019approche, d\u2019enrichir leur pratique et de favoriser leur progression.<\/p>\n<h3>Des Kata aux combats<\/h3>\n<p>Plusieurs types de pratiques peuvent se rencontrer au sein d\u2019un m\u00eame cours, <em>kata<\/em> ou combats, mais aussi <em>suburi<\/em> (exercice solitaire de frappes \u00ab \u00e0 vide \u00bb) et exercices de frappes \u00e0 deux, en interaction.<\/p>\n<p><strong>Les Kata<\/strong><\/p>\n<p>Synth\u00e8ses de diff\u00e9rentes \u00e9coles anciennes, les kata se composent de dix s\u00e9quences de combat codifi\u00e9es entre deux partenaires, sept avec le <em>bokken<\/em> (sabre long en bois) et trois avec un <em>kodachi<\/em> (sabre court). R\u00e9alis\u00e9s par des pratiquants sans armures, ces encha\u00eenements pr\u00e9cis de techniques permettent de corriger et de mieux assimiler gestes, postures et distances de combat.<\/p>\n<p><strong>Les combats<\/strong><\/p>\n<p><em>Fighto\u00a0!<\/em> disent les japonais pendant les combats.<\/p>\n<p><em>Geiko<\/em>, <em>shiai<\/em>\u2026 quel que soit le type d\u2019affrontement choisi (il en existe de diff\u00e9rents types) c\u2019est le moment de mettre ses acquis en application contre un v\u00e9ritable adversaire. Dans un combat en armure, vous essayez de couper le premier. Mais attention, la coupe doit \u00eatre valable\u00a0! Elle est valid\u00e9e en fonction de crit\u00e8res pr\u00e9cis. Lorsqu\u2019ils sont v\u00e9rifi\u00e9s, le point est alors comptabilis\u00e9 par les juges\u00a0: on parle de <em>ippon<\/em>, comme au judo ou au karat\u00e9.<\/p>\n<h3>Pratiquer en toute s\u00e9curit\u00e9<\/h3>\n<p>S\u00e9curit\u00e9 et bien-\u00eatre sont des \u00e9l\u00e9ments fondamentaux de la pratique. Au Kendo Montpellier Universit\u00e9 Club, les enseignants dipl\u00f4m\u00e9s veillent \u00e0 ce que soient respect\u00e9s tous les points cruciaux pour une s\u00e9curit\u00e9 optimale (\u00e9chauffement, v\u00e9rification des shinai, hydratation, vigilance pendant la pratique, retour au calme en fin de s\u00e9ance\u2026)<\/p>\n<p>[\/et_pb_text][\/et_pb_column_inner][\/et_pb_row_inner][et_pb_row_inner _builder_version=\u00a0\u00bb4.16&Prime; _module_preset=\u00a0\u00bbdefault\u00a0\u00bb global_colors_info=\u00a0\u00bb{}\u00a0\u00bb][et_pb_column_inner saved_specialty_column_type=\u00a0\u00bb3_4&Prime; _builder_version=\u00a0\u00bb4.16&Prime; _module_preset=\u00a0\u00bbdefault\u00a0\u00bb global_colors_info=\u00a0\u00bb{}\u00a0\u00bb][et_pb_text module_id=\u00a0\u00bbetiquette-reigi\u00a0\u00bb _builder_version=\u00a0\u00bb4.17.4&Prime; _module_preset=\u00a0\u00bbdefault\u00a0\u00bb global_colors_info=\u00a0\u00bb{}\u00a0\u00bb]<\/p>\n<h2>L\u2019\u00e9tiquette (reigi)<\/h2>\n<p>\u00ab <em>Le kendo commence et se termine par un salut<\/em>. \u00bb<\/p>\n<p>Cette r\u00e8gle fondamentale enseign\u00e9e dans tous les dojos souligne l&rsquo;importance de la rigueur et de la discipline. L&rsquo;\u00e9tiquette fait ainsi partie \u00e0 part enti\u00e8re de la pratique du kendo. Les rituels (le salut, mais aussi la fa\u00e7on de s&rsquo;aligner dans le dojo, la mani\u00e8re de s&rsquo;\u00e9quiper, de tenir son <em>shinai<\/em>\u2026) sont autant de conventions dont l&rsquo;origine remonte \u00e0 l&rsquo;\u00e9poque des samoura\u00efs. Elles peuvent varier l\u00e9g\u00e8rement selon les professeurs et les dojo.<\/p>\n<p>L&rsquo;\u00e9tiquette exprime le respect et la gratitude envers les autres pratiquants et les professeurs, mais aussi envers le dojo et le mat\u00e9riel. Elle contribue aussi \u00e0 cr\u00e9er un cadre qui permet de rompre avec l\u2019agitation du quotidien. En p\u00e9n\u00e9trant dans le dojo, le kenshi s\u2019offre un moment de recueillement, de recentrage sur lui-m\u00eame. Un \u00e9tat d\u2019esprit n\u00e9cessaire pour aborder sereinement le travail : pratiquer pour progresser\u2026<\/p>\n<p>[\/et_pb_text][\/et_pb_column_inner][\/et_pb_row_inner][et_pb_row_inner _builder_version=\u00a0\u00bb4.16&Prime; _module_preset=\u00a0\u00bbdefault\u00a0\u00bb global_colors_info=\u00a0\u00bb{}\u00a0\u00bb][et_pb_column_inner saved_specialty_column_type=\u00a0\u00bb3_4&Prime; _builder_version=\u00a0\u00bb4.16&Prime; _module_preset=\u00a0\u00bbdefault\u00a0\u00bb global_colors_info=\u00a0\u00bb{}\u00a0\u00bb][et_pb_text module_id=\u00a0\u00bbune-discipline-ouverte-a-tous\u00a0\u00bb _builder_version=\u00a0\u00bb4.17.4&Prime; _module_preset=\u00a0\u00bbdefault\u00a0\u00bb global_colors_info=\u00a0\u00bb{}\u00a0\u00bb]<\/p>\n<h2>Une discipline ouverte \u00e0 tous<\/h2>\n<p>Le kendo est une pratique peu traumatisante et les blessures sont rares. Les protections rendent les combats en armure, m\u00eame engag\u00e9s, inoffensifs. C\u2019est donc une activit\u00e9 ouverte \u00e0 tous, enfants, femmes, hommes, sans limite d\u2019\u00e2ge.<\/p>\n<p>On peut commencer le kendo d\u00e8s l\u2019\u00e2ge de 8 ans, sur autorisation des professeurs. Au Japon, il n\u2019est pas rare de voir pratiquer des tout petits \u00e0 partir de 6 ans\u00a0!<\/p>\n<p>Cet art martial est souvent pris\u00e9 par les femmes ; le club Kendo Montpellier compte une enseignante et en moyenne un tiers de pratiquantes f\u00e9minines.<\/p>\n<p><strong>Remarque concernant l&rsquo;accueil des handicap\u00e9s<\/strong> : actuellement, le club n&rsquo;est pas en mesure de proposer un cours adapt\u00e9 aux personnes handicap\u00e9es.<\/p>\n<p>&nbsp;<\/p>\n<p>[\/et_pb_text][\/et_pb_column_inner][\/et_pb_row_inner][\/et_pb_column][\/et_pb_section]<\/p>\n","protected":false},"excerpt":{"rendered":"<p><span><span><a href=\"https:\/\/kendomontpellier.fr\/\">Accueil<\/a><\/span><\/span>\u00ab\u00a0Le kendo est un chemin de progression personnelle\u00a0\u00bbPierre LheureuxSommaire Qu&rsquo;est-ce que le Kendo ? Comment se d\u00e9roule un cours ? L&rsquo;\u00e9tiquette Reigi Une discipline ouverte \u00e0 tousLe kendo, qu\u2019est-ce que c\u2019est ? Enfants et ados bienvenus ! Le kendo ? C\u2019est l\u2019art du sabre japonais. Un art qui s\u2019adresse \u00e0 tous, d\u00e8s l\u2019\u00e2ge de 8 [&hellip;]<\/p>\n","protected":false},"author":1,"featured_media":0,"parent":0,"menu_order":200,"comment_status":"closed","ping_status":"closed","template":"","meta":{"_et_pb_use_builder":"on","_et_pb_old_content":"<!-- wp:divi\/placeholder \/-->","_et_gb_content_width":"","footnotes":""},"class_list":["post-77","page","type-page","status-publish","hentry"],"yoast_head":"<!-- This site is optimized with the Yoast SEO plugin v27.4 - https:\/\/yoast.com\/product\/yoast-seo-wordpress\/ -->\n<title>La pratique du Kendo - Kendo Montpellier Universit\u00e9 Club<\/title>\n<meta name=\"robots\" content=\"index, follow, max-snippet:-1, max-image-preview:large, max-video-preview:-1\" \/>\n<link rel=\"canonical\" href=\"https:\/\/kendomontpellier.fr\/?page_id=77\" \/>\n<meta property=\"og:locale\" content=\"fr_FR\" \/>\n<meta property=\"og:type\" content=\"article\" \/>\n<meta property=\"og:title\" content=\"La pratique du Kendo - Kendo Montpellier Universit\u00e9 Club\" \/>\n<meta property=\"og:description\" content=\"&quot;Le kendo est un chemin de progression personnelle&quot;Pierre LheureuxSommaire Qu&#039;est-ce que le Kendo ? Comment se d\u00e9roule un cours ? L&#039;\u00e9tiquette Reigi Une discipline ouverte \u00e0 tousLe kendo, qu\u2019est-ce que c\u2019est ? Enfants et ados bienvenus ! Le kendo ? C\u2019est l\u2019art du sabre japonais. Un art qui s\u2019adresse \u00e0 tous, d\u00e8s l\u2019\u00e2ge de 8 [&hellip;]\" \/>\n<meta property=\"og:url\" content=\"https:\/\/kendomontpellier.fr\/?page_id=77\" \/>\n<meta property=\"og:site_name\" content=\"Kendo Montpellier Universit\u00e9 Club\" \/>\n<meta property=\"article:modified_time\" content=\"2022-06-29T23:26:36+00:00\" \/>\n<meta name=\"twitter:card\" content=\"summary_large_image\" \/>\n<meta name=\"twitter:label1\" content=\"Dur\u00e9e de lecture estim\u00e9e\" \/>\n\t<meta name=\"twitter:data1\" content=\"5 minutes\" \/>\n<script type=\"application\/ld+json\" class=\"yoast-schema-graph\">{\"@context\":\"https:\\\/\\\/schema.org\",\"@graph\":[{\"@type\":\"WebPage\",\"@id\":\"https:\\\/\\\/kendomontpellier.fr\\\/?page_id=77\",\"url\":\"https:\\\/\\\/kendomontpellier.fr\\\/?page_id=77\",\"name\":\"La pratique du Kendo - Kendo Montpellier Universit\u00e9 Club\",\"isPartOf\":{\"@id\":\"https:\\\/\\\/kendomontpellier.fr\\\/#website\"},\"datePublished\":\"2021-05-05T16:55:16+00:00\",\"dateModified\":\"2022-06-29T23:26:36+00:00\",\"breadcrumb\":{\"@id\":\"https:\\\/\\\/kendomontpellier.fr\\\/?page_id=77#breadcrumb\"},\"inLanguage\":\"fr-FR\",\"potentialAction\":[{\"@type\":\"ReadAction\",\"target\":[\"https:\\\/\\\/kendomontpellier.fr\\\/?page_id=77\"]}]},{\"@type\":\"BreadcrumbList\",\"@id\":\"https:\\\/\\\/kendomontpellier.fr\\\/?page_id=77#breadcrumb\",\"itemListElement\":[{\"@type\":\"ListItem\",\"position\":1,\"name\":\"Accueil\",\"item\":\"https:\\\/\\\/kendomontpellier.fr\\\/\"},{\"@type\":\"ListItem\",\"position\":2,\"name\":\"La pratique du Kendo\"}]},{\"@type\":\"WebSite\",\"@id\":\"https:\\\/\\\/kendomontpellier.fr\\\/#website\",\"url\":\"https:\\\/\\\/kendomontpellier.fr\\\/\",\"name\":\"Kendo Montpellier Universit\u00e9 Club\",\"description\":\"Le club de Kendo de Montpellier, membre du MUC et CNKDR\",\"potentialAction\":[{\"@type\":\"SearchAction\",\"target\":{\"@type\":\"EntryPoint\",\"urlTemplate\":\"https:\\\/\\\/kendomontpellier.fr\\\/?s={search_term_string}\"},\"query-input\":{\"@type\":\"PropertyValueSpecification\",\"valueRequired\":true,\"valueName\":\"search_term_string\"}}],\"inLanguage\":\"fr-FR\"}]}<\/script>\n<!-- \/ Yoast SEO plugin. -->","yoast_head_json":{"title":"La pratique du Kendo - Kendo Montpellier Universit\u00e9 Club","robots":{"index":"index","follow":"follow","max-snippet":"max-snippet:-1","max-image-preview":"max-image-preview:large","max-video-preview":"max-video-preview:-1"},"canonical":"https:\/\/kendomontpellier.fr\/?page_id=77","og_locale":"fr_FR","og_type":"article","og_title":"La pratique du Kendo - Kendo Montpellier Universit\u00e9 Club","og_description":"\"Le kendo est un chemin de progression personnelle\"Pierre LheureuxSommaire Qu'est-ce que le Kendo ? Comment se d\u00e9roule un cours ? L'\u00e9tiquette Reigi Une discipline ouverte \u00e0 tousLe kendo, qu\u2019est-ce que c\u2019est ? Enfants et ados bienvenus ! Le kendo ? C\u2019est l\u2019art du sabre japonais. Un art qui s\u2019adresse \u00e0 tous, d\u00e8s l\u2019\u00e2ge de 8 [&hellip;]","og_url":"https:\/\/kendomontpellier.fr\/?page_id=77","og_site_name":"Kendo Montpellier Universit\u00e9 Club","article_modified_time":"2022-06-29T23:26:36+00:00","twitter_card":"summary_large_image","twitter_misc":{"Dur\u00e9e de lecture estim\u00e9e":"5 minutes"},"schema":{"@context":"https:\/\/schema.org","@graph":[{"@type":"WebPage","@id":"https:\/\/kendomontpellier.fr\/?page_id=77","url":"https:\/\/kendomontpellier.fr\/?page_id=77","name":"La pratique du Kendo - Kendo Montpellier Universit\u00e9 Club","isPartOf":{"@id":"https:\/\/kendomontpellier.fr\/#website"},"datePublished":"2021-05-05T16:55:16+00:00","dateModified":"2022-06-29T23:26:36+00:00","breadcrumb":{"@id":"https:\/\/kendomontpellier.fr\/?page_id=77#breadcrumb"},"inLanguage":"fr-FR","potentialAction":[{"@type":"ReadAction","target":["https:\/\/kendomontpellier.fr\/?page_id=77"]}]},{"@type":"BreadcrumbList","@id":"https:\/\/kendomontpellier.fr\/?page_id=77#breadcrumb","itemListElement":[{"@type":"ListItem","position":1,"name":"Accueil","item":"https:\/\/kendomontpellier.fr\/"},{"@type":"ListItem","position":2,"name":"La pratique du Kendo"}]},{"@type":"WebSite","@id":"https:\/\/kendomontpellier.fr\/#website","url":"https:\/\/kendomontpellier.fr\/","name":"Kendo Montpellier Universit\u00e9 Club","description":"Le club de Kendo de Montpellier, membre du MUC et CNKDR","potentialAction":[{"@type":"SearchAction","target":{"@type":"EntryPoint","urlTemplate":"https:\/\/kendomontpellier.fr\/?s={search_term_string}"},"query-input":{"@type":"PropertyValueSpecification","valueRequired":true,"valueName":"search_term_string"}}],"inLanguage":"fr-FR"}]}},"_links":{"self":[{"href":"https:\/\/kendomontpellier.fr\/index.php?rest_route=\/wp\/v2\/pages\/77","targetHints":{"allow":["GET"]}}],"collection":[{"href":"https:\/\/kendomontpellier.fr\/index.php?rest_route=\/wp\/v2\/pages"}],"about":[{"href":"https:\/\/kendomontpellier.fr\/index.php?rest_route=\/wp\/v2\/types\/page"}],"author":[{"embeddable":true,"href":"https:\/\/kendomontpellier.fr\/index.php?rest_route=\/wp\/v2\/users\/1"}],"replies":[{"embeddable":true,"href":"https:\/\/kendomontpellier.fr\/index.php?rest_route=%2Fwp%2Fv2%2Fcomments&post=77"}],"version-history":[{"count":28,"href":"https:\/\/kendomontpellier.fr\/index.php?rest_route=\/wp\/v2\/pages\/77\/revisions"}],"predecessor-version":[{"id":1157,"href":"https:\/\/kendomontpellier.fr\/index.php?rest_route=\/wp\/v2\/pages\/77\/revisions\/1157"}],"wp:attachment":[{"href":"https:\/\/kendomontpellier.fr\/index.php?rest_route=%2Fwp%2Fv2%2Fmedia&parent=77"}],"curies":[{"name":"wp","href":"https:\/\/api.w.org\/{rel}","templated":true}]}}