{"id":79,"date":"2021-05-05T18:55:27","date_gmt":"2021-05-05T16:55:27","guid":{"rendered":"http:\/\/kendomontpellier.fr\/?page_id=79"},"modified":"2022-06-29T19:54:24","modified_gmt":"2022-06-29T17:54:24","slug":"debuter-le-kendo","status":"publish","type":"page","link":"https:\/\/kendomontpellier.fr\/?page_id=79","title":{"rendered":"D\u00e9buter le Kendo"},"content":{"rendered":"<p>[et_pb_section fb_built=\u00a0\u00bb1&Prime; _builder_version=\u00a0\u00bb4.17.4&Prime; _module_preset=\u00a0\u00bbdefault\u00a0\u00bb background_color=\u00a0\u00bb#1f3d70&Prime; custom_padding=\u00a0\u00bb0px||0px|||\u00a0\u00bb global_module=\u00a0\u00bb262&Prime; global_colors_info=\u00a0\u00bb{}\u00a0\u00bb][et_pb_row _builder_version=\u00a0\u00bb4.17.4&Prime; _module_preset=\u00a0\u00bbdefault\u00a0\u00bb custom_padding=\u00a0\u00bb12px||14px|||\u00a0\u00bb global_colors_info=\u00a0\u00bb{}\u00a0\u00bb][et_pb_column type=\u00a0\u00bb4_4&Prime; _builder_version=\u00a0\u00bb4.17.4&Prime; _module_preset=\u00a0\u00bbdefault\u00a0\u00bb global_colors_info=\u00a0\u00bb{}\u00a0\u00bb][et_pb_text _builder_version=\u00a0\u00bb4.17.4&Prime; _module_preset=\u00a0\u00bbdefault\u00a0\u00bb text_text_color=\u00a0\u00bb#F9F9F9&Prime; link_text_color=\u00a0\u00bb#F9F9F9&Prime; global_colors_info=\u00a0\u00bb{}\u00a0\u00bb]<\/p>\n<span><span><a href=\"https:\/\/kendomontpellier.fr\/\">Accueil<\/a><\/span><\/span>\n<p>[\/et_pb_text][\/et_pb_column][\/et_pb_row][\/et_pb_section][et_pb_section fb_built=\u00a0\u00bb1&Prime; _builder_version=\u00a0\u00bb4.17.4&Prime; _module_preset=\u00a0\u00bbdefault\u00a0\u00bb background_color=\u00a0\u00bb#263B82&Prime; custom_padding=\u00a0\u00bb30px||38px|||\u00a0\u00bb global_module=\u00a0\u00bb281&Prime; saved_tabs=\u00a0\u00bball\u00a0\u00bb global_colors_info=\u00a0\u00bb{}\u00a0\u00bb][et_pb_row _builder_version=\u00a0\u00bb4.17.4&Prime; _module_preset=\u00a0\u00bbdefault\u00a0\u00bb hover_enabled=\u00a0\u00bb0&Prime; global_colors_info=\u00a0\u00bb{}\u00a0\u00bb sticky_enabled=\u00a0\u00bb0&Prime;][et_pb_column type=\u00a0\u00bb4_4&Prime; _builder_version=\u00a0\u00bb4.17.4&Prime; _module_preset=\u00a0\u00bbdefault\u00a0\u00bb global_colors_info=\u00a0\u00bb{}\u00a0\u00bb][et_pb_text _builder_version=\u00a0\u00bb4.17.4&Prime; _dynamic_attributes=\u00a0\u00bbcontent\u00a0\u00bb _module_preset=\u00a0\u00bbdefault\u00a0\u00bb text_text_color=\u00a0\u00bb#FFFFFF\u00a0\u00bb header_font=\u00a0\u00bb|||on|||||\u00a0\u00bb header_text_color=\u00a0\u00bb#FFFFFF\u00a0\u00bb header_font_size=\u00a0\u00bb38px\u00a0\u00bb global_colors_info=\u00a0\u00bb{}\u00a0\u00bb]@ET-DC@eyJkeW5hbWljIjp0cnVlLCJjb250ZW50IjoicG9zdF90aXRsZSIsInNldHRpbmdzIjp7ImJlZm9yZSI6IjxoMT4iLCJhZnRlciI6IjwvaDE+In19@[\/et_pb_text][\/et_pb_column][\/et_pb_row][\/et_pb_section][et_pb_section fb_built=\u00a0\u00bb1&Prime; use_custom_gutter=\u00a0\u00bbon\u00a0\u00bb gutter_width=\u00a0\u00bb2&Prime; specialty=\u00a0\u00bbon\u00a0\u00bb _builder_version=\u00a0\u00bb4.17.4&Prime; _module_preset=\u00a0\u00bbdefault\u00a0\u00bb inner_width=\u00a0\u00bb95%\u00a0\u00bb global_colors_info=\u00a0\u00bb{}\u00a0\u00bb custom_padding=\u00a0\u00bb0px|||||\u00a0\u00bb][et_pb_column type=\u00a0\u00bb1_4&Prime; _builder_version=\u00a0\u00bb4.16&Prime; custom_padding=\u00a0\u00bb|||\u00a0\u00bb global_colors_info=\u00a0\u00bb{}\u00a0\u00bb custom_padding__hover=\u00a0\u00bb|||\u00a0\u00bb][et_pb_text _builder_version=\u00a0\u00bb4.17.4&Prime; _module_preset=\u00a0\u00bbdefault\u00a0\u00bb background_color=\u00a0\u00bb#F9F9F9&Prime; custom_padding=\u00a0\u00bb20px|20px|20px|20px|true|true\u00a0\u00bb sticky_position=\u00a0\u00bbtop\u00a0\u00bb sticky_offset_top=\u00a0\u00bb20px\u00a0\u00bb sticky_limit_bottom=\u00a0\u00bbbody\u00a0\u00bb sticky_position_tablet=\u00a0\u00bbnone\u00a0\u00bb sticky_position_phone=\u00a0\u00bbnone\u00a0\u00bb sticky_position_last_edited=\u00a0\u00bbon|phone\u00a0\u00bb global_colors_info=\u00a0\u00bb{}\u00a0\u00bb]<\/p>\n<h2>Sommaire<\/h2>\n<p><a href=\"#cours-d-essai\">Cours d&rsquo;essai<\/a><br \/><a href=\"#a-quel-age-commencer\"><\/a><\/p>\n<p><a href=\"#a-quel-age-commencer\">A quel \u00e2ge commencer ?<\/a><\/p>\n<p><a href=\"#kendo-feminin\">Kendo f\u00e9minin<\/a><\/p>\n<p><a href=\"#materiel-necessaire\">Mat\u00e9riel n\u00e9cessaire<\/a><\/p>\n<p><a href=\"#accueil-handicape\">Accueil handicap\u00e9<\/a><\/p>\n<p><a href=\"#licence-de-kendo\">Licence de Kendo<\/a><\/p>\n<p><a href=\"#inscription-aux-cours\">S&rsquo;inscrire aux cours<\/a><\/p>\n<p><a href=\"#informations-complementaires\">Informations compl\u00e9mentaires<\/a><\/p>\n<p>[\/et_pb_text][\/et_pb_column][et_pb_column type=\u00a0\u00bb3_4&Prime; specialty_columns=\u00a0\u00bb3&Prime; _builder_version=\u00a0\u00bb4.16&Prime; custom_padding=\u00a0\u00bb|||\u00a0\u00bb global_colors_info=\u00a0\u00bb{}\u00a0\u00bb custom_padding__hover=\u00a0\u00bb|||\u00a0\u00bb][et_pb_row_inner _builder_version=\u00a0\u00bb4.17.4&Prime; _module_preset=\u00a0\u00bbdefault\u00a0\u00bb custom_padding=\u00a0\u00bb||14px|||\u00a0\u00bb global_colors_info=\u00a0\u00bb{}\u00a0\u00bb][et_pb_column_inner saved_specialty_column_type=\u00a0\u00bb3_4&Prime; _builder_version=\u00a0\u00bb4.17.4&Prime; _module_preset=\u00a0\u00bbdefault\u00a0\u00bb global_colors_info=\u00a0\u00bb{}\u00a0\u00bb][et_pb_text module_id=\u00a0\u00bbcours-d-essai\u00a0\u00bb _builder_version=\u00a0\u00bb4.17.4&Prime; _module_preset=\u00a0\u00bbdefault\u00a0\u00bb global_colors_info=\u00a0\u00bb{}\u00a0\u00bb]<\/p>\n<h2>Essayez-vous au <em>Shinai<\/em> !<\/h2>\n<p>Pour avoir un premier aper\u00e7u du kendo, cet art martial traditionnel japonais plusieurs fois s\u00e9culaire, le Kendo Montpellier Universit\u00e9 Club vous offre l&rsquo;opportunit\u00e9 de d\u00e9couvrir la discipline durant deux s\u00e9ances de cours gratuit.<\/p>\n<p>L&rsquo;accueil pour ces deux essais de d\u00e9couverte se d\u00e9roule toute l&rsquo;ann\u00e9e.<\/p>\n<p>[\/et_pb_text][et_pb_text module_id=\u00a0\u00bba-quel-age-commencer\u00a0\u00bb _builder_version=\u00a0\u00bb4.17.4&Prime; _module_preset=\u00a0\u00bbdefault\u00a0\u00bb global_colors_info=\u00a0\u00bb{}\u00a0\u00bb]<\/p>\n<h2>A quel \u00e2ge commencer\u00a0?<\/h2>\n<p>Sous r\u00e9serve de l\u2019accord des professeurs, vous pouvez inscrire votre enfant au Kendo Montpellier Universit\u00e9 Club \u00e0 partir de 8 ans.<\/p>\n<p>Le kendo aide les enfants \u00e0 canaliser leur \u00e9nergie, \u00e0 se concentrer, \u00e0 assimiler les r\u00e8gles du vivre ensemble ; en leur aidant \u00e0 ma\u00eetriser corps et esprit, il contribue \u00e0 les pr\u00e9parer \u00e0 affronter les difficult\u00e9s de l\u2019existence.<\/p>\n<p>[\/et_pb_text][et_pb_text _builder_version=\u00a0\u00bb4.17.4&Prime; _module_preset=\u00a0\u00bbdefault\u00a0\u00bb hover_enabled=\u00a0\u00bb0&Prime; sticky_enabled=\u00a0\u00bb0&Prime; module_id=\u00a0\u00bbkendo-feminin\u00a0\u00bb]<\/p>\n<h2>Kendo f\u00e9minin<\/h2>\n<p><span>Cet art martial est souvent pris\u00e9 par les femmes ; le Kendo Montpellier Universit\u00e9 Club compte parmi ses enseignants une femme, Sylvie Rolland. Il compte en moyenne un tiers de pratiquantes f\u00e9minines.<\/span><\/p>\n<p>[\/et_pb_text][et_pb_text _builder_version=\u00a0\u00bb4.17.4&Prime; _module_preset=\u00a0\u00bbdefault\u00a0\u00bb module_id=\u00a0\u00bbmateriel-necessaire\u00a0\u00bb hover_enabled=\u00a0\u00bb0&Prime; sticky_enabled=\u00a0\u00bb0&Prime;]<\/p>\n<h2>De quel mat\u00e9riel ai-je besoin pour d\u00e9buter ?<\/h2>\n<p>A compl\u00e9ter<\/p>\n<p>[\/et_pb_text][et_pb_text _builder_version=\u00a0\u00bb4.17.4&Prime; _module_preset=\u00a0\u00bbdefault\u00a0\u00bb hover_enabled=\u00a0\u00bb0&Prime; global_colors_info=\u00a0\u00bb{}\u00a0\u00bb module_id=\u00a0\u00bbaccueil-handicape\u00a0\u00bb sticky_enabled=\u00a0\u00bb0&Prime;]<\/p>\n<h2>Accueil handicap\u00e9<\/h2>\n<p>Actuellement, le club n&rsquo;est pas en mesure de proposer un cours adapt\u00e9 aux personnes handicap\u00e9es.<\/p>\n<p>[\/et_pb_text][et_pb_text _builder_version=\u00a0\u00bb4.17.4&Prime; _module_preset=\u00a0\u00bbdefault\u00a0\u00bb module_id=\u00a0\u00bblicence-de-kendo\u00a0\u00bb hover_enabled=\u00a0\u00bb0&Prime; sticky_enabled=\u00a0\u00bb0&Prime;]<\/p>\n<h2>Ai-je besoin d&rsquo;une licence de Kendo pour pratiquer ?<\/h2>\n<p>Oui, la pratique du Kendo en France n\u00e9cessite la licence de la FFJDA (F\u00e9d\u00e9ration Fran\u00e7aise de Judo et Disciplines Associ\u00e9es). Elle s&rsquo;acqui\u00e8re directement en ligne sur le site Internet <a href=\"https:\/\/www.ffjudo.com\/inscription-licence\" target=\"_blank\" rel=\"noopener\"><span style=\"text-decoration: underline;\">ffjudo.com<\/span><\/a> (lien externe).<\/p>\n<p>[\/et_pb_text][et_pb_text _builder_version=\u00a0\u00bb4.17.4&Prime; _module_preset=\u00a0\u00bbdefault\u00a0\u00bb module_id=\u00a0\u00bbinscription-aux-cours\u00a0\u00bb hover_enabled=\u00a0\u00bb0&Prime; sticky_enabled=\u00a0\u00bb0&Prime;]<\/p>\n<h2>Comment m&rsquo;inscrire aux cours de Kendo du Club de Montpellier ?<\/h2>\n<p>Toute les informations utiles pour vous inscrire au cours de kendo se trouvent sur la <span style=\"text-decoration: underline;\"><a href=\"https:\/\/kendomontpellier.fr\/le-club\/les-cours\/sinscrire\/\">page d&rsquo;inscription du site internet<\/a><\/span>.<\/p>\n<p>[\/et_pb_text][et_pb_text _builder_version=\u00a0\u00bb4.17.4&Prime; _module_preset=\u00a0\u00bbdefault\u00a0\u00bb hover_enabled=\u00a0\u00bb0&Prime; global_colors_info=\u00a0\u00bb{}\u00a0\u00bb module_id=\u00a0\u00bbinformations-complementaires\u00a0\u00bb sticky_enabled=\u00a0\u00bb0&Prime;]<\/p>\n<h2>Comment obtenir des informations compl\u00e9mentaires ?<\/h2>\n<p>Vous avez besoin d&rsquo;informations compl\u00e9mentaires ? L&rsquo;\u00e9quipe du club vous r\u00e9pond. N&rsquo;h\u00e9sitez pas \u00e0 <span style=\"text-decoration: underline;\"><a href=\"https:\/\/kendomontpellier.fr\/contacter-le-club\/\">nous contacter<\/a><\/span> par t\u00e9l\u00e9phone, e-mail, ou par <span style=\"text-decoration: underline;\"><a href=\"https:\/\/kendomontpellier.fr\/contacter-le-club\/#formulaire-de-contact\">le formulaire de contact rapide du site Internet<\/a><\/span>.<\/p>\n<p>[\/et_pb_text][\/et_pb_column_inner][\/et_pb_row_inner][\/et_pb_column][\/et_pb_section]<\/p>\n","protected":false},"excerpt":{"rendered":"<p><span><span><a href=\"https:\/\/kendomontpellier.fr\/\">Accueil<\/a><\/span><\/span>Sommaire Cours d&rsquo;essai A quel \u00e2ge commencer ? Kendo f\u00e9minin Mat\u00e9riel n\u00e9cessaire Accueil handicap\u00e9 Licence de Kendo S&rsquo;inscrire aux cours Informations compl\u00e9mentairesEssayez-vous au Shinai ! Pour avoir un premier aper\u00e7u du kendo, cet art martial traditionnel japonais plusieurs fois s\u00e9culaire, le Kendo Montpellier Universit\u00e9 Club vous offre l&rsquo;opportunit\u00e9 de d\u00e9couvrir la discipline durant deux s\u00e9ances [&hellip;]<\/p>\n","protected":false},"author":1,"featured_media":0,"parent":77,"menu_order":10,"comment_status":"closed","ping_status":"closed","template":"","meta":{"_et_pb_use_builder":"on","_et_pb_old_content":"<!-- wp:divi\/placeholder \/-->","_et_gb_content_width":"","footnotes":""},"class_list":["post-79","page","type-page","status-publish","hentry"],"yoast_head":"<!-- This site is optimized with the Yoast SEO plugin v27.4 - https:\/\/yoast.com\/product\/yoast-seo-wordpress\/ -->\n<title>D\u00e9buter le Kendo - Kendo Montpellier Universit\u00e9 Club<\/title>\n<meta name=\"robots\" content=\"index, follow, max-snippet:-1, max-image-preview:large, max-video-preview:-1\" \/>\n<link rel=\"canonical\" href=\"https:\/\/kendomontpellier.fr\/?page_id=79\" \/>\n<meta property=\"og:locale\" content=\"fr_FR\" \/>\n<meta property=\"og:type\" content=\"article\" \/>\n<meta property=\"og:title\" content=\"D\u00e9buter le Kendo - Kendo Montpellier Universit\u00e9 Club\" \/>\n<meta property=\"og:description\" content=\"Sommaire Cours d&#039;essai A quel \u00e2ge commencer ? Kendo f\u00e9minin Mat\u00e9riel n\u00e9cessaire Accueil handicap\u00e9 Licence de Kendo S&#039;inscrire aux cours Informations compl\u00e9mentairesEssayez-vous au Shinai ! Pour avoir un premier aper\u00e7u du kendo, cet art martial traditionnel japonais plusieurs fois s\u00e9culaire, le Kendo Montpellier Universit\u00e9 Club vous offre l&#039;opportunit\u00e9 de d\u00e9couvrir la discipline durant deux s\u00e9ances [&hellip;]\" \/>\n<meta property=\"og:url\" content=\"https:\/\/kendomontpellier.fr\/?page_id=79\" \/>\n<meta property=\"og:site_name\" content=\"Kendo Montpellier Universit\u00e9 Club\" \/>\n<meta property=\"article:modified_time\" content=\"2022-06-29T17:54:24+00:00\" \/>\n<meta name=\"twitter:card\" content=\"summary_large_image\" \/>\n<meta name=\"twitter:label1\" content=\"Dur\u00e9e de lecture estim\u00e9e\" \/>\n\t<meta name=\"twitter:data1\" content=\"2 minutes\" \/>\n<script type=\"application\/ld+json\" class=\"yoast-schema-graph\">{\"@context\":\"https:\\\/\\\/schema.org\",\"@graph\":[{\"@type\":\"WebPage\",\"@id\":\"https:\\\/\\\/kendomontpellier.fr\\\/?page_id=79\",\"url\":\"https:\\\/\\\/kendomontpellier.fr\\\/?page_id=79\",\"name\":\"D\u00e9buter le Kendo - Kendo Montpellier Universit\u00e9 Club\",\"isPartOf\":{\"@id\":\"https:\\\/\\\/kendomontpellier.fr\\\/#website\"},\"datePublished\":\"2021-05-05T16:55:27+00:00\",\"dateModified\":\"2022-06-29T17:54:24+00:00\",\"breadcrumb\":{\"@id\":\"https:\\\/\\\/kendomontpellier.fr\\\/?page_id=79#breadcrumb\"},\"inLanguage\":\"fr-FR\",\"potentialAction\":[{\"@type\":\"ReadAction\",\"target\":[\"https:\\\/\\\/kendomontpellier.fr\\\/?page_id=79\"]}]},{\"@type\":\"BreadcrumbList\",\"@id\":\"https:\\\/\\\/kendomontpellier.fr\\\/?page_id=79#breadcrumb\",\"itemListElement\":[{\"@type\":\"ListItem\",\"position\":1,\"name\":\"Accueil\",\"item\":\"https:\\\/\\\/kendomontpellier.fr\\\/\"},{\"@type\":\"ListItem\",\"position\":2,\"name\":\"La pratique du Kendo\",\"item\":\"https:\\\/\\\/kendomontpellier.fr\\\/?page_id=77\"},{\"@type\":\"ListItem\",\"position\":3,\"name\":\"D\u00e9buter le Kendo\"}]},{\"@type\":\"WebSite\",\"@id\":\"https:\\\/\\\/kendomontpellier.fr\\\/#website\",\"url\":\"https:\\\/\\\/kendomontpellier.fr\\\/\",\"name\":\"Kendo Montpellier Universit\u00e9 Club\",\"description\":\"Le club de Kendo de Montpellier, membre du MUC et CNKDR\",\"potentialAction\":[{\"@type\":\"SearchAction\",\"target\":{\"@type\":\"EntryPoint\",\"urlTemplate\":\"https:\\\/\\\/kendomontpellier.fr\\\/?s={search_term_string}\"},\"query-input\":{\"@type\":\"PropertyValueSpecification\",\"valueRequired\":true,\"valueName\":\"search_term_string\"}}],\"inLanguage\":\"fr-FR\"}]}<\/script>\n<!-- \/ Yoast SEO plugin. -->","yoast_head_json":{"title":"D\u00e9buter le Kendo - Kendo Montpellier Universit\u00e9 Club","robots":{"index":"index","follow":"follow","max-snippet":"max-snippet:-1","max-image-preview":"max-image-preview:large","max-video-preview":"max-video-preview:-1"},"canonical":"https:\/\/kendomontpellier.fr\/?page_id=79","og_locale":"fr_FR","og_type":"article","og_title":"D\u00e9buter le Kendo - Kendo Montpellier Universit\u00e9 Club","og_description":"Sommaire Cours d'essai A quel \u00e2ge commencer ? Kendo f\u00e9minin Mat\u00e9riel n\u00e9cessaire Accueil handicap\u00e9 Licence de Kendo S'inscrire aux cours Informations compl\u00e9mentairesEssayez-vous au Shinai ! Pour avoir un premier aper\u00e7u du kendo, cet art martial traditionnel japonais plusieurs fois s\u00e9culaire, le Kendo Montpellier Universit\u00e9 Club vous offre l'opportunit\u00e9 de d\u00e9couvrir la discipline durant deux s\u00e9ances [&hellip;]","og_url":"https:\/\/kendomontpellier.fr\/?page_id=79","og_site_name":"Kendo Montpellier Universit\u00e9 Club","article_modified_time":"2022-06-29T17:54:24+00:00","twitter_card":"summary_large_image","twitter_misc":{"Dur\u00e9e de lecture estim\u00e9e":"2 minutes"},"schema":{"@context":"https:\/\/schema.org","@graph":[{"@type":"WebPage","@id":"https:\/\/kendomontpellier.fr\/?page_id=79","url":"https:\/\/kendomontpellier.fr\/?page_id=79","name":"D\u00e9buter le Kendo - Kendo Montpellier Universit\u00e9 Club","isPartOf":{"@id":"https:\/\/kendomontpellier.fr\/#website"},"datePublished":"2021-05-05T16:55:27+00:00","dateModified":"2022-06-29T17:54:24+00:00","breadcrumb":{"@id":"https:\/\/kendomontpellier.fr\/?page_id=79#breadcrumb"},"inLanguage":"fr-FR","potentialAction":[{"@type":"ReadAction","target":["https:\/\/kendomontpellier.fr\/?page_id=79"]}]},{"@type":"BreadcrumbList","@id":"https:\/\/kendomontpellier.fr\/?page_id=79#breadcrumb","itemListElement":[{"@type":"ListItem","position":1,"name":"Accueil","item":"https:\/\/kendomontpellier.fr\/"},{"@type":"ListItem","position":2,"name":"La pratique du Kendo","item":"https:\/\/kendomontpellier.fr\/?page_id=77"},{"@type":"ListItem","position":3,"name":"D\u00e9buter le Kendo"}]},{"@type":"WebSite","@id":"https:\/\/kendomontpellier.fr\/#website","url":"https:\/\/kendomontpellier.fr\/","name":"Kendo Montpellier Universit\u00e9 Club","description":"Le club de Kendo de Montpellier, membre du MUC et CNKDR","potentialAction":[{"@type":"SearchAction","target":{"@type":"EntryPoint","urlTemplate":"https:\/\/kendomontpellier.fr\/?s={search_term_string}"},"query-input":{"@type":"PropertyValueSpecification","valueRequired":true,"valueName":"search_term_string"}}],"inLanguage":"fr-FR"}]}},"_links":{"self":[{"href":"https:\/\/kendomontpellier.fr\/index.php?rest_route=\/wp\/v2\/pages\/79","targetHints":{"allow":["GET"]}}],"collection":[{"href":"https:\/\/kendomontpellier.fr\/index.php?rest_route=\/wp\/v2\/pages"}],"about":[{"href":"https:\/\/kendomontpellier.fr\/index.php?rest_route=\/wp\/v2\/types\/page"}],"author":[{"embeddable":true,"href":"https:\/\/kendomontpellier.fr\/index.php?rest_route=\/wp\/v2\/users\/1"}],"replies":[{"embeddable":true,"href":"https:\/\/kendomontpellier.fr\/index.php?rest_route=%2Fwp%2Fv2%2Fcomments&post=79"}],"version-history":[{"count":32,"href":"https:\/\/kendomontpellier.fr\/index.php?rest_route=\/wp\/v2\/pages\/79\/revisions"}],"predecessor-version":[{"id":1018,"href":"https:\/\/kendomontpellier.fr\/index.php?rest_route=\/wp\/v2\/pages\/79\/revisions\/1018"}],"up":[{"embeddable":true,"href":"https:\/\/kendomontpellier.fr\/index.php?rest_route=\/wp\/v2\/pages\/77"}],"wp:attachment":[{"href":"https:\/\/kendomontpellier.fr\/index.php?rest_route=%2Fwp%2Fv2%2Fmedia&parent=79"}],"curies":[{"name":"wp","href":"https:\/\/api.w.org\/{rel}","templated":true}]}}