{"id":83,"date":"2021-05-05T18:55:56","date_gmt":"2021-05-05T16:55:56","guid":{"rendered":"http:\/\/kendomontpellier.fr\/?page_id=83"},"modified":"2025-08-03T11:44:07","modified_gmt":"2025-08-03T09:44:07","slug":"sinscrire","status":"publish","type":"page","link":"https:\/\/kendomontpellier.fr\/?page_id=83","title":{"rendered":"Inscription au club"},"content":{"rendered":"<p>[et_pb_section fb_built=\u00a0\u00bb1&Prime; _builder_version=\u00a0\u00bb4.17.4&Prime; _module_preset=\u00a0\u00bbdefault\u00a0\u00bb background_color=\u00a0\u00bb#1f3d70&Prime; custom_padding=\u00a0\u00bb0px||0px|||\u00a0\u00bb global_module=\u00a0\u00bb262&Prime; global_colors_info=\u00a0\u00bb{}\u00a0\u00bb][et_pb_row _builder_version=\u00a0\u00bb4.17.4&Prime; _module_preset=\u00a0\u00bbdefault\u00a0\u00bb custom_padding=\u00a0\u00bb12px||14px|||\u00a0\u00bb global_colors_info=\u00a0\u00bb{}\u00a0\u00bb][et_pb_column type=\u00a0\u00bb4_4&Prime; _builder_version=\u00a0\u00bb4.17.4&Prime; _module_preset=\u00a0\u00bbdefault\u00a0\u00bb global_colors_info=\u00a0\u00bb{}\u00a0\u00bb][et_pb_text _builder_version=\u00a0\u00bb4.17.4&Prime; _module_preset=\u00a0\u00bbdefault\u00a0\u00bb text_text_color=\u00a0\u00bb#F9F9F9&Prime; link_text_color=\u00a0\u00bb#F9F9F9&Prime; global_colors_info=\u00a0\u00bb{}\u00a0\u00bb]<\/p>\n<span><span><a href=\"https:\/\/kendomontpellier.fr\/\">Accueil<\/a><\/span><\/span>\n<p>[\/et_pb_text][\/et_pb_column][\/et_pb_row][\/et_pb_section][et_pb_section fb_built=\u00a0\u00bb1&Prime; _builder_version=\u00a0\u00bb4.17.4&Prime; _module_preset=\u00a0\u00bbdefault\u00a0\u00bb background_color=\u00a0\u00bb#263B82&Prime; custom_padding=\u00a0\u00bb30px||30px||true|false\u00a0\u00bb global_colors_info=\u00a0\u00bb{}\u00a0\u00bb][et_pb_row _builder_version=\u00a0\u00bb4.17.4&Prime; _module_preset=\u00a0\u00bbdefault\u00a0\u00bb global_colors_info=\u00a0\u00bb{}\u00a0\u00bb][et_pb_column type=\u00a0\u00bb4_4&Prime; _builder_version=\u00a0\u00bb4.17.4&Prime; _module_preset=\u00a0\u00bbdefault\u00a0\u00bb global_colors_info=\u00a0\u00bb{}\u00a0\u00bb][et_pb_text _builder_version=\u00a0\u00bb4.17.4&Prime; _dynamic_attributes=\u00a0\u00bbcontent\u00a0\u00bb _module_preset=\u00a0\u00bbdefault\u00a0\u00bb header_font=\u00a0\u00bb|||on|||||\u00a0\u00bb header_text_color=\u00a0\u00bb#FFFFFF\u00a0\u00bb header_font_size=\u00a0\u00bb36px\u00a0\u00bb global_colors_info=\u00a0\u00bb{}\u00a0\u00bb]@ET-DC@eyJkeW5hbWljIjp0cnVlLCJjb250ZW50IjoicG9zdF90aXRsZSIsInNldHRpbmdzIjp7ImJlZm9yZSI6IjxoMT4iLCJhZnRlciI6IjwvaDE+In19@[\/et_pb_text][et_pb_text _builder_version=\u00a0\u00bb4.18.0&Prime; _module_preset=\u00a0\u00bbdefault\u00a0\u00bb text_font_size=\u00a0\u00bb20px\u00a0\u00bb text_line_height=\u00a0\u00bb1.3em\u00a0\u00bb background_layout=\u00a0\u00bbdark\u00a0\u00bb global_colors_info=\u00a0\u00bb{}\u00a0\u00bb]<\/p>\n<p>L&rsquo;inscription au Kendo Montpellier est possible tout au long de l&rsquo;ann\u00e9e. La saison d\u00e9bute en septembre.<\/p>\n<p>[\/et_pb_text][\/et_pb_column][\/et_pb_row][\/et_pb_section][et_pb_section fb_built=\u00a0\u00bb1&Prime; specialty=\u00a0\u00bbon\u00a0\u00bb _builder_version=\u00a0\u00bb4.17.4&Prime; _module_preset=\u00a0\u00bbdefault\u00a0\u00bb inner_width=\u00a0\u00bb95%\u00a0\u00bb global_colors_info=\u00a0\u00bb{}\u00a0\u00bb][et_pb_column type=\u00a0\u00bb1_4&Prime; _builder_version=\u00a0\u00bb4.16&Prime; custom_padding=\u00a0\u00bb|||\u00a0\u00bb global_colors_info=\u00a0\u00bb{}\u00a0\u00bb custom_padding__hover=\u00a0\u00bb|||\u00a0\u00bb][et_pb_text _builder_version=\u00a0\u00bb4.18.0&Prime; _module_preset=\u00a0\u00bbdefault\u00a0\u00bb background_color=\u00a0\u00bb#F9F9F9&Prime; custom_padding=\u00a0\u00bb20px|20px|20px|20px|true|true\u00a0\u00bb sticky_position=\u00a0\u00bbtop\u00a0\u00bb sticky_offset_top=\u00a0\u00bb20px\u00a0\u00bb sticky_limit_bottom=\u00a0\u00bbsection\u00a0\u00bb global_colors_info=\u00a0\u00bb{}\u00a0\u00bb]<\/p>\n<h2>Sommaire<\/h2>\n<p><a href=\"#frais-d-inscription\">Frais d&rsquo;inscription<\/a><\/p>\n<p><a href=\"#procedure-en-ligne\">Proc\u00e9dure en ligne<\/a><a href=\"#frais-d-inscription\"><\/a><\/p>\n<p><a href=\"#documents-a-fournir\">Documents \u00e0 fournir<\/a><\/p>\n<p><a href=\"#cours-d-essai-gratuit\">Cours d&rsquo;essai gratuit<\/a>\u00a0<\/p>\n<p>[\/et_pb_text][\/et_pb_column][et_pb_column type=\u00a0\u00bb3_4&Prime; specialty_columns=\u00a0\u00bb3&Prime; _builder_version=\u00a0\u00bb4.16&Prime; custom_padding=\u00a0\u00bb|||\u00a0\u00bb global_colors_info=\u00a0\u00bb{}\u00a0\u00bb custom_padding__hover=\u00a0\u00bb|||\u00a0\u00bb][et_pb_row_inner _builder_version=\u00a0\u00bb4.16&Prime; _module_preset=\u00a0\u00bbdefault\u00a0\u00bb global_colors_info=\u00a0\u00bb{}\u00a0\u00bb][et_pb_column_inner saved_specialty_column_type=\u00a0\u00bb3_4&Prime; _builder_version=\u00a0\u00bb4.16&Prime; _module_preset=\u00a0\u00bbdefault\u00a0\u00bb global_colors_info=\u00a0\u00bb{}\u00a0\u00bb][et_pb_text module_id=\u00a0\u00bbfrais-d-inscription\u00a0\u00bb _builder_version=\u00a0\u00bb4.17.4&Prime; _module_preset=\u00a0\u00bbdefault\u00a0\u00bb global_colors_info=\u00a0\u00bb{}\u00a0\u00bb]<\/p>\n<h2>Frais d&rsquo;inscription<\/h2>\n<p>Pour pratiquer le Kendo, vous devez vous acquitter de la <span style=\"font-size: 15px;\"><strong>cotisation annuelle au Kendo Montpellier Universite Club<\/strong>, de la <strong>cotisation annuelle au MUC Omnisports<\/strong> et de <strong>la prise saisonni\u00e8re de la licence nationale FFJDA de Kendo<\/strong>.\u00a0\u00a0<\/span><\/p>\n<p>Les tarifs annuels pour la saison 2025-2026 sont :<\/p>\n<ul>\n<li><span style=\"font-size: 15px;\"><strong>Cotisation Kendo Montpellier Universit\u00e9 Club<\/strong> :<\/span>\n<ul>\n<li><span style=\"font-size: 15px;\">Adultes : 230 \u20ac TTC<\/span><\/li>\n<li><span style=\"font-size: 15px;\">Jeune : <\/span>155 \u20ac TTC<\/li>\n<\/ul>\n<\/li>\n<li><strong>Licence nationale FFJDA de Kendo<\/strong> : 56 \u20ac TTC<\/li>\n<li><strong>Cotisation MUC Omnisports<\/strong> : 13 \u20ac TTC<\/li>\n<\/ul>\n<p>[\/et_pb_text][et_pb_text module_id=\u00a0\u00bbprocedure-en-ligne\u00a0\u00bb _builder_version=\u00a0\u00bb4.18.0&Prime; _module_preset=\u00a0\u00bbdefault\u00a0\u00bb hover_enabled=\u00a0\u00bb0&Prime; global_colors_info=\u00a0\u00bb{}\u00a0\u00bb sticky_enabled=\u00a0\u00bb0&Prime;]<\/p>\n<h2>Proc\u00e9dure en ligne<\/h2>\n<p>L&rsquo;inscription au cours de Kendo se fait d\u00e9sormais enti\u00e8rement en ligne. Il suffit de compl\u00e9ter le formulaire d&rsquo;inscription sur HelloAsso.<\/p>\n<p><iframe id=\"haWidget\" allowtransparency=\"true\" src=\"https:\/\/www.helloasso.com\/associations\/kendo-muc\/adhesions\/test-adhesion-a-kendo-montpellier-universite-club-2025-2026\/widget-bouton\" style=\"width: 100%; height: 70px; border: none;\" onload=\"window.addEventListener( 'message', e =&gt; { const dataHeight = e.data.height; const haWidgetElement = document.getElementById('haWidget'); haWidgetElement.height = dataHeight + 'px'; } )\"><\/iframe>[\/et_pb_text][et_pb_text module_id=\u00a0\u00bbdocuments-a-fournir\u00a0\u00bb _builder_version=\u00a0\u00bb4.18.0&Prime; _module_preset=\u00a0\u00bbdefault\u00a0\u00bb header_3_text_color=\u00a0\u00bb#165CAD\u00a0\u00bb global_colors_info=\u00a0\u00bb{}\u00a0\u00bb]<\/p>\n<h2>Documents \u00e0 fournir<\/h2>\n<h3>La licence FFJDA<\/h3>\n<p>Votre licence doit \u00eatre directement prise en ligne sur <a href=\"https:\/\/moncompte.ffjudo.com\/prise-licence\">le site de la FFJDA<\/a>. Pour vous inscrire, il faudra ensuite imprimer votre attestation de licence et l\u2019apporter au club.<\/p>\n<h3>Le certificat m\u00e9dical<\/h3>\n<p><strong>Un certificat m\u00e9dical portant la mention \u00ab\u00a0absence de contre-indication \u00e0 la pratique du kendo en comp\u00e9tition\u00a0\u00bb est indispensable lors de votre inscription.<\/strong><\/p>\n<p>Si vous avez obtenu un certificat lors de la saison derni\u00e8re : sachez qu&rsquo;il a une validit\u00e9 de 3 saisons (par discipline). Vous devrez cependant remplir un formulaire <a href=\"https:\/\/dev.licences-ffjudo.com\/espacelicence\/Fichiers\/QS-SPORT%20cerfa_15699.pdf\" target=\"_blank\" rel=\"noopener\">CERFA<\/a> (lien externe) et si vous r\u00e9pondez \u00ab\u00a0NON\u00a0\u00bb \u00e0 toutes les questions, vous devez signer une <a href=\"https:\/\/dev.licences-ffjudo.com\/espacelicence\/Fichiers\/ATTESTATION%20QS%20sport.pdf\" target=\"_blank\" rel=\"noopener\">attestation sportive<\/a> (pdf).<\/p>\n<p>Si un accident de sant\u00e9 survient pendant la p\u00e9riode, vous devrez fournir un nouveau certificat m\u00e9dical de reprise.<\/p>\n<p>N.B. Si vous avez d\u00e9j\u00e0 un passeport sportif : pensez \u00e0 vous en munir pour le faire tamponner par le m\u00e9decin : si vous participez \u00e0 une comp\u00e9tition ou \u00e0 une manifestation sportive (passage de grade), c&rsquo;est le tampon du m\u00e9decin sur le passeport qui fera foi.<strong><\/strong><\/p>\n<p><strong>Tous ces documents sont \u00e0 pr\u00e9senter au club.<\/strong><\/p>\n<p>[\/et_pb_text][et_pb_text module_id=\u00a0\u00bbcours-d-essai-gratuit\u00a0\u00bb _builder_version=\u00a0\u00bb4.17.4&Prime; _module_preset=\u00a0\u00bbdefault\u00a0\u00bb global_colors_info=\u00a0\u00bb{}\u00a0\u00bb]<\/p>\n<h2>Cours d&rsquo;essai gratuit<\/h2>\n<p>Le Kendo Montpellier vous propose deux s\u00e9ances d&rsquo;essai \u00e0 la pratique du Kendo. Vous serez sp\u00e9cifiquement pris en charge et guid\u00e9 durant cette initiation d\u00e9couverte. En dehors de la p\u00e9riode de rentr\u00e9e, pensez a nous contacter pour que nous soyons pr\u00eats \u00e0 vous accueillir !<\/p>\n<p>&nbsp;<\/p>\n<p>[\/et_pb_text][et_pb_text _builder_version=\u00a0\u00bb4.18.0&Prime; _module_preset=\u00a0\u00bbdefault\u00a0\u00bb header_3_font=\u00a0\u00bb|||on|||||\u00a0\u00bb header_3_text_align=\u00a0\u00bbcenter\u00a0\u00bb background_color=\u00a0\u00bb#165CAD\u00a0\u00bb background_layout=\u00a0\u00bbdark\u00a0\u00bb custom_padding=\u00a0\u00bb25px|30px|25px|30px|true|true\u00a0\u00bb hover_enabled=\u00a0\u00bb0&Prime; global_colors_info=\u00a0\u00bb{}\u00a0\u00bb sticky_enabled=\u00a0\u00bb0&Prime;]<\/p>\n<h3>Information Importante<\/h3>\n<h4>Passeport Sportif<\/h4>\n<p><span>A partir des prochaines comp\u00e9titions nationales et des prochains examens de grades nationaux, les passeports sportifs seront contr\u00f4l\u00e9s syst\u00e9matiquement. Aucune d\u00e9rogation ou dispense ne seront tol\u00e9r\u00e9es.<\/span><br \/><span>Un pratiquant n&rsquo;ayant pas son passeport \u00e0 jour, ou l&rsquo;ayant oubli\u00e9, ne pourra pas participer \u00e0 un passage de grades et\/ou \u00e0 une comp\u00e9tition pour laquelle il s&rsquo;est d\u00e9plac\u00e9.<\/span><br \/><span>Vous devez :<\/span><\/p>\n<ol>\n<li><span>Remplir correctement les pages.<\/span><\/li>\n<li><span>Coller une photo r\u00e9cente.<\/span><\/li>\n<li><span>Inscrire les grades avec la date d\u2019obtention.<\/span><\/li>\n<li><span>Apposer le timbre de licence de la saison en cours.<\/span><\/li>\n<\/ol>\n<p><strong><span style=\"text-decoration: underline;\">Attention, le rajout de feuillets intercalaires est interdit et invalide le passeport.<\/span><\/strong><\/p>\n<p><span>A d\u00e9faut avoir votre attestation de licence.<\/span><\/p>\n<h4>Acc\u00e8s au DOJO<\/h4>\n<p>L\u2019acc\u00e8s au Dojo et au cours de Kendo est assujetti \u00e0 la <span style=\"text-decoration: underline;\"><strong>prise d&rsquo;une licence<\/strong><\/span>. En dehors des cours d&rsquo;essai, il est n\u00e9cessaire d&rsquo;avoir pris sa licence aupr\u00e8s de la FFJDA, comme indiqu\u00e9 sur la page d&rsquo;inscription.<\/p>\n<p>Un pratiquant ne poss\u00e9dant pas de licence sportive se verra dans <span style=\"text-decoration: underline;\"><strong>l&rsquo;impossibilit\u00e9 de pratiquer.<\/strong><\/span><\/p>\n<p>Il est conseill\u00e9 de prendre sa licence sur le site de la FFJDA tout d suite aupr\u00e8s son inscription sur Hello Asso, c&rsquo;est tr\u00e8s rapide.<\/p>\n<p>[\/et_pb_text][\/et_pb_column_inner][\/et_pb_row_inner][\/et_pb_column][\/et_pb_section]<\/p>\n","protected":false},"excerpt":{"rendered":"<p><span><span><a href=\"https:\/\/kendomontpellier.fr\/\">Accueil<\/a><\/span><\/span>L&rsquo;inscription au Kendo Montpellier est possible tout au long de l&rsquo;ann\u00e9e. La saison d\u00e9bute en septembre.Sommaire Frais d&rsquo;inscription Proc\u00e9dure en ligne Documents \u00e0 fournir Cours d&rsquo;essai gratuit\u00a0Frais d&rsquo;inscription Pour pratiquer le Kendo, vous devez vous acquitter de la cotisation annuelle au Kendo Montpellier Universite Club, de la cotisation annuelle au MUC Omnisports et de la [&hellip;]<\/p>\n","protected":false},"author":1,"featured_media":0,"parent":81,"menu_order":0,"comment_status":"closed","ping_status":"closed","template":"","meta":{"_et_pb_use_builder":"on","_et_pb_old_content":"<!-- wp:divi\/placeholder \/-->","_et_gb_content_width":"","footnotes":""},"class_list":["post-83","page","type-page","status-publish","hentry"],"yoast_head":"<!-- This site is optimized with the Yoast SEO plugin v27.4 - https:\/\/yoast.com\/product\/yoast-seo-wordpress\/ -->\n<title>Inscription au club - Kendo Montpellier Universit\u00e9 Club<\/title>\n<meta name=\"robots\" content=\"index, follow, max-snippet:-1, max-image-preview:large, max-video-preview:-1\" \/>\n<link rel=\"canonical\" href=\"https:\/\/kendomontpellier.fr\/?page_id=83\" \/>\n<meta property=\"og:locale\" content=\"fr_FR\" \/>\n<meta property=\"og:type\" content=\"article\" \/>\n<meta property=\"og:title\" content=\"Inscription au club - Kendo Montpellier Universit\u00e9 Club\" \/>\n<meta property=\"og:description\" content=\"L&#039;inscription au Kendo Montpellier est possible tout au long de l&#039;ann\u00e9e. La saison d\u00e9bute en septembre.Sommaire Frais d&#039;inscription Proc\u00e9dure en ligne Documents \u00e0 fournir Cours d&#039;essai gratuit\u00a0Frais d&#039;inscription Pour pratiquer le Kendo, vous devez vous acquitter de la cotisation annuelle au Kendo Montpellier Universite Club, de la cotisation annuelle au MUC Omnisports et de la [&hellip;]\" \/>\n<meta property=\"og:url\" content=\"https:\/\/kendomontpellier.fr\/?page_id=83\" \/>\n<meta property=\"og:site_name\" content=\"Kendo Montpellier Universit\u00e9 Club\" \/>\n<meta property=\"article:modified_time\" content=\"2025-08-03T09:44:07+00:00\" \/>\n<meta name=\"twitter:card\" content=\"summary_large_image\" \/>\n<meta name=\"twitter:label1\" content=\"Dur\u00e9e de lecture estim\u00e9e\" \/>\n\t<meta name=\"twitter:data1\" content=\"3 minutes\" \/>\n<script type=\"application\/ld+json\" class=\"yoast-schema-graph\">{\"@context\":\"https:\\\/\\\/schema.org\",\"@graph\":[{\"@type\":\"WebPage\",\"@id\":\"https:\\\/\\\/kendomontpellier.fr\\\/?page_id=83\",\"url\":\"https:\\\/\\\/kendomontpellier.fr\\\/?page_id=83\",\"name\":\"Inscription au club - Kendo Montpellier Universit\u00e9 Club\",\"isPartOf\":{\"@id\":\"https:\\\/\\\/kendomontpellier.fr\\\/#website\"},\"datePublished\":\"2021-05-05T16:55:56+00:00\",\"dateModified\":\"2025-08-03T09:44:07+00:00\",\"breadcrumb\":{\"@id\":\"https:\\\/\\\/kendomontpellier.fr\\\/?page_id=83#breadcrumb\"},\"inLanguage\":\"fr-FR\",\"potentialAction\":[{\"@type\":\"ReadAction\",\"target\":[\"https:\\\/\\\/kendomontpellier.fr\\\/?page_id=83\"]}]},{\"@type\":\"BreadcrumbList\",\"@id\":\"https:\\\/\\\/kendomontpellier.fr\\\/?page_id=83#breadcrumb\",\"itemListElement\":[{\"@type\":\"ListItem\",\"position\":1,\"name\":\"Accueil\",\"item\":\"https:\\\/\\\/kendomontpellier.fr\\\/\"},{\"@type\":\"ListItem\",\"position\":2,\"name\":\"Le club\",\"item\":\"https:\\\/\\\/kendomontpellier.fr\\\/?page_id=56\"},{\"@type\":\"ListItem\",\"position\":3,\"name\":\"Les cours\",\"item\":\"https:\\\/\\\/kendomontpellier.fr\\\/?page_id=81\"},{\"@type\":\"ListItem\",\"position\":4,\"name\":\"Licence et inscription\"}]},{\"@type\":\"WebSite\",\"@id\":\"https:\\\/\\\/kendomontpellier.fr\\\/#website\",\"url\":\"https:\\\/\\\/kendomontpellier.fr\\\/\",\"name\":\"Kendo Montpellier Universit\u00e9 Club\",\"description\":\"Le club de Kendo de Montpellier, membre du MUC et CNKDR\",\"potentialAction\":[{\"@type\":\"SearchAction\",\"target\":{\"@type\":\"EntryPoint\",\"urlTemplate\":\"https:\\\/\\\/kendomontpellier.fr\\\/?s={search_term_string}\"},\"query-input\":{\"@type\":\"PropertyValueSpecification\",\"valueRequired\":true,\"valueName\":\"search_term_string\"}}],\"inLanguage\":\"fr-FR\"}]}<\/script>\n<!-- \/ Yoast SEO plugin. -->","yoast_head_json":{"title":"Inscription au club - Kendo Montpellier Universit\u00e9 Club","robots":{"index":"index","follow":"follow","max-snippet":"max-snippet:-1","max-image-preview":"max-image-preview:large","max-video-preview":"max-video-preview:-1"},"canonical":"https:\/\/kendomontpellier.fr\/?page_id=83","og_locale":"fr_FR","og_type":"article","og_title":"Inscription au club - Kendo Montpellier Universit\u00e9 Club","og_description":"L'inscription au Kendo Montpellier est possible tout au long de l'ann\u00e9e. La saison d\u00e9bute en septembre.Sommaire Frais d'inscription Proc\u00e9dure en ligne Documents \u00e0 fournir Cours d'essai gratuit\u00a0Frais d'inscription Pour pratiquer le Kendo, vous devez vous acquitter de la cotisation annuelle au Kendo Montpellier Universite Club, de la cotisation annuelle au MUC Omnisports et de la [&hellip;]","og_url":"https:\/\/kendomontpellier.fr\/?page_id=83","og_site_name":"Kendo Montpellier Universit\u00e9 Club","article_modified_time":"2025-08-03T09:44:07+00:00","twitter_card":"summary_large_image","twitter_misc":{"Dur\u00e9e de lecture estim\u00e9e":"3 minutes"},"schema":{"@context":"https:\/\/schema.org","@graph":[{"@type":"WebPage","@id":"https:\/\/kendomontpellier.fr\/?page_id=83","url":"https:\/\/kendomontpellier.fr\/?page_id=83","name":"Inscription au club - Kendo Montpellier Universit\u00e9 Club","isPartOf":{"@id":"https:\/\/kendomontpellier.fr\/#website"},"datePublished":"2021-05-05T16:55:56+00:00","dateModified":"2025-08-03T09:44:07+00:00","breadcrumb":{"@id":"https:\/\/kendomontpellier.fr\/?page_id=83#breadcrumb"},"inLanguage":"fr-FR","potentialAction":[{"@type":"ReadAction","target":["https:\/\/kendomontpellier.fr\/?page_id=83"]}]},{"@type":"BreadcrumbList","@id":"https:\/\/kendomontpellier.fr\/?page_id=83#breadcrumb","itemListElement":[{"@type":"ListItem","position":1,"name":"Accueil","item":"https:\/\/kendomontpellier.fr\/"},{"@type":"ListItem","position":2,"name":"Le club","item":"https:\/\/kendomontpellier.fr\/?page_id=56"},{"@type":"ListItem","position":3,"name":"Les cours","item":"https:\/\/kendomontpellier.fr\/?page_id=81"},{"@type":"ListItem","position":4,"name":"Licence et inscription"}]},{"@type":"WebSite","@id":"https:\/\/kendomontpellier.fr\/#website","url":"https:\/\/kendomontpellier.fr\/","name":"Kendo Montpellier Universit\u00e9 Club","description":"Le club de Kendo de Montpellier, membre du MUC et CNKDR","potentialAction":[{"@type":"SearchAction","target":{"@type":"EntryPoint","urlTemplate":"https:\/\/kendomontpellier.fr\/?s={search_term_string}"},"query-input":{"@type":"PropertyValueSpecification","valueRequired":true,"valueName":"search_term_string"}}],"inLanguage":"fr-FR"}]}},"_links":{"self":[{"href":"https:\/\/kendomontpellier.fr\/index.php?rest_route=\/wp\/v2\/pages\/83","targetHints":{"allow":["GET"]}}],"collection":[{"href":"https:\/\/kendomontpellier.fr\/index.php?rest_route=\/wp\/v2\/pages"}],"about":[{"href":"https:\/\/kendomontpellier.fr\/index.php?rest_route=\/wp\/v2\/types\/page"}],"author":[{"embeddable":true,"href":"https:\/\/kendomontpellier.fr\/index.php?rest_route=\/wp\/v2\/users\/1"}],"replies":[{"embeddable":true,"href":"https:\/\/kendomontpellier.fr\/index.php?rest_route=%2Fwp%2Fv2%2Fcomments&post=83"}],"version-history":[{"count":54,"href":"https:\/\/kendomontpellier.fr\/index.php?rest_route=\/wp\/v2\/pages\/83\/revisions"}],"predecessor-version":[{"id":1636,"href":"https:\/\/kendomontpellier.fr\/index.php?rest_route=\/wp\/v2\/pages\/83\/revisions\/1636"}],"up":[{"embeddable":true,"href":"https:\/\/kendomontpellier.fr\/index.php?rest_route=\/wp\/v2\/pages\/81"}],"wp:attachment":[{"href":"https:\/\/kendomontpellier.fr\/index.php?rest_route=%2Fwp%2Fv2%2Fmedia&parent=83"}],"curies":[{"name":"wp","href":"https:\/\/api.w.org\/{rel}","templated":true}]}}