{"id":86,"date":"2021-05-05T18:56:31","date_gmt":"2021-05-05T16:56:31","guid":{"rendered":"http:\/\/kendomontpellier.fr\/?page_id=86"},"modified":"2026-03-11T11:14:53","modified_gmt":"2026-03-11T10:14:53","slug":"evenements-et-stages","status":"publish","type":"page","link":"https:\/\/kendomontpellier.fr\/?page_id=86","title":{"rendered":"Actualit\u00e9s, \u00e9v\u00e8nements et stages"},"content":{"rendered":"<p>[et_pb_section fb_built=\u00a0\u00bb1&Prime; _builder_version=\u00a0\u00bb4.17.4&Prime; _module_preset=\u00a0\u00bbdefault\u00a0\u00bb background_color=\u00a0\u00bb#1f3d70&Prime; custom_padding=\u00a0\u00bb0px||0px|||\u00a0\u00bb global_module=\u00a0\u00bb262&Prime; global_colors_info=\u00a0\u00bb{}\u00a0\u00bb][et_pb_row _builder_version=\u00a0\u00bb4.17.4&Prime; _module_preset=\u00a0\u00bbdefault\u00a0\u00bb custom_padding=\u00a0\u00bb12px||14px|||\u00a0\u00bb global_colors_info=\u00a0\u00bb{}\u00a0\u00bb][et_pb_column type=\u00a0\u00bb4_4&Prime; _builder_version=\u00a0\u00bb4.17.4&Prime; _module_preset=\u00a0\u00bbdefault\u00a0\u00bb global_colors_info=\u00a0\u00bb{}\u00a0\u00bb][et_pb_text _builder_version=\u00a0\u00bb4.17.4&Prime; _module_preset=\u00a0\u00bbdefault\u00a0\u00bb text_text_color=\u00a0\u00bb#F9F9F9&Prime; link_text_color=\u00a0\u00bb#F9F9F9&Prime; global_colors_info=\u00a0\u00bb{}\u00a0\u00bb]<\/p>\n<span><span><a href=\"https:\/\/kendomontpellier.fr\/\">Accueil<\/a><\/span><\/span>\n<p>[\/et_pb_text][\/et_pb_column][\/et_pb_row][\/et_pb_section][et_pb_section fb_built=\u00a0\u00bb1&Prime; _builder_version=\u00a0\u00bb4.17.4&Prime; _module_preset=\u00a0\u00bbdefault\u00a0\u00bb background_color=\u00a0\u00bb#263B82&Prime; custom_padding=\u00a0\u00bb30px||30px||true|false\u00a0\u00bb locked=\u00a0\u00bboff\u00a0\u00bb global_colors_info=\u00a0\u00bb{}\u00a0\u00bb][et_pb_row _builder_version=\u00a0\u00bb4.17.4&Prime; _module_preset=\u00a0\u00bbdefault\u00a0\u00bb global_colors_info=\u00a0\u00bb{}\u00a0\u00bb][et_pb_column type=\u00a0\u00bb4_4&Prime; _builder_version=\u00a0\u00bb4.17.4&Prime; _module_preset=\u00a0\u00bbdefault\u00a0\u00bb global_colors_info=\u00a0\u00bb{}\u00a0\u00bb][et_pb_text _builder_version=\u00a0\u00bb4.17.4&Prime; _dynamic_attributes=\u00a0\u00bbcontent\u00a0\u00bb _module_preset=\u00a0\u00bbdefault\u00a0\u00bb header_font=\u00a0\u00bb|||on|||||\u00a0\u00bb header_text_color=\u00a0\u00bb#FFFFFF\u00a0\u00bb header_font_size=\u00a0\u00bb36px\u00a0\u00bb global_colors_info=\u00a0\u00bb{}\u00a0\u00bb]@ET-DC@eyJkeW5hbWljIjp0cnVlLCJjb250ZW50IjoicG9zdF90aXRsZSIsInNldHRpbmdzIjp7ImJlZm9yZSI6IjxoMT4iLCJhZnRlciI6IjwvaDE+In19@[\/et_pb_text][et_pb_text _builder_version=\u00a0\u00bb4.18.0&Prime; _module_preset=\u00a0\u00bbdefault\u00a0\u00bb text_font_size=\u00a0\u00bb20px\u00a0\u00bb text_line_height=\u00a0\u00bb1.3em\u00a0\u00bb background_layout=\u00a0\u00bbdark\u00a0\u00bb global_colors_info=\u00a0\u00bb{}\u00a0\u00bb]<\/p>\n<p>Les prochains stage de Kendo, ainsi que les derni\u00e8res actualit\u00e9s<\/p>\n<p>[\/et_pb_text][\/et_pb_column][\/et_pb_row][\/et_pb_section][et_pb_section fb_built=\u00a0\u00bb1&Prime; _builder_version=\u00a0\u00bb4.18.0&Prime; _module_preset=\u00a0\u00bbdefault\u00a0\u00bb global_colors_info=\u00a0\u00bb{}\u00a0\u00bb][et_pb_row _builder_version=\u00a0\u00bb4.18.0&Prime; _module_preset=\u00a0\u00bbdefault\u00a0\u00bb global_colors_info=\u00a0\u00bb{}\u00a0\u00bb][et_pb_column type=\u00a0\u00bb4_4&Prime; _builder_version=\u00a0\u00bb4.18.0&Prime; _module_preset=\u00a0\u00bbdefault\u00a0\u00bb global_colors_info=\u00a0\u00bb{}\u00a0\u00bb][et_pb_text _builder_version=\u00a0\u00bb4.18.0&Prime; _module_preset=\u00a0\u00bbdefault\u00a0\u00bb global_colors_info=\u00a0\u00bb{}\u00a0\u00bb]<\/p>\n<h1><\/h1>\n<h1>A vos agendas ! Liste des prochains rendez-vous au club et en r\u00e9gion<\/h1>\n<ul>\n<li>Mercredi 22 septembre 2025: AG du club<\/li>\n<li>Dimanche 28 septembre 2025: Geiko Interclub \u00e0 Montpellier de 10h \u00e0 12h<\/li>\n<li>25\/26 octobre 2025 : Stage r\u00e9gional CRKDR Occitanie \u00e0 Montpellier<\/li>\n<li>10 janvier 2026 : Stage du club avec Allan Soulas<\/li>\n<li>24-25 janvier 2026 : Inter-r\u00e9gions Kendo Nouvelle Aquitaine-Occitanie \u00e0 St-Orens (31)\u00a0<\/li>\n<li>11 avril 2026 : Stage du club avec Thibault de Brunel de Bonneville<\/li>\n<li>Mercredi 17 juin 2026 : Cours de d\u00e9couverte \u00ab\u00a0Viens avec un ami\u00a0\u00bb<\/li>\n<li>Mercredi 24 juin 2026 : Passage de grade Kyu<\/li>\n<\/ul>\n<p>&nbsp;<\/p>\n<p>[\/et_pb_text][\/et_pb_column][\/et_pb_row][\/et_pb_section][et_pb_section fb_built=\u00a0\u00bb1&Prime; _builder_version=\u00a0\u00bb4.18.0&Prime; _module_preset=\u00a0\u00bbdefault\u00a0\u00bb global_colors_info=\u00a0\u00bb{}\u00a0\u00bb][et_pb_row column_structure=\u00a0\u00bb2_3,1_3&Prime; _builder_version=\u00a0\u00bb4.18.0&Prime; _module_preset=\u00a0\u00bbdefault\u00a0\u00bb custom_padding=\u00a0\u00bb0px|||||\u00a0\u00bb global_colors_info=\u00a0\u00bb{}\u00a0\u00bb][et_pb_column type=\u00a0\u00bb2_3&Prime; _builder_version=\u00a0\u00bb4.18.0&Prime; _module_preset=\u00a0\u00bbdefault\u00a0\u00bb global_colors_info=\u00a0\u00bb{}\u00a0\u00bb][et_pb_text _builder_version=\u00a0\u00bb4.18.0&Prime; _module_preset=\u00a0\u00bbdefault\u00a0\u00bb global_colors_info=\u00a0\u00bb{}\u00a0\u00bb]<\/p>\n<h1>Geiko Interclub du dimanche &#8211; 15 f\u00e9vrier 2026<\/h1>\n<p>Le second <em><strong>Geiko Interclub du dimanche<\/strong><\/em> de la saison aura lieu le dimanche ( ! ) 15 f\u00e9vrier 2026 au dojo.<\/p>\n<p><span style=\"text-decoration: underline;\">Horaires :<\/span> de 10h \u00e0 12h, <strong>RdV devant le dojo \u00e0 <span style=\"text-decoration: underline;\">9h30<\/span><\/strong> pour commencer a 10h.<\/p>\n<p>Le geiko est ouvert \u00e0 tous les pratiquants, quel que soit le club, quel que soit le niveau.<\/p>\n<p>Adresse du dojo : <em>3 rue Emile Zola, Gymnase du Lyc\u00e9e la Merci<\/em><\/p>\n<p><span style=\"text-decoration: underline;\"><\/span><\/p>\n<p>Il peut \u00eatre compliqu\u00e9 de se garer \u00e0 proximit\u00e9 du dojo. Il existe le parking souterrain Gambetta, pas tr\u00e8s loin du club (63 Cr Gambetta, cf. plan). Le parking qui \u00e9tait situ\u00e9 aux Arceaux n&rsquo;existe plus. En alternative, le parking souterrain Pitot n&rsquo;est pas tr\u00e8s \u00e9loign\u00e9.<\/p>\n<p>&nbsp;<\/p>\n<p>[\/et_pb_text][\/et_pb_column][et_pb_column type=\u00a0\u00bb1_3&Prime; _builder_version=\u00a0\u00bb4.18.0&Prime; _module_preset=\u00a0\u00bbdefault\u00a0\u00bb global_colors_info=\u00a0\u00bb{}\u00a0\u00bb][et_pb_image src=\u00a0\u00bbhttps:\/\/kendomontpellier.fr\/wp-content\/uploads\/2024\/02\/Geiko.png\u00a0\u00bb title_text=\u00a0\u00bbInterclub-plan\u00a0\u00bb _builder_version=\u00a0\u00bb4.18.0&Prime; _module_preset=\u00a0\u00bbdefault\u00a0\u00bb global_colors_info=\u00a0\u00bb{}\u00a0\u00bb][\/et_pb_image][\/et_pb_column][\/et_pb_row][\/et_pb_section][et_pb_section fb_built=\u00a0\u00bb1&Prime; _builder_version=\u00a0\u00bb4.18.0&Prime; _module_preset=\u00a0\u00bbdefault\u00a0\u00bb global_colors_info=\u00a0\u00bb{}\u00a0\u00bb][et_pb_row column_structure=\u00a0\u00bb1_3,2_3&Prime; _builder_version=\u00a0\u00bb4.18.0&Prime; _module_preset=\u00a0\u00bbdefault\u00a0\u00bb global_colors_info=\u00a0\u00bb{}\u00a0\u00bb][et_pb_column type=\u00a0\u00bb1_3&Prime; _builder_version=\u00a0\u00bb4.18.0&Prime; _module_preset=\u00a0\u00bbdefault\u00a0\u00bb global_colors_info=\u00a0\u00bb{}\u00a0\u00bb][et_pb_image src=\u00a0\u00bbhttps:\/\/kendomontpellier.fr\/wp-content\/uploads\/2025\/10\/photo_serge_2dan.jpg\u00a0\u00bb alt=\u00a0\u00bb2 Dan Serge\u00a0\u00bb title_text=\u00a0\u00bbphoto_serge_2dan\u00a0\u00bb _builder_version=\u00a0\u00bb4.18.0&Prime; _module_preset=\u00a0\u00bbdefault\u00a0\u00bb global_colors_info=\u00a0\u00bb{}\u00a0\u00bb][\/et_pb_image][\/et_pb_column][et_pb_column type=\u00a0\u00bb2_3&Prime; _builder_version=\u00a0\u00bb4.18.0&Prime; _module_preset=\u00a0\u00bbdefault\u00a0\u00bb global_colors_info=\u00a0\u00bb{}\u00a0\u00bb][et_pb_text _builder_version=\u00a0\u00bb4.18.0&Prime; _module_preset=\u00a0\u00bbdefault\u00a0\u00bb global_colors_info=\u00a0\u00bb{}\u00a0\u00bb]<\/p>\n<h1>De nouveaux grad\u00e9s dans le club !<\/h1>\n<p>&nbsp;<\/p>\n<p>Suite au passage de grade organis\u00e9 lors du r\u00e9cent <a href=\"https:\/\/kendomontpellier.fr\/?page_id=1658\">stage (octobre 2025) r\u00e9gional Occitanie-PACA<\/a> qui s&rsquo;est tenu \u00e0 Montpellier, nous avons de nouveaux grad\u00e9s dans le club.<\/p>\n<p>Alexandre Pelloquin et Serge Geaix ont brillament obtenu respectivement leur 4eme Dan et 2eme Dan !<\/p>\n<p>F\u00e9licitations \u00e0 eux pour ce tr\u00e8s beau r\u00e9sultats !<\/p>\n<p>Et un grand bravo \u00e9galement a tous ceux qui ont tent\u00e9 l&rsquo;\u00e9preuve : chaque exp\u00e9rience fait progresser et le prochain passage sera le bon !<\/p>\n<p>&nbsp;<\/p>\n<p>[\/et_pb_text][\/et_pb_column][\/et_pb_row][\/et_pb_section][et_pb_section fb_built=\u00a0\u00bb1&Prime; _builder_version=\u00a0\u00bb4.18.0&Prime; _module_preset=\u00a0\u00bbdefault\u00a0\u00bb global_colors_info=\u00a0\u00bb{}\u00a0\u00bb][et_pb_row column_structure=\u00a0\u00bb2_3,1_3&Prime; _builder_version=\u00a0\u00bb4.18.0&Prime; _module_preset=\u00a0\u00bbdefault\u00a0\u00bb custom_padding=\u00a0\u00bb0px|||||\u00a0\u00bb global_colors_info=\u00a0\u00bb{}\u00a0\u00bb][et_pb_column type=\u00a0\u00bb2_3&Prime; _builder_version=\u00a0\u00bb4.18.0&Prime; _module_preset=\u00a0\u00bbdefault\u00a0\u00bb global_colors_info=\u00a0\u00bb{}\u00a0\u00bb][et_pb_text _builder_version=\u00a0\u00bb4.18.0&Prime; _module_preset=\u00a0\u00bbdefault\u00a0\u00bb global_colors_info=\u00a0\u00bb{}\u00a0\u00bb]<\/p>\n<h1>Geiko Interclub du dimanche &#8211; 28 septembre 2025<\/h1>\n<p>Le premier <em><strong>Geiko Interclub du dimanche<\/strong><\/em> de la saison aura lieu le dimanche ( ! ) 28 septembre 2025 au dojo.<\/p>\n<p><span style=\"text-decoration: underline;\">Horaires :<\/span> de 10h \u00e0 12h, <strong>RdV devant le dojo \u00e0 <span style=\"text-decoration: underline;\">9h30<\/span><\/strong> pour commencer a 10h.<\/p>\n<p>Le geiko est ouvert \u00e0 tous les pratiquants, quel que soit le club, quel que soit le niveau.<\/p>\n<p>Adresse du dojo : <em>3 rue Emile Zola, Gymnase du Lyc\u00e9e la Merci<\/em><\/p>\n<p><span style=\"text-decoration: underline;\"><\/span><\/p>\n<p>Il peut \u00eatre compliqu\u00e9 de se garer \u00e0 proximit\u00e9 du dojo. Il existe le parking souterrain Gambetta, pas tr\u00e8s loin du club (63 Cr Gambetta, cf. plan). Le parking qui \u00e9tait situ\u00e9 aux Arceaux n&rsquo;existe plus. En alternative, le parking souterrain Pitot n&rsquo;est pas tr\u00e8s \u00e9loign\u00e9.<\/p>\n<p>&nbsp;<\/p>\n<p>[\/et_pb_text][\/et_pb_column][et_pb_column type=\u00a0\u00bb1_3&Prime; _builder_version=\u00a0\u00bb4.18.0&Prime; _module_preset=\u00a0\u00bbdefault\u00a0\u00bb global_colors_info=\u00a0\u00bb{}\u00a0\u00bb][et_pb_image src=\u00a0\u00bbhttps:\/\/kendomontpellier.fr\/wp-content\/uploads\/2024\/02\/Geiko.png\u00a0\u00bb title_text=\u00a0\u00bbInterclub-plan\u00a0\u00bb _builder_version=\u00a0\u00bb4.18.0&Prime; _module_preset=\u00a0\u00bbdefault\u00a0\u00bb global_colors_info=\u00a0\u00bb{}\u00a0\u00bb][\/et_pb_image][\/et_pb_column][\/et_pb_row][\/et_pb_section][et_pb_section fb_built=\u00a0\u00bb1&Prime; _builder_version=\u00a0\u00bb4.18.0&Prime; _module_preset=\u00a0\u00bbdefault\u00a0\u00bb global_colors_info=\u00a0\u00bb{}\u00a0\u00bb][et_pb_row column_structure=\u00a0\u00bb1_2,1_2&Prime; _builder_version=\u00a0\u00bb4.18.0&Prime; _module_preset=\u00a0\u00bbdefault\u00a0\u00bb global_colors_info=\u00a0\u00bb{}\u00a0\u00bb][et_pb_column type=\u00a0\u00bb1_2&Prime; _builder_version=\u00a0\u00bb4.18.0&Prime; _module_preset=\u00a0\u00bbdefault\u00a0\u00bb global_colors_info=\u00a0\u00bb{}\u00a0\u00bb][et_pb_image src=\u00a0\u00bbhttps:\/\/kendomontpellier.fr\/wp-content\/uploads\/2023\/11\/news_marie_kendo.jpg\u00a0\u00bb title_text=\u00a0\u00bbnews_marie_kendo\u00a0\u00bb _builder_version=\u00a0\u00bb4.18.0&Prime; _module_preset=\u00a0\u00bbdefault\u00a0\u00bb global_colors_info=\u00a0\u00bb{}\u00a0\u00bb][\/et_pb_image][\/et_pb_column][et_pb_column type=\u00a0\u00bb1_2&Prime; _builder_version=\u00a0\u00bb4.18.0&Prime; _module_preset=\u00a0\u00bbdefault\u00a0\u00bb global_colors_info=\u00a0\u00bb{}\u00a0\u00bb][et_pb_text _builder_version=\u00a0\u00bb4.18.0&Prime; _module_preset=\u00a0\u00bbdefault\u00a0\u00bb global_colors_info=\u00a0\u00bb{}\u00a0\u00bb]<\/p>\n<h1>Notre pr\u00e9sidente re\u00e7oit le troph\u00e9e de la CRKDR<\/h1>\n<p>F\u00e9licitations pour notre pr\u00e9sidente Marie Lheureux, qui a re\u00e7ut le troph\u00e9e de la CRKDR lors de la soir\u00e9e des troph\u00e9e de la ligue Occitanie.<\/p>\n<p><a href=\"https:\/\/occitanie.ffjudo.com\/actualite\/retour-sur-la-soiree-des-trophees-de-la-ligue-occitanie\">https:\/\/occitanie.ffjudo.com\/actualite\/retour-sur-la-soiree-des-trophees-de-la-ligue-occitanie<\/a><\/p>\n<p><em>\u00ab En me remettant ce troph\u00e9e , c\u2019est le club qui est reconnu pour tout ce travail que vous accomplissez chaque ann\u00e9e notamment lors du stage IR Occitanie -PACA de fin octobre.<\/em><br \/><em>Tout le monde reconna\u00eet la bonne organisation et l\u2019importance de ce stage pour nos r\u00e9gions.<\/em><\/p>\n<p><em>J\u2019ai re\u00e7u ce troph\u00e9e avec fiert\u00e9 pour vous. \u00bb<\/em><\/p>\n<p style=\"text-align: right;\">Marie Lheureux &#8211; Montpellier<\/p>\n<p>&nbsp;<\/p>\n<p>[\/et_pb_text][\/et_pb_column][\/et_pb_row][\/et_pb_section][et_pb_section fb_built=\u00a0\u00bb1&Prime; _builder_version=\u00a0\u00bb4.18.0&Prime; _module_preset=\u00a0\u00bbdefault\u00a0\u00bb global_colors_info=\u00a0\u00bb{}\u00a0\u00bb][et_pb_row column_structure=\u00a0\u00bb1_3,1_3,1_3&Prime; _builder_version=\u00a0\u00bb4.18.0&Prime; _module_preset=\u00a0\u00bbdefault\u00a0\u00bb custom_padding=\u00a0\u00bb0px|||||\u00a0\u00bb global_colors_info=\u00a0\u00bb{}\u00a0\u00bb][et_pb_column type=\u00a0\u00bb1_3&Prime; _builder_version=\u00a0\u00bb4.18.0&Prime; _module_preset=\u00a0\u00bbdefault\u00a0\u00bb global_colors_info=\u00a0\u00bb{}\u00a0\u00bb][et_pb_text _builder_version=\u00a0\u00bb4.18.0&Prime; _module_preset=\u00a0\u00bbdefault\u00a0\u00bb global_colors_info=\u00a0\u00bb{}\u00a0\u00bb]<\/p>\n<h1>Geiko Interclub &#8211; 25 mars 2024<\/h1>\n<p>Le premier geiko interclub aura lieu le lundi 25 mars \u00e0 20h au dojo.<\/p>\n<p>Le geiko sera bien entendu suivi par un pot !<\/p>\n<p>Adresse du dojo : <em>3 rue Emile Zola, Gymnase du Lyc\u00e9e la Merci<\/em><\/p>\n<p><span style=\"text-decoration: underline;\">Attention l&rsquo;horaire est inhabituel !<\/span> Rendez-vous devant le dojo<strong> \u00e0 20h<\/strong><\/p>\n<p>Il peut \u00eatre compliqu\u00e9 de se garer \u00e0 proximit\u00e9 du dojo. Il existe le parking souterrain Gambetta, pas tr\u00e8s loin du club (63 Cr Gambetta, cf. plan). Le parking des Arceaux est en travaux.<\/p>\n<p>&nbsp;<\/p>\n<p>[\/et_pb_text][\/et_pb_column][et_pb_column type=\u00a0\u00bb1_3&Prime; _builder_version=\u00a0\u00bb4.18.0&Prime; _module_preset=\u00a0\u00bbdefault\u00a0\u00bb global_colors_info=\u00a0\u00bb{}\u00a0\u00bb][et_pb_image src=\u00a0\u00bbhttps:\/\/kendomontpellier.fr\/wp-content\/uploads\/2024\/02\/Geiko.png\u00a0\u00bb title_text=\u00a0\u00bbInterclub-plan\u00a0\u00bb _builder_version=\u00a0\u00bb4.18.0&Prime; _module_preset=\u00a0\u00bbdefault\u00a0\u00bb global_colors_info=\u00a0\u00bb{}\u00a0\u00bb][\/et_pb_image][\/et_pb_column][et_pb_column type=\u00a0\u00bb1_3&Prime; _builder_version=\u00a0\u00bb4.18.0&Prime; _module_preset=\u00a0\u00bbdefault\u00a0\u00bb global_colors_info=\u00a0\u00bb{}\u00a0\u00bb][et_pb_image src=\u00a0\u00bbhttps:\/\/kendomontpellier.fr\/wp-content\/uploads\/2024\/02\/1000010524.jpg\u00a0\u00bb title_text=\u00a0\u00bbinterclub-bandeau\u00a0\u00bb _builder_version=\u00a0\u00bb4.18.0&Prime; _module_preset=\u00a0\u00bbdefault\u00a0\u00bb global_colors_info=\u00a0\u00bb{}\u00a0\u00bb][\/et_pb_image][\/et_pb_column][\/et_pb_row][\/et_pb_section]<\/p>\n","protected":false},"excerpt":{"rendered":"<p><span><span><a href=\"https:\/\/kendomontpellier.fr\/\">Accueil<\/a><\/span><\/span>Les prochains stage de Kendo, ainsi que les derni\u00e8res actualit\u00e9s A vos agendas ! Liste des prochains rendez-vous au club et en r\u00e9gion Mercredi 22 septembre 2025: AG du club Dimanche 28 septembre 2025: Geiko Interclub \u00e0 Montpellier de 10h \u00e0 12h 25\/26 octobre 2025 : Stage r\u00e9gional CRKDR Occitanie \u00e0 Montpellier 10 janvier 2026 [&hellip;]<\/p>\n","protected":false},"author":1,"featured_media":0,"parent":0,"menu_order":30,"comment_status":"closed","ping_status":"closed","template":"","meta":{"_et_pb_use_builder":"on","_et_pb_old_content":"<!-- wp:divi\/placeholder \/-->","_et_gb_content_width":"","footnotes":""},"class_list":["post-86","page","type-page","status-publish","hentry"],"yoast_head":"<!-- This site is optimized with the Yoast SEO plugin v27.4 - https:\/\/yoast.com\/product\/yoast-seo-wordpress\/ -->\n<title>Actualit\u00e9s, \u00e9v\u00e8nements et stages - Kendo Montpellier Universit\u00e9 Club<\/title>\n<meta name=\"robots\" content=\"index, follow, max-snippet:-1, max-image-preview:large, max-video-preview:-1\" \/>\n<link rel=\"canonical\" href=\"https:\/\/kendomontpellier.fr\/?page_id=86\" \/>\n<meta property=\"og:locale\" content=\"fr_FR\" \/>\n<meta property=\"og:type\" content=\"article\" \/>\n<meta property=\"og:title\" content=\"Actualit\u00e9s, \u00e9v\u00e8nements et stages - Kendo Montpellier Universit\u00e9 Club\" \/>\n<meta property=\"og:description\" content=\"Les prochains stage de Kendo, ainsi que les derni\u00e8res actualit\u00e9s A vos agendas ! Liste des prochains rendez-vous au club et en r\u00e9gion Mercredi 22 septembre 2025: AG du club Dimanche 28 septembre 2025: Geiko Interclub \u00e0 Montpellier de 10h \u00e0 12h 25\/26 octobre 2025 : Stage r\u00e9gional CRKDR Occitanie \u00e0 Montpellier 10 janvier 2026 [&hellip;]\" \/>\n<meta property=\"og:url\" content=\"https:\/\/kendomontpellier.fr\/?page_id=86\" \/>\n<meta property=\"og:site_name\" content=\"Kendo Montpellier Universit\u00e9 Club\" \/>\n<meta property=\"article:modified_time\" content=\"2026-03-11T10:14:53+00:00\" \/>\n<meta name=\"twitter:card\" content=\"summary_large_image\" \/>\n<meta name=\"twitter:label1\" content=\"Dur\u00e9e de lecture estim\u00e9e\" \/>\n\t<meta name=\"twitter:data1\" content=\"2 minutes\" \/>\n<script type=\"application\/ld+json\" class=\"yoast-schema-graph\">{\"@context\":\"https:\\\/\\\/schema.org\",\"@graph\":[{\"@type\":\"WebPage\",\"@id\":\"https:\\\/\\\/kendomontpellier.fr\\\/?page_id=86\",\"url\":\"https:\\\/\\\/kendomontpellier.fr\\\/?page_id=86\",\"name\":\"Actualit\u00e9s, \u00e9v\u00e8nements et stages - Kendo Montpellier Universit\u00e9 Club\",\"isPartOf\":{\"@id\":\"https:\\\/\\\/kendomontpellier.fr\\\/#website\"},\"datePublished\":\"2021-05-05T16:56:31+00:00\",\"dateModified\":\"2026-03-11T10:14:53+00:00\",\"breadcrumb\":{\"@id\":\"https:\\\/\\\/kendomontpellier.fr\\\/?page_id=86#breadcrumb\"},\"inLanguage\":\"fr-FR\",\"potentialAction\":[{\"@type\":\"ReadAction\",\"target\":[\"https:\\\/\\\/kendomontpellier.fr\\\/?page_id=86\"]}]},{\"@type\":\"BreadcrumbList\",\"@id\":\"https:\\\/\\\/kendomontpellier.fr\\\/?page_id=86#breadcrumb\",\"itemListElement\":[{\"@type\":\"ListItem\",\"position\":1,\"name\":\"Accueil\",\"item\":\"https:\\\/\\\/kendomontpellier.fr\\\/\"},{\"@type\":\"ListItem\",\"position\":2,\"name\":\"Actualit\u00e9s, \u00e9v\u00e8nements et stages\"}]},{\"@type\":\"WebSite\",\"@id\":\"https:\\\/\\\/kendomontpellier.fr\\\/#website\",\"url\":\"https:\\\/\\\/kendomontpellier.fr\\\/\",\"name\":\"Kendo Montpellier Universit\u00e9 Club\",\"description\":\"Le club de Kendo de Montpellier, membre du MUC et CNKDR\",\"potentialAction\":[{\"@type\":\"SearchAction\",\"target\":{\"@type\":\"EntryPoint\",\"urlTemplate\":\"https:\\\/\\\/kendomontpellier.fr\\\/?s={search_term_string}\"},\"query-input\":{\"@type\":\"PropertyValueSpecification\",\"valueRequired\":true,\"valueName\":\"search_term_string\"}}],\"inLanguage\":\"fr-FR\"}]}<\/script>\n<!-- \/ Yoast SEO plugin. -->","yoast_head_json":{"title":"Actualit\u00e9s, \u00e9v\u00e8nements et stages - Kendo Montpellier Universit\u00e9 Club","robots":{"index":"index","follow":"follow","max-snippet":"max-snippet:-1","max-image-preview":"max-image-preview:large","max-video-preview":"max-video-preview:-1"},"canonical":"https:\/\/kendomontpellier.fr\/?page_id=86","og_locale":"fr_FR","og_type":"article","og_title":"Actualit\u00e9s, \u00e9v\u00e8nements et stages - Kendo Montpellier Universit\u00e9 Club","og_description":"Les prochains stage de Kendo, ainsi que les derni\u00e8res actualit\u00e9s A vos agendas ! Liste des prochains rendez-vous au club et en r\u00e9gion Mercredi 22 septembre 2025: AG du club Dimanche 28 septembre 2025: Geiko Interclub \u00e0 Montpellier de 10h \u00e0 12h 25\/26 octobre 2025 : Stage r\u00e9gional CRKDR Occitanie \u00e0 Montpellier 10 janvier 2026 [&hellip;]","og_url":"https:\/\/kendomontpellier.fr\/?page_id=86","og_site_name":"Kendo Montpellier Universit\u00e9 Club","article_modified_time":"2026-03-11T10:14:53+00:00","twitter_card":"summary_large_image","twitter_misc":{"Dur\u00e9e de lecture estim\u00e9e":"2 minutes"},"schema":{"@context":"https:\/\/schema.org","@graph":[{"@type":"WebPage","@id":"https:\/\/kendomontpellier.fr\/?page_id=86","url":"https:\/\/kendomontpellier.fr\/?page_id=86","name":"Actualit\u00e9s, \u00e9v\u00e8nements et stages - Kendo Montpellier Universit\u00e9 Club","isPartOf":{"@id":"https:\/\/kendomontpellier.fr\/#website"},"datePublished":"2021-05-05T16:56:31+00:00","dateModified":"2026-03-11T10:14:53+00:00","breadcrumb":{"@id":"https:\/\/kendomontpellier.fr\/?page_id=86#breadcrumb"},"inLanguage":"fr-FR","potentialAction":[{"@type":"ReadAction","target":["https:\/\/kendomontpellier.fr\/?page_id=86"]}]},{"@type":"BreadcrumbList","@id":"https:\/\/kendomontpellier.fr\/?page_id=86#breadcrumb","itemListElement":[{"@type":"ListItem","position":1,"name":"Accueil","item":"https:\/\/kendomontpellier.fr\/"},{"@type":"ListItem","position":2,"name":"Actualit\u00e9s, \u00e9v\u00e8nements et stages"}]},{"@type":"WebSite","@id":"https:\/\/kendomontpellier.fr\/#website","url":"https:\/\/kendomontpellier.fr\/","name":"Kendo Montpellier Universit\u00e9 Club","description":"Le club de Kendo de Montpellier, membre du MUC et CNKDR","potentialAction":[{"@type":"SearchAction","target":{"@type":"EntryPoint","urlTemplate":"https:\/\/kendomontpellier.fr\/?s={search_term_string}"},"query-input":{"@type":"PropertyValueSpecification","valueRequired":true,"valueName":"search_term_string"}}],"inLanguage":"fr-FR"}]}},"_links":{"self":[{"href":"https:\/\/kendomontpellier.fr\/index.php?rest_route=\/wp\/v2\/pages\/86","targetHints":{"allow":["GET"]}}],"collection":[{"href":"https:\/\/kendomontpellier.fr\/index.php?rest_route=\/wp\/v2\/pages"}],"about":[{"href":"https:\/\/kendomontpellier.fr\/index.php?rest_route=\/wp\/v2\/types\/page"}],"author":[{"embeddable":true,"href":"https:\/\/kendomontpellier.fr\/index.php?rest_route=\/wp\/v2\/users\/1"}],"replies":[{"embeddable":true,"href":"https:\/\/kendomontpellier.fr\/index.php?rest_route=%2Fwp%2Fv2%2Fcomments&post=86"}],"version-history":[{"count":37,"href":"https:\/\/kendomontpellier.fr\/index.php?rest_route=\/wp\/v2\/pages\/86\/revisions"}],"predecessor-version":[{"id":1744,"href":"https:\/\/kendomontpellier.fr\/index.php?rest_route=\/wp\/v2\/pages\/86\/revisions\/1744"}],"wp:attachment":[{"href":"https:\/\/kendomontpellier.fr\/index.php?rest_route=%2Fwp%2Fv2%2Fmedia&parent=86"}],"curies":[{"name":"wp","href":"https:\/\/api.w.org\/{rel}","templated":true}]}}